{"id":2018,"date":"2022-09-21T12:12:50","date_gmt":"2022-09-21T12:12:50","guid":{"rendered":"https:\/\/www.sinzerad.com\/?page_id=2018"},"modified":"2025-09-05T14:53:27","modified_gmt":"2025-09-05T14:53:27","slug":"custom-solutions","status":"publish","type":"page","link":"https:\/\/www.sinzerad.com\/es\/servicios\/custom-solutions\/","title":{"rendered":"Custom Solutions"},"content":{"rendered":"\t\t<div data-elementor-type=\"wp-page\" data-elementor-id=\"2018\" class=\"elementor elementor-2018 elementor-4769\" data-elementor-post-type=\"page\">\n\t\t\t\t<div class=\"elementor-element elementor-element-7c1655d e-con-full e-flex e-con e-parent\" data-id=\"7c1655d\" data-element_type=\"container\" data-e-type=\"container\" data-settings=\"{&quot;background_background&quot;:&quot;classic&quot;}\">\n\t\t\t\t<div class=\"elementor-element elementor-element-b19a53a elementor-widget__width-inherit elementor-widget elementor-widget-heading\" data-id=\"b19a53a\" data-element_type=\"widget\" data-e-type=\"widget\" data-widget_type=\"heading.default\">\n\t\t\t\t<div class=\"elementor-widget-container\">\n\t\t\t\t\t<h1 class=\"elementor-heading-title elementor-size-default\">Custom Solutions<\/h1>\t\t\t\t<\/div>\n\t\t\t\t<\/div>\n\t\t\t\t<\/div>\n\t\t<div class=\"elementor-element elementor-element-b508d25 e-flex e-con-boxed elementor-invisible e-con e-parent\" data-id=\"b508d25\" data-element_type=\"container\" data-e-type=\"container\" data-settings=\"{&quot;animation&quot;:&quot;fadeInUp&quot;}\">\n\t\t\t\t\t<div class=\"e-con-inner\">\n\t\t\t\t<div class=\"elementor-element elementor-element-83936e4 elementor-widget elementor-widget-text-editor\" data-id=\"83936e4\" data-element_type=\"widget\" data-e-type=\"widget\" data-widget_type=\"text-editor.default\">\n\t\t\t\t<div class=\"elementor-widget-container\">\n\t\t\t\t\t\t\t\t\t<p><strong>Implementamos soluciones (desarrollo, infraestructura, infraestructura h\u00edbrida, BOT, IA, etc.) dise\u00f1adas espec\u00edficamente para ayudar a tu empresa a ser m\u00e1s valiosa, incorporando nuevas tecnolog\u00edas emergentes que te ayudar\u00e1n a marcar la diferencia empresarial.<\/strong><\/p>\n<p>Desarrollamos proyectos a medida (desarrollo o infraestructura) para solucionar retos de negocio de la manera m\u00e1s eficiente y adaptada a las necesidades de la empresa.<\/p>\n\t\t\t\t\t\t\t\t<\/div>\n\t\t\t\t<\/div>\n\t\t\t\t\t<\/div>\n\t\t\t\t<\/div>\n\t\t<div class=\"elementor-element elementor-element-78a705b e-flex e-con-boxed elementor-invisible e-con e-parent\" data-id=\"78a705b\" data-element_type=\"container\" data-e-type=\"container\" data-settings=\"{&quot;animation&quot;:&quot;fadeInUp&quot;}\">\n\t\t\t\t\t<div class=\"e-con-inner\">\n\t\t<div class=\"elementor-element elementor-element-baee571 e-con-full e-flex e-con e-child\" data-id=\"baee571\" data-element_type=\"container\" data-e-type=\"container\">\n\t\t\t\t<div class=\"elementor-element elementor-element-ed17b76 elementor-widget elementor-widget-image\" data-id=\"ed17b76\" data-element_type=\"widget\" data-e-type=\"widget\" data-widget_type=\"image.default\">\n\t\t\t\t<div class=\"elementor-widget-container\">\n\t\t\t\t\t\t\t\t\t\t\t\t\t\t\t<img fetchpriority=\"high\" decoding=\"async\" width=\"800\" height=\"601\" src=\"https:\/\/www.sinzerad.com\/wp-content\/uploads\/2022\/10\/costum_solutions_web_app-1024x769.webp\" class=\"attachment-large size-large wp-image-2767\" alt=\"\" srcset=\"https:\/\/www.sinzerad.com\/wp-content\/uploads\/2022\/10\/costum_solutions_web_app-1024x769.webp 1024w, https:\/\/www.sinzerad.com\/wp-content\/uploads\/2022\/10\/costum_solutions_web_app-300x225.webp 300w, https:\/\/www.sinzerad.com\/wp-content\/uploads\/2022\/10\/costum_solutions_web_app-768x577.webp 768w, https:\/\/www.sinzerad.com\/wp-content\/uploads\/2022\/10\/costum_solutions_web_app-1536x1154.webp 1536w, https:\/\/www.sinzerad.com\/wp-content\/uploads\/2022\/10\/costum_solutions_web_app.webp 1730w\" sizes=\"(max-width: 800px) 100vw, 800px\" title=\"\">\t\t\t\t\t\t\t\t\t\t\t\t\t\t\t<\/div>\n\t\t\t\t<\/div>\n\t\t\t\t<\/div>\n\t\t<div class=\"elementor-element elementor-element-c2193a5 e-con-full e-flex e-con e-child\" data-id=\"c2193a5\" data-element_type=\"container\" data-e-type=\"container\">\n\t\t\t\t<div class=\"elementor-element elementor-element-9eaa341 elementor-widget elementor-widget-heading\" data-id=\"9eaa341\" data-element_type=\"widget\" data-e-type=\"widget\" data-widget_type=\"heading.default\">\n\t\t\t\t<div class=\"elementor-widget-container\">\n\t\t\t\t\t<h2 class=\"elementor-heading-title elementor-size-default\">Web application development<\/h2>\t\t\t\t<\/div>\n\t\t\t\t<\/div>\n\t\t\t\t<div class=\"elementor-element elementor-element-7fcbb44 elementor-widget elementor-widget-text-editor\" data-id=\"7fcbb44\" data-element_type=\"widget\" data-e-type=\"widget\" data-widget_type=\"text-editor.default\">\n\t\t\t\t<div class=\"elementor-widget-container\">\n\t\t\t\t\t\t\t\t\t<p><strong>A trav\u00e9s de las diferentes herramientas que ofrece Microsoft desarrollamos aplicaciones web a medida para empresas que requieren cubrir estas necesidades que no se encuentran en productos de mercado.<\/strong><\/p>\n<p>Beneficios que aportan:<\/p>\n<ul>\n<li>Las aplicaciones web funcionan en m\u00faltiples plataformas independientemente del sistema operativo o dispositivo siempre que el navegador sea compatible.<\/li>\n<li>Reducci\u00f3n de costes ya que requieren menos soporte, mantenimiento y recursos.<\/li>\n<li>Escalabilidad.<\/li>\n<\/ul>\n\t\t\t\t\t\t\t\t<\/div>\n\t\t\t\t<\/div>\n\t\t\t\t<\/div>\n\t\t\t\t\t<\/div>\n\t\t\t\t<\/div>\n\t\t<div class=\"elementor-element elementor-element-e5cff8a e-flex e-con-boxed elementor-invisible e-con e-parent\" data-id=\"e5cff8a\" data-element_type=\"container\" data-e-type=\"container\" data-settings=\"{&quot;background_background&quot;:&quot;classic&quot;,&quot;animation&quot;:&quot;fadeInUp&quot;}\">\n\t\t\t\t\t<div class=\"e-con-inner\">\n\t\t<div class=\"elementor-element elementor-element-a3e25bf e-con-full e-flex e-con e-child\" data-id=\"a3e25bf\" data-element_type=\"container\" data-e-type=\"container\">\n\t\t\t\t<div class=\"elementor-element elementor-element-184e64b elementor-widget elementor-widget-heading\" data-id=\"184e64b\" data-element_type=\"widget\" data-e-type=\"widget\" data-widget_type=\"heading.default\">\n\t\t\t\t<div class=\"elementor-widget-container\">\n\t\t\t\t\t<h2 class=\"elementor-heading-title elementor-size-default\">Mobile app development<\/h2>\t\t\t\t<\/div>\n\t\t\t\t<\/div>\n\t\t\t\t<div class=\"elementor-element elementor-element-d965d0c elementor-widget elementor-widget-text-editor\" data-id=\"d965d0c\" data-element_type=\"widget\" data-e-type=\"widget\" data-widget_type=\"text-editor.default\">\n\t\t\t\t<div class=\"elementor-widget-container\">\n\t\t\t\t\t\t\t\t\t<p>Ofrecemos una amplia gama de servicios de desarrollo de aplicaciones m\u00f3viles, que incluyen el desarrollo de aplicaciones nativas para iOS y Android, aplicaciones web m\u00f3viles y aplicaciones h\u00edbridas. <strong>Nos aseguramos de que nuestras aplicaciones sean r\u00e1pidas, intuitivas, f\u00e1ciles de usar y est\u00e9n optimizadas para un rendimiento excepcional.<\/strong><\/p>\n\t\t\t\t\t\t\t\t<\/div>\n\t\t\t\t<\/div>\n\t\t\t\t<\/div>\n\t\t<div class=\"elementor-element elementor-element-bd1d8ef e-con-full e-flex e-con e-child\" data-id=\"bd1d8ef\" data-element_type=\"container\" data-e-type=\"container\">\n\t\t\t\t<div class=\"elementor-element elementor-element-f032027 elementor-widget elementor-widget-image\" data-id=\"f032027\" data-element_type=\"widget\" data-e-type=\"widget\" data-widget_type=\"image.default\">\n\t\t\t\t<div class=\"elementor-widget-container\">\n\t\t\t\t\t\t\t\t\t\t\t\t\t\t\t<img decoding=\"async\" width=\"800\" height=\"605\" src=\"https:\/\/www.sinzerad.com\/wp-content\/uploads\/2022\/10\/costum_solutions_app-1024x775.webp\" class=\"attachment-large size-large wp-image-2787\" alt=\"\" srcset=\"https:\/\/www.sinzerad.com\/wp-content\/uploads\/2022\/10\/costum_solutions_app-1024x775.webp 1024w, https:\/\/www.sinzerad.com\/wp-content\/uploads\/2022\/10\/costum_solutions_app-300x227.webp 300w, https:\/\/www.sinzerad.com\/wp-content\/uploads\/2022\/10\/costum_solutions_app-768x581.webp 768w, https:\/\/www.sinzerad.com\/wp-content\/uploads\/2022\/10\/costum_solutions_app-1536x1162.webp 1536w, https:\/\/www.sinzerad.com\/wp-content\/uploads\/2022\/10\/costum_solutions_app.webp 1720w\" sizes=\"(max-width: 800px) 100vw, 800px\" title=\"\">\t\t\t\t\t\t\t\t\t\t\t\t\t\t\t<\/div>\n\t\t\t\t<\/div>\n\t\t\t\t<\/div>\n\t\t\t\t\t<\/div>\n\t\t\t\t<\/div>\n\t\t<div class=\"elementor-element elementor-element-df23427 e-flex e-con-boxed elementor-invisible e-con e-parent\" data-id=\"df23427\" data-element_type=\"container\" data-e-type=\"container\" data-settings=\"{&quot;animation&quot;:&quot;fadeInUp&quot;}\">\n\t\t\t\t\t<div class=\"e-con-inner\">\n\t\t<div class=\"elementor-element elementor-element-9cf3e6a e-con-full e-flex e-con e-child\" data-id=\"9cf3e6a\" data-element_type=\"container\" data-e-type=\"container\">\n\t\t\t\t<div class=\"elementor-element elementor-element-0d4234a elementor-widget elementor-widget-image\" data-id=\"0d4234a\" data-element_type=\"widget\" data-e-type=\"widget\" data-widget_type=\"image.default\">\n\t\t\t\t<div class=\"elementor-widget-container\">\n\t\t\t\t\t\t\t\t\t\t\t\t\t\t\t<img decoding=\"async\" width=\"800\" height=\"605\" src=\"https:\/\/www.sinzerad.com\/wp-content\/uploads\/2022\/10\/costum_solutions_infraestrutuctura-1024x774.webp\" class=\"attachment-large size-large wp-image-2771\" alt=\"\" srcset=\"https:\/\/www.sinzerad.com\/wp-content\/uploads\/2022\/10\/costum_solutions_infraestrutuctura-1024x774.webp 1024w, https:\/\/www.sinzerad.com\/wp-content\/uploads\/2022\/10\/costum_solutions_infraestrutuctura-300x227.webp 300w, https:\/\/www.sinzerad.com\/wp-content\/uploads\/2022\/10\/costum_solutions_infraestrutuctura-768x580.webp 768w, https:\/\/www.sinzerad.com\/wp-content\/uploads\/2022\/10\/costum_solutions_infraestrutuctura-1536x1161.webp 1536w, https:\/\/www.sinzerad.com\/wp-content\/uploads\/2022\/10\/costum_solutions_infraestrutuctura.webp 1720w\" sizes=\"(max-width: 800px) 100vw, 800px\" title=\"\">\t\t\t\t\t\t\t\t\t\t\t\t\t\t\t<\/div>\n\t\t\t\t<\/div>\n\t\t\t\t<\/div>\n\t\t<div class=\"elementor-element elementor-element-22bc70e e-con-full e-flex e-con e-child\" data-id=\"22bc70e\" data-element_type=\"container\" data-e-type=\"container\">\n\t\t\t\t<div class=\"elementor-element elementor-element-43ede15 elementor-widget elementor-widget-heading\" data-id=\"43ede15\" data-element_type=\"widget\" data-e-type=\"widget\" data-widget_type=\"heading.default\">\n\t\t\t\t<div class=\"elementor-widget-container\">\n\t\t\t\t\t<h2 class=\"elementor-heading-title elementor-size-default\">Projectes d'infraestructura<\/h2>\t\t\t\t<\/div>\n\t\t\t\t<\/div>\n\t\t\t\t<div class=\"elementor-element elementor-element-44e8044 elementor-widget elementor-widget-text-editor\" data-id=\"44e8044\" data-element_type=\"widget\" data-e-type=\"widget\" data-widget_type=\"text-editor.default\">\n\t\t\t\t<div class=\"elementor-widget-container\">\n\t\t\t\t\t\t\t\t\t<p>Ofrecemos una amplia gama de servicios de infraestructura, que incluyen <strong>dise\u00f1o de redes, implementaci\u00f3n de servidores, configuraci\u00f3n de software y hardware, servicios de almacenamiento y seguridad de red.<\/strong> Adem\u00e1s, ofrecemos servicios de consultor\u00eda para ayudar a nuestros clientes a identificar las mejores soluciones para sus necesidades de infraestructura.<\/p>\n\t\t\t\t\t\t\t\t<\/div>\n\t\t\t\t<\/div>\n\t\t\t\t<\/div>\n\t\t\t\t\t<\/div>\n\t\t\t\t<\/div>\n\t\t<div class=\"elementor-element elementor-element-b9d40ae e-flex e-con-boxed elementor-invisible e-con e-parent\" data-id=\"b9d40ae\" data-element_type=\"container\" data-e-type=\"container\" data-settings=\"{&quot;animation&quot;:&quot;fadeInUp&quot;}\">\n\t\t\t\t\t<div class=\"e-con-inner\">\n\t\t\t\t<div class=\"elementor-element elementor-element-802c6ef elementor-widget__width-inherit elementor-widget elementor-widget-heading\" data-id=\"802c6ef\" data-element_type=\"widget\" data-e-type=\"widget\" data-widget_type=\"heading.default\">\n\t\t\t\t<div class=\"elementor-widget-container\">\n\t\t\t\t\t<h2 class=\"elementor-heading-title elementor-size-default\">FAQs<\/h2>\t\t\t\t<\/div>\n\t\t\t\t<\/div>\n\t\t\t\t<div class=\"elementor-element elementor-element-729e22f elementor-widget elementor-widget-accordion\" data-id=\"729e22f\" data-element_type=\"widget\" data-e-type=\"widget\" data-widget_type=\"accordion.default\">\n\t\t\t\t<div class=\"elementor-widget-container\">\n\t\t\t\t\t\t\t<div class=\"elementor-accordion\">\n\t\t\t\t\t\t\t<div class=\"elementor-accordion-item\">\n\t\t\t\t\t<div id=\"elementor-tab-title-1201\" class=\"elementor-tab-title\" data-tab=\"1\" role=\"button\" aria-controls=\"elementor-tab-content-1201\" aria-expanded=\"false\">\n\t\t\t\t\t\t\t\t\t\t\t\t\t<span class=\"elementor-accordion-icon elementor-accordion-icon-left\" aria-hidden=\"true\">\n\t\t\t\t\t\t\t\t\t\t\t\t\t\t\t<span class=\"elementor-accordion-icon-closed\"><svg class=\"e-font-icon-svg e-fas-plus\" viewBox=\"0 0 448 512\" xmlns=\"http:\/\/www.w3.org\/2000\/svg\"><path d=\"M416 208H272V64c0-17.67-14.33-32-32-32h-32c-17.67 0-32 14.33-32 32v144H32c-17.67 0-32 14.33-32 32v32c0 17.67 14.33 32 32 32h144v144c0 17.67 14.33 32 32 32h32c17.67 0 32-14.33 32-32V304h144c17.67 0 32-14.33 32-32v-32c0-17.67-14.33-32-32-32z\"><\/path><\/svg><\/span>\n\t\t\t\t\t\t\t\t<span class=\"elementor-accordion-icon-opened\"><svg class=\"e-font-icon-svg e-fas-minus\" viewBox=\"0 0 448 512\" xmlns=\"http:\/\/www.w3.org\/2000\/svg\"><path d=\"M416 208H32c-17.67 0-32 14.33-32 32v32c0 17.67 14.33 32 32 32h384c17.67 0 32-14.33 32-32v-32c0-17.67-14.33-32-32-32z\"><\/path><\/svg><\/span>\n\t\t\t\t\t\t\t\t\t\t\t\t\t\t<\/span>\n\t\t\t\t\t\t\t\t\t\t\t\t<a class=\"elementor-accordion-title\" tabindex=\"0\">\u00bfQu\u00e9 son las soluciones personalizadas y cu\u00e1l es el beneficio para mi negocio?<\/a>\n\t\t\t\t\t<\/div>\n\t\t\t\t\t<div id=\"elementor-tab-content-1201\" class=\"elementor-tab-content elementor-clearfix\" data-tab=\"1\" role=\"region\" aria-labelledby=\"elementor-tab-title-1201\"><p>Las soluciones personalizadas son aplicaciones y sistemas dise\u00f1ados y desarrollados espec\u00edficamente para satisfacer las necesidades \u00fanicas de tu negocio. El beneficio principal es que estas soluciones pueden optimizar procesos y aumentar la eficiencia en las operaciones comerciales.  <\/p>\n<\/div>\n\t\t\t\t<\/div>\n\t\t\t\t\t\t\t<div class=\"elementor-accordion-item\">\n\t\t\t\t\t<div id=\"elementor-tab-title-1202\" class=\"elementor-tab-title\" data-tab=\"2\" role=\"button\" aria-controls=\"elementor-tab-content-1202\" aria-expanded=\"false\">\n\t\t\t\t\t\t\t\t\t\t\t\t\t<span class=\"elementor-accordion-icon elementor-accordion-icon-left\" aria-hidden=\"true\">\n\t\t\t\t\t\t\t\t\t\t\t\t\t\t\t<span class=\"elementor-accordion-icon-closed\"><svg class=\"e-font-icon-svg e-fas-plus\" viewBox=\"0 0 448 512\" xmlns=\"http:\/\/www.w3.org\/2000\/svg\"><path d=\"M416 208H272V64c0-17.67-14.33-32-32-32h-32c-17.67 0-32 14.33-32 32v144H32c-17.67 0-32 14.33-32 32v32c0 17.67 14.33 32 32 32h144v144c0 17.67 14.33 32 32 32h32c17.67 0 32-14.33 32-32V304h144c17.67 0 32-14.33 32-32v-32c0-17.67-14.33-32-32-32z\"><\/path><\/svg><\/span>\n\t\t\t\t\t\t\t\t<span class=\"elementor-accordion-icon-opened\"><svg class=\"e-font-icon-svg e-fas-minus\" viewBox=\"0 0 448 512\" xmlns=\"http:\/\/www.w3.org\/2000\/svg\"><path d=\"M416 208H32c-17.67 0-32 14.33-32 32v32c0 17.67 14.33 32 32 32h384c17.67 0 32-14.33 32-32v-32c0-17.67-14.33-32-32-32z\"><\/path><\/svg><\/span>\n\t\t\t\t\t\t\t\t\t\t\t\t\t\t<\/span>\n\t\t\t\t\t\t\t\t\t\t\t\t<a class=\"elementor-accordion-title\" tabindex=\"0\">\u00bfC\u00f3mo puedo determinar si mi negocio necesita una soluci\u00f3n personalizada?<\/a>\n\t\t\t\t\t<\/div>\n\t\t\t\t\t<div id=\"elementor-tab-content-1202\" class=\"elementor-tab-content elementor-clearfix\" data-tab=\"2\" role=\"region\" aria-labelledby=\"elementor-tab-title-1202\"><p>Debes evaluar si las soluciones disponibles en el mercado pueden satisfacer tus necesidades empresariales espec\u00edficas. Si no es as\u00ed, entonces podr\u00eda ser necesario invertir en una soluci\u00f3n personalizada para satisfacer los requisitos \u00fanicos.  <\/p>\n<\/div>\n\t\t\t\t<\/div>\n\t\t\t\t\t\t\t<div class=\"elementor-accordion-item\">\n\t\t\t\t\t<div id=\"elementor-tab-title-1203\" class=\"elementor-tab-title\" data-tab=\"3\" role=\"button\" aria-controls=\"elementor-tab-content-1203\" aria-expanded=\"false\">\n\t\t\t\t\t\t\t\t\t\t\t\t\t<span class=\"elementor-accordion-icon elementor-accordion-icon-left\" aria-hidden=\"true\">\n\t\t\t\t\t\t\t\t\t\t\t\t\t\t\t<span class=\"elementor-accordion-icon-closed\"><svg class=\"e-font-icon-svg e-fas-plus\" viewBox=\"0 0 448 512\" xmlns=\"http:\/\/www.w3.org\/2000\/svg\"><path d=\"M416 208H272V64c0-17.67-14.33-32-32-32h-32c-17.67 0-32 14.33-32 32v144H32c-17.67 0-32 14.33-32 32v32c0 17.67 14.33 32 32 32h144v144c0 17.67 14.33 32 32 32h32c17.67 0 32-14.33 32-32V304h144c17.67 0 32-14.33 32-32v-32c0-17.67-14.33-32-32-32z\"><\/path><\/svg><\/span>\n\t\t\t\t\t\t\t\t<span class=\"elementor-accordion-icon-opened\"><svg class=\"e-font-icon-svg e-fas-minus\" viewBox=\"0 0 448 512\" xmlns=\"http:\/\/www.w3.org\/2000\/svg\"><path d=\"M416 208H32c-17.67 0-32 14.33-32 32v32c0 17.67 14.33 32 32 32h384c17.67 0 32-14.33 32-32v-32c0-17.67-14.33-32-32-32z\"><\/path><\/svg><\/span>\n\t\t\t\t\t\t\t\t\t\t\t\t\t\t<\/span>\n\t\t\t\t\t\t\t\t\t\t\t\t<a class=\"elementor-accordion-title\" tabindex=\"0\">\u00bfCu\u00e1nto tiempo lleva desarrollar una soluci\u00f3n personalizada y cu\u00e1nto cuesta?<\/a>\n\t\t\t\t\t<\/div>\n\t\t\t\t\t<div id=\"elementor-tab-content-1203\" class=\"elementor-tab-content elementor-clearfix\" data-tab=\"3\" role=\"region\" aria-labelledby=\"elementor-tab-title-1203\"><p>El tiempo y el coste pueden variar seg\u00fan el alcance y la complejidad de la soluci\u00f3n. Un equipo de desarrolladores experimentados puede ofrecer una estimaci\u00f3n de tiempo y coste despu\u00e9s de una evaluaci\u00f3n inicial de los requisitos del proyecto.  <\/p>\n<\/div>\n\t\t\t\t<\/div>\n\t\t\t\t\t\t\t<div class=\"elementor-accordion-item\">\n\t\t\t\t\t<div id=\"elementor-tab-title-1204\" class=\"elementor-tab-title\" data-tab=\"4\" role=\"button\" aria-controls=\"elementor-tab-content-1204\" aria-expanded=\"false\">\n\t\t\t\t\t\t\t\t\t\t\t\t\t<span class=\"elementor-accordion-icon elementor-accordion-icon-left\" aria-hidden=\"true\">\n\t\t\t\t\t\t\t\t\t\t\t\t\t\t\t<span class=\"elementor-accordion-icon-closed\"><svg class=\"e-font-icon-svg e-fas-plus\" viewBox=\"0 0 448 512\" xmlns=\"http:\/\/www.w3.org\/2000\/svg\"><path d=\"M416 208H272V64c0-17.67-14.33-32-32-32h-32c-17.67 0-32 14.33-32 32v144H32c-17.67 0-32 14.33-32 32v32c0 17.67 14.33 32 32 32h144v144c0 17.67 14.33 32 32 32h32c17.67 0 32-14.33 32-32V304h144c17.67 0 32-14.33 32-32v-32c0-17.67-14.33-32-32-32z\"><\/path><\/svg><\/span>\n\t\t\t\t\t\t\t\t<span class=\"elementor-accordion-icon-opened\"><svg class=\"e-font-icon-svg e-fas-minus\" viewBox=\"0 0 448 512\" xmlns=\"http:\/\/www.w3.org\/2000\/svg\"><path d=\"M416 208H32c-17.67 0-32 14.33-32 32v32c0 17.67 14.33 32 32 32h384c17.67 0 32-14.33 32-32v-32c0-17.67-14.33-32-32-32z\"><\/path><\/svg><\/span>\n\t\t\t\t\t\t\t\t\t\t\t\t\t\t<\/span>\n\t\t\t\t\t\t\t\t\t\t\t\t<a class=\"elementor-accordion-title\" tabindex=\"0\">\u00bfC\u00f3mo puedo asegurarme que la soluci\u00f3n personalizada sea segura y fiable?<\/a>\n\t\t\t\t\t<\/div>\n\t\t\t\t\t<div id=\"elementor-tab-content-1204\" class=\"elementor-tab-content elementor-clearfix\" data-tab=\"4\" role=\"region\" aria-labelledby=\"elementor-tab-title-1204\"><p>Para garantizar la seguridad y la confianza de una soluci\u00f3n personalizada, debes trabajar con un equipo de desarrollo experimentado que tenga conocimientos en las \u00faltimas tecnolog\u00edas y pr\u00e1cticas de seguridad. Adem\u00e1s, es importante realizar pruebas de calidad y seguridad antes del lanzamiento de la soluci\u00f3n en producci\u00f3n.  <\/p>\n<\/div>\n\t\t\t\t<\/div>\n\t\t\t\t\t\t\t\t<\/div>\n\t\t\t\t\t\t<\/div>\n\t\t\t\t<\/div>\n\t\t\t\t\t<\/div>\n\t\t\t\t<\/div>\n\t\t\t\t<\/div>\n\t\t","protected":false},"excerpt":{"rendered":"<p>Custom Solutions Implementamos soluciones (desarrollo, infraestructura, infraestructura h\u00edbrida, BOT, IA, etc.) dise\u00f1adas espec\u00edficamente para ayudar a tu empresa a ser m\u00e1s valiosa, incorporando nuevas tecnolog\u00edas emergentes que te ayudar\u00e1n a marcar la diferencia empresarial. Desarrollamos proyectos a medida (desarrollo o infraestructura) para solucionar retos de negocio de la manera m\u00e1s eficiente y adaptada a las [&hellip;]<\/p>\n","protected":false},"author":3,"featured_media":0,"parent":18328,"menu_order":0,"comment_status":"closed","ping_status":"closed","template":"elementor_header_footer","meta":{"_acf_changed":false,"footnotes":""},"class_list":["post-2018","page","type-page","status-publish","hentry"],"acf":[],"_links":{"self":[{"href":"https:\/\/www.sinzerad.com\/es\/wp-json\/wp\/v2\/pages\/2018","targetHints":{"allow":["GET"]}}],"collection":[{"href":"https:\/\/www.sinzerad.com\/es\/wp-json\/wp\/v2\/pages"}],"about":[{"href":"https:\/\/www.sinzerad.com\/es\/wp-json\/wp\/v2\/types\/page"}],"author":[{"embeddable":true,"href":"https:\/\/www.sinzerad.com\/es\/wp-json\/wp\/v2\/users\/3"}],"replies":[{"embeddable":true,"href":"https:\/\/www.sinzerad.com\/es\/wp-json\/wp\/v2\/comments?post=2018"}],"version-history":[{"count":0,"href":"https:\/\/www.sinzerad.com\/es\/wp-json\/wp\/v2\/pages\/2018\/revisions"}],"up":[{"embeddable":true,"href":"https:\/\/www.sinzerad.com\/es\/wp-json\/wp\/v2\/pages\/18328"}],"wp:attachment":[{"href":"https:\/\/www.sinzerad.com\/es\/wp-json\/wp\/v2\/media?parent=2018"}],"curies":[{"name":"wp","href":"https:\/\/api.w.org\/{rel}","templated":true}]}}