{"id":2028,"date":"2022-09-21T12:35:40","date_gmt":"2022-09-21T12:35:40","guid":{"rendered":"https:\/\/www.sinzerad.com\/?page_id=2028"},"modified":"2025-09-05T15:04:49","modified_gmt":"2025-09-05T15:04:49","slug":"managed-services-e-infraestructura","status":"publish","type":"page","link":"https:\/\/www.sinzerad.com\/es\/servicios\/managed-services-e-infraestructura\/","title":{"rendered":"Managed Services &amp; Gesti\u00f3n de la Infraestructura"},"content":{"rendered":"\t\t<div data-elementor-type=\"wp-page\" data-elementor-id=\"2028\" class=\"elementor elementor-2028 elementor-4815\" data-elementor-post-type=\"page\">\n\t\t\t\t<div class=\"elementor-element elementor-element-c1521dc e-con-full e-flex e-con e-parent\" data-id=\"c1521dc\" data-element_type=\"container\" data-e-type=\"container\" data-settings=\"{&quot;background_background&quot;:&quot;classic&quot;}\">\n\t\t\t\t<div class=\"elementor-element elementor-element-fb992ae elementor-widget__width-inherit elementor-widget elementor-widget-heading\" data-id=\"fb992ae\" data-element_type=\"widget\" data-e-type=\"widget\" data-widget_type=\"heading.default\">\n\t\t\t\t<div class=\"elementor-widget-container\">\n\t\t\t\t\t<h1 class=\"elementor-heading-title elementor-size-default\">Managed Services &amp; Gesti\u00f3n de la Infraestructura<\/h1>\t\t\t\t<\/div>\n\t\t\t\t<\/div>\n\t\t\t\t<\/div>\n\t\t<div class=\"elementor-element elementor-element-4a0909d e-flex e-con-boxed elementor-invisible e-con e-parent\" data-id=\"4a0909d\" data-element_type=\"container\" data-e-type=\"container\" data-settings=\"{&quot;animation&quot;:&quot;fadeInUp&quot;}\">\n\t\t\t\t\t<div class=\"e-con-inner\">\n\t\t\t\t<div class=\"elementor-element elementor-element-b1ad854 elementor-widget elementor-widget-text-editor\" data-id=\"b1ad854\" data-element_type=\"widget\" data-e-type=\"widget\" data-widget_type=\"text-editor.default\">\n\t\t\t\t<div class=\"elementor-widget-container\">\n\t\t\t\t\t\t\t\t\t<p><strong>Nos ocupamos de la gesti\u00f3n de tu infraestructura y redes (f\u00edsicas, h\u00edbridas o en la nube) y gestionamos tus aplicaciones para que puedas centrarte en lo que realmente aporta valor a tu negocio.<\/strong><\/p>\n<p>Despreoc\u00fapate de la tecnolog\u00eda para centrarte en el negocio. Deja que nos ocupemos de tu infraestructura (servidores, redes, telefon\u00eda IP). Nos encargamos de que est\u00e9n al d\u00eda y funcionen de manera \u00f3ptima para que puedas centrarte en lo que realmente aporta valor.   <\/p>\t\t\t\t\t\t\t\t<\/div>\n\t\t\t\t<\/div>\n\t\t\t\t\t<\/div>\n\t\t\t\t<\/div>\n\t\t<div class=\"elementor-element elementor-element-edde3a1 e-flex e-con-boxed elementor-invisible e-con e-parent\" data-id=\"edde3a1\" data-element_type=\"container\" data-e-type=\"container\" data-settings=\"{&quot;animation&quot;:&quot;fadeInUp&quot;}\">\n\t\t\t\t\t<div class=\"e-con-inner\">\n\t\t<div class=\"elementor-element elementor-element-e15cf22 e-con-full e-flex e-con e-child\" data-id=\"e15cf22\" data-element_type=\"container\" data-e-type=\"container\">\n\t\t\t\t<div class=\"elementor-element elementor-element-f76c91f elementor-widget elementor-widget-image\" data-id=\"f76c91f\" data-element_type=\"widget\" data-e-type=\"widget\" data-widget_type=\"image.default\">\n\t\t\t\t<div class=\"elementor-widget-container\">\n\t\t\t\t\t\t\t\t\t\t\t\t\t\t\t<img fetchpriority=\"high\" decoding=\"async\" width=\"800\" height=\"603\" src=\"https:\/\/www.sinzerad.com\/wp-content\/uploads\/2024\/04\/managed_services_it-1024x772.webp\" class=\"attachment-large size-large wp-image-12411\" alt=\"\" srcset=\"https:\/\/www.sinzerad.com\/wp-content\/uploads\/2024\/04\/managed_services_it-1024x772.webp 1024w, https:\/\/www.sinzerad.com\/wp-content\/uploads\/2024\/04\/managed_services_it-300x226.webp 300w, https:\/\/www.sinzerad.com\/wp-content\/uploads\/2024\/04\/managed_services_it-768x579.webp 768w, https:\/\/www.sinzerad.com\/wp-content\/uploads\/2024\/04\/managed_services_it-1536x1157.webp 1536w, https:\/\/www.sinzerad.com\/wp-content\/uploads\/2024\/04\/managed_services_it.webp 1728w\" sizes=\"(max-width: 800px) 100vw, 800px\" title=\"\">\t\t\t\t\t\t\t\t\t\t\t\t\t\t\t<\/div>\n\t\t\t\t<\/div>\n\t\t\t\t<\/div>\n\t\t<div class=\"elementor-element elementor-element-b5cff94 e-con-full e-flex e-con e-child\" data-id=\"b5cff94\" data-element_type=\"container\" data-e-type=\"container\">\n\t\t\t\t<div class=\"elementor-element elementor-element-e4d1440 elementor-widget elementor-widget-heading\" data-id=\"e4d1440\" data-element_type=\"widget\" data-e-type=\"widget\" data-widget_type=\"heading.default\">\n\t\t\t\t<div class=\"elementor-widget-container\">\n\t\t\t\t\t<h2 class=\"elementor-heading-title elementor-size-default\">Managed Services &amp; Gesti\u00f3 de la Infraestructura<\/h2>\t\t\t\t<\/div>\n\t\t\t\t<\/div>\n\t\t\t\t<div class=\"elementor-element elementor-element-08bd6ab elementor-widget elementor-widget-text-editor\" data-id=\"08bd6ab\" data-element_type=\"widget\" data-e-type=\"widget\" data-widget_type=\"text-editor.default\">\n\t\t\t\t<div class=\"elementor-widget-container\">\n\t\t\t\t\t\t\t\t\t<p>Cada d\u00eda la gesti\u00f3n de los sistemas de la informaci\u00f3n es m\u00e1s compleja, la tecnolog\u00eda evoluciona a una velocidad que implica estar permanentemente formado, por eso muchas organizaciones prefieren externalizar la gesti\u00f3n de la infraestructura tecnol\u00f3gica. <strong>SinzerAD ofrece a sus clientes la gesti\u00f3n de sus Sistemas de la Informaci\u00f3n en On-Prem, H\u00edbrida y la nube.<\/strong><\/p>\n<ul>\n<li>Nos ocupamos de que las infraestructuras IT est\u00e9n operativas mediante monitorizaci\u00f3n, notificaci\u00f3n, mantenimiento preventivo y ejecuci\u00f3n de acciones en caso de fallo.<\/li>\n<li>Actualizaci\u00f3n de los sistemas de la plataforma tecnol\u00f3gica para administrar los recursos, usuarios y aplicaciones. SinzerAD preserva su correcto estado de funcionamiento y gesti\u00f3n.  <\/li>\n<li>Mantenemos al d\u00eda y corregimos las desviaciones detectadas en el sistema de backup, de alta disponibilidad o de continuidad de negocio.<\/li>\n<li>Administramos y gestionamos bases de datos para que las tablas est\u00e9n siempre bien indexadas y tengan el rendimiento \u00f3ptimo<\/li>\n<li>Gestionamos entornos h\u00edbridos y en la nube para mejorar la eficiencia y abaratar los costes operativos de gesti\u00f3n.<\/li>\n<\/ul>\t\t\t\t\t\t\t\t<\/div>\n\t\t\t\t<\/div>\n\t\t\t\t<\/div>\n\t\t\t\t\t<\/div>\n\t\t\t\t<\/div>\n\t\t<div class=\"elementor-element elementor-element-7c12fba e-flex e-con-boxed elementor-invisible e-con e-parent\" data-id=\"7c12fba\" data-element_type=\"container\" data-e-type=\"container\" data-settings=\"{&quot;background_background&quot;:&quot;classic&quot;,&quot;animation&quot;:&quot;fadeInUp&quot;}\">\n\t\t\t\t\t<div class=\"e-con-inner\">\n\t\t<div class=\"elementor-element elementor-element-8b99ec5 e-con-full e-flex e-con e-child\" data-id=\"8b99ec5\" data-element_type=\"container\" data-e-type=\"container\">\n\t\t\t\t<div class=\"elementor-element elementor-element-e5977e2 elementor-widget elementor-widget-heading\" data-id=\"e5977e2\" data-element_type=\"widget\" data-e-type=\"widget\" data-widget_type=\"heading.default\">\n\t\t\t\t<div class=\"elementor-widget-container\">\n\t\t\t\t\t<h2 class=\"elementor-heading-title elementor-size-default\">Servicios gestionados de aplicaciones y servicios IT<\/h2>\t\t\t\t<\/div>\n\t\t\t\t<\/div>\n\t\t\t\t<div class=\"elementor-element elementor-element-fdcb172 elementor-widget elementor-widget-text-editor\" data-id=\"fdcb172\" data-element_type=\"widget\" data-e-type=\"widget\" data-widget_type=\"text-editor.default\">\n\t\t\t\t<div class=\"elementor-widget-container\">\n\t\t\t\t\t\t\t\t\t<p>SinzerAD ofrece a sus clientes la posibilidad de gestionar las aplicaciones y servicios IT de la capa de aplicaciones y presentaci\u00f3n.<\/p>\n<ul>\n<li><strong>Gesti\u00f3n, administraci\u00f3n y monitorizaci\u00f3n de aplicaciones y\/o servicios<\/strong>: Control de accesos y monitorizaci\u00f3n.<\/li>\n<li><strong>Minor releases:<\/strong> Restringidas a las funcionalidades existentes con peque\u00f1as actualizaciones de mejora y parches para resolver bugs de seguridad.<\/li>\n<li><strong>Major releases:<\/strong> Implica introducir nuevo c\u00f3digo para a\u00f1adir nuevas funcionalidades con afectaci\u00f3n a la interfaz operativa de usuario o el resto de aplicaciones relacionadas.<\/li>\n<\/ul>\n\t\t\t\t\t\t\t\t<\/div>\n\t\t\t\t<\/div>\n\t\t\t\t<\/div>\n\t\t<div class=\"elementor-element elementor-element-9373631 e-con-full e-flex e-con e-child\" data-id=\"9373631\" data-element_type=\"container\" data-e-type=\"container\">\n\t\t\t\t<div class=\"elementor-element elementor-element-d29ffa3 elementor-widget elementor-widget-image\" data-id=\"d29ffa3\" data-element_type=\"widget\" data-e-type=\"widget\" data-widget_type=\"image.default\">\n\t\t\t\t<div class=\"elementor-widget-container\">\n\t\t\t\t\t\t\t\t\t\t\t\t\t\t\t<img decoding=\"async\" width=\"800\" height=\"605\" src=\"https:\/\/www.sinzerad.com\/wp-content\/uploads\/2022\/10\/managed_services_infraestructura-copy-1024x774.webp\" class=\"attachment-large size-large wp-image-2831\" alt=\"\" srcset=\"https:\/\/www.sinzerad.com\/wp-content\/uploads\/2022\/10\/managed_services_infraestructura-copy-1024x774.webp 1024w, https:\/\/www.sinzerad.com\/wp-content\/uploads\/2022\/10\/managed_services_infraestructura-copy-300x227.webp 300w, https:\/\/www.sinzerad.com\/wp-content\/uploads\/2022\/10\/managed_services_infraestructura-copy-768x580.webp 768w, https:\/\/www.sinzerad.com\/wp-content\/uploads\/2022\/10\/managed_services_infraestructura-copy-1536x1161.webp 1536w, https:\/\/www.sinzerad.com\/wp-content\/uploads\/2022\/10\/managed_services_infraestructura-copy.webp 1720w\" sizes=\"(max-width: 800px) 100vw, 800px\" title=\"\">\t\t\t\t\t\t\t\t\t\t\t\t\t\t\t<\/div>\n\t\t\t\t<\/div>\n\t\t\t\t<\/div>\n\t\t\t\t\t<\/div>\n\t\t\t\t<\/div>\n\t\t<div class=\"elementor-element elementor-element-c1fe2a4 e-flex e-con-boxed elementor-invisible e-con e-parent\" data-id=\"c1fe2a4\" data-element_type=\"container\" data-e-type=\"container\" data-settings=\"{&quot;animation&quot;:&quot;fadeInUp&quot;}\">\n\t\t\t\t\t<div class=\"e-con-inner\">\n\t\t<div class=\"elementor-element elementor-element-03d937c e-con-full e-flex e-con e-child\" data-id=\"03d937c\" data-element_type=\"container\" data-e-type=\"container\">\n\t\t\t\t<div class=\"elementor-element elementor-element-20db47c elementor-widget elementor-widget-image\" data-id=\"20db47c\" data-element_type=\"widget\" data-e-type=\"widget\" data-widget_type=\"image.default\">\n\t\t\t\t<div class=\"elementor-widget-container\">\n\t\t\t\t\t\t\t\t\t\t\t\t\t\t\t<img decoding=\"async\" width=\"800\" height=\"605\" src=\"https:\/\/www.sinzerad.com\/wp-content\/uploads\/2024\/04\/managed_services_it-copy-1024x774.webp\" class=\"attachment-large size-large wp-image-10448\" alt=\"\" srcset=\"https:\/\/www.sinzerad.com\/wp-content\/uploads\/2024\/04\/managed_services_it-copy-1024x774.webp 1024w, https:\/\/www.sinzerad.com\/wp-content\/uploads\/2024\/04\/managed_services_it-copy-300x227.webp 300w, https:\/\/www.sinzerad.com\/wp-content\/uploads\/2024\/04\/managed_services_it-copy-768x580.webp 768w, https:\/\/www.sinzerad.com\/wp-content\/uploads\/2024\/04\/managed_services_it-copy-1536x1161.webp 1536w, https:\/\/www.sinzerad.com\/wp-content\/uploads\/2024\/04\/managed_services_it-copy.webp 1720w\" sizes=\"(max-width: 800px) 100vw, 800px\" title=\"\">\t\t\t\t\t\t\t\t\t\t\t\t\t\t\t<\/div>\n\t\t\t\t<\/div>\n\t\t\t\t<\/div>\n\t\t<div class=\"elementor-element elementor-element-1a2a487 e-con-full e-flex e-con e-child\" data-id=\"1a2a487\" data-element_type=\"container\" data-e-type=\"container\">\n\t\t\t\t<div class=\"elementor-element elementor-element-bd887b0 elementor-widget elementor-widget-heading\" data-id=\"bd887b0\" data-element_type=\"widget\" data-e-type=\"widget\" data-widget_type=\"heading.default\">\n\t\t\t\t<div class=\"elementor-widget-container\">\n\t\t\t\t\t<h2 class=\"elementor-heading-title elementor-size-default\">Servicios gestionados departamento IT<\/h2>\t\t\t\t<\/div>\n\t\t\t\t<\/div>\n\t\t\t\t<div class=\"elementor-element elementor-element-168c8f6 elementor-widget elementor-widget-text-editor\" data-id=\"168c8f6\" data-element_type=\"widget\" data-e-type=\"widget\" data-widget_type=\"text-editor.default\">\n\t\t\t\t<div class=\"elementor-widget-container\">\n\t\t\t\t\t\t\t\t\t<p><strong>SinzerAD ofrece la gesti\u00f3n del departamento de TI a aquellos clientes que prefieren delegar completamente la gesti\u00f3n de sus sistemas de la informaci\u00f3n.<\/strong><\/p>\n<p>Con esta modalidad SinzerAD se responsabiliza de la planificaci\u00f3n estrat\u00e9gica, t\u00e1ctica y operativa.<\/p>\n\t\t\t\t\t\t\t\t<\/div>\n\t\t\t\t<\/div>\n\t\t\t\t<\/div>\n\t\t\t\t\t<\/div>\n\t\t\t\t<\/div>\n\t\t<div class=\"elementor-element elementor-element-2307cfc e-flex e-con-boxed elementor-invisible e-con e-parent\" data-id=\"2307cfc\" data-element_type=\"container\" data-e-type=\"container\" data-settings=\"{&quot;animation&quot;:&quot;fadeInUp&quot;}\">\n\t\t\t\t\t<div class=\"e-con-inner\">\n\t\t\t\t<div class=\"elementor-element elementor-element-68f6713 elementor-widget__width-inherit elementor-widget elementor-widget-heading\" data-id=\"68f6713\" data-element_type=\"widget\" data-e-type=\"widget\" data-widget_type=\"heading.default\">\n\t\t\t\t<div class=\"elementor-widget-container\">\n\t\t\t\t\t<h2 class=\"elementor-heading-title elementor-size-default\">FAQs<\/h2>\t\t\t\t<\/div>\n\t\t\t\t<\/div>\n\t\t\t\t<div class=\"elementor-element elementor-element-41b1361 elementor-widget elementor-widget-accordion\" data-id=\"41b1361\" data-element_type=\"widget\" data-e-type=\"widget\" data-widget_type=\"accordion.default\">\n\t\t\t\t<div class=\"elementor-widget-container\">\n\t\t\t\t\t\t\t<div class=\"elementor-accordion\">\n\t\t\t\t\t\t\t<div class=\"elementor-accordion-item\">\n\t\t\t\t\t<div id=\"elementor-tab-title-6881\" class=\"elementor-tab-title\" data-tab=\"1\" role=\"button\" aria-controls=\"elementor-tab-content-6881\" aria-expanded=\"false\">\n\t\t\t\t\t\t\t\t\t\t\t\t\t<span class=\"elementor-accordion-icon elementor-accordion-icon-left\" aria-hidden=\"true\">\n\t\t\t\t\t\t\t\t\t\t\t\t\t\t\t<span class=\"elementor-accordion-icon-closed\"><svg class=\"e-font-icon-svg e-fas-plus\" viewBox=\"0 0 448 512\" xmlns=\"http:\/\/www.w3.org\/2000\/svg\"><path d=\"M416 208H272V64c0-17.67-14.33-32-32-32h-32c-17.67 0-32 14.33-32 32v144H32c-17.67 0-32 14.33-32 32v32c0 17.67 14.33 32 32 32h144v144c0 17.67 14.33 32 32 32h32c17.67 0 32-14.33 32-32V304h144c17.67 0 32-14.33 32-32v-32c0-17.67-14.33-32-32-32z\"><\/path><\/svg><\/span>\n\t\t\t\t\t\t\t\t<span class=\"elementor-accordion-icon-opened\"><svg class=\"e-font-icon-svg e-fas-minus\" viewBox=\"0 0 448 512\" xmlns=\"http:\/\/www.w3.org\/2000\/svg\"><path d=\"M416 208H32c-17.67 0-32 14.33-32 32v32c0 17.67 14.33 32 32 32h384c17.67 0 32-14.33 32-32v-32c0-17.67-14.33-32-32-32z\"><\/path><\/svg><\/span>\n\t\t\t\t\t\t\t\t\t\t\t\t\t\t<\/span>\n\t\t\t\t\t\t\t\t\t\t\t\t<a class=\"elementor-accordion-title\" tabindex=\"0\">\u00bfQu\u00e9 son los servicios gestionados y c\u00f3mo pueden ayudar mi empresa?<\/a>\n\t\t\t\t\t<\/div>\n\t\t\t\t\t<div id=\"elementor-tab-content-6881\" class=\"elementor-tab-content elementor-clearfix\" data-tab=\"1\" role=\"region\" aria-labelledby=\"elementor-tab-title-6881\"><p>Los servicios gestionados son servicios de TI proporcionados por un proveedor externo que se encarga de la gesti\u00f3n de la infraestructura de tecnolog\u00eda de la informaci\u00f3n (TI) de su empresa. Estos servicios pueden ayudar a su empresa a reducir costes y mejorar la eficiencia en la gesti\u00f3n de la infraestructura de TI.  <\/p>\n<\/div>\n\t\t\t\t<\/div>\n\t\t\t\t\t\t\t<div class=\"elementor-accordion-item\">\n\t\t\t\t\t<div id=\"elementor-tab-title-6882\" class=\"elementor-tab-title\" data-tab=\"2\" role=\"button\" aria-controls=\"elementor-tab-content-6882\" aria-expanded=\"false\">\n\t\t\t\t\t\t\t\t\t\t\t\t\t<span class=\"elementor-accordion-icon elementor-accordion-icon-left\" aria-hidden=\"true\">\n\t\t\t\t\t\t\t\t\t\t\t\t\t\t\t<span class=\"elementor-accordion-icon-closed\"><svg class=\"e-font-icon-svg e-fas-plus\" viewBox=\"0 0 448 512\" xmlns=\"http:\/\/www.w3.org\/2000\/svg\"><path d=\"M416 208H272V64c0-17.67-14.33-32-32-32h-32c-17.67 0-32 14.33-32 32v144H32c-17.67 0-32 14.33-32 32v32c0 17.67 14.33 32 32 32h144v144c0 17.67 14.33 32 32 32h32c17.67 0 32-14.33 32-32V304h144c17.67 0 32-14.33 32-32v-32c0-17.67-14.33-32-32-32z\"><\/path><\/svg><\/span>\n\t\t\t\t\t\t\t\t<span class=\"elementor-accordion-icon-opened\"><svg class=\"e-font-icon-svg e-fas-minus\" viewBox=\"0 0 448 512\" xmlns=\"http:\/\/www.w3.org\/2000\/svg\"><path d=\"M416 208H32c-17.67 0-32 14.33-32 32v32c0 17.67 14.33 32 32 32h384c17.67 0 32-14.33 32-32v-32c0-17.67-14.33-32-32-32z\"><\/path><\/svg><\/span>\n\t\t\t\t\t\t\t\t\t\t\t\t\t\t<\/span>\n\t\t\t\t\t\t\t\t\t\t\t\t<a class=\"elementor-accordion-title\" tabindex=\"0\">\u00bfQu\u00e9 tipos de servicios se ofrecen en la gesti\u00f3n de la infraestructura?<\/a>\n\t\t\t\t\t<\/div>\n\t\t\t\t\t<div id=\"elementor-tab-content-6882\" class=\"elementor-tab-content elementor-clearfix\" data-tab=\"2\" role=\"region\" aria-labelledby=\"elementor-tab-title-6882\"><p>Los servicios de gesti\u00f3n de infraestructura pueden incluir monitorizaci\u00f3n y mantenimiento de servidores, redes, bases de datos, almacenamiento y seguridad. Adem\u00e1s, pueden proporcionar soporte t\u00e9cnico y ayuda para resolver problemas t\u00e9cnicos.  <\/p>\n<\/div>\n\t\t\t\t<\/div>\n\t\t\t\t\t\t\t<div class=\"elementor-accordion-item\">\n\t\t\t\t\t<div id=\"elementor-tab-title-6883\" class=\"elementor-tab-title\" data-tab=\"3\" role=\"button\" aria-controls=\"elementor-tab-content-6883\" aria-expanded=\"false\">\n\t\t\t\t\t\t\t\t\t\t\t\t\t<span class=\"elementor-accordion-icon elementor-accordion-icon-left\" aria-hidden=\"true\">\n\t\t\t\t\t\t\t\t\t\t\t\t\t\t\t<span class=\"elementor-accordion-icon-closed\"><svg class=\"e-font-icon-svg e-fas-plus\" viewBox=\"0 0 448 512\" xmlns=\"http:\/\/www.w3.org\/2000\/svg\"><path d=\"M416 208H272V64c0-17.67-14.33-32-32-32h-32c-17.67 0-32 14.33-32 32v144H32c-17.67 0-32 14.33-32 32v32c0 17.67 14.33 32 32 32h144v144c0 17.67 14.33 32 32 32h32c17.67 0 32-14.33 32-32V304h144c17.67 0 32-14.33 32-32v-32c0-17.67-14.33-32-32-32z\"><\/path><\/svg><\/span>\n\t\t\t\t\t\t\t\t<span class=\"elementor-accordion-icon-opened\"><svg class=\"e-font-icon-svg e-fas-minus\" viewBox=\"0 0 448 512\" xmlns=\"http:\/\/www.w3.org\/2000\/svg\"><path d=\"M416 208H32c-17.67 0-32 14.33-32 32v32c0 17.67 14.33 32 32 32h384c17.67 0 32-14.33 32-32v-32c0-17.67-14.33-32-32-32z\"><\/path><\/svg><\/span>\n\t\t\t\t\t\t\t\t\t\t\t\t\t\t<\/span>\n\t\t\t\t\t\t\t\t\t\t\t\t<a class=\"elementor-accordion-title\" tabindex=\"0\">\u00bfPor qu\u00e9 deber\u00eda considerar la contrataci\u00f3n de un servicio gestionado en lugar de administrar mi infraestructura de TI internamente?<\/a>\n\t\t\t\t\t<\/div>\n\t\t\t\t\t<div id=\"elementor-tab-content-6883\" class=\"elementor-tab-content elementor-clearfix\" data-tab=\"3\" role=\"region\" aria-labelledby=\"elementor-tab-title-6883\"><p>Los servicios gestionados pueden proporcionar ahorros de costes al reducir el gasto en la infraestructura interna y al mismo tiempo proporcionar soporte t\u00e9cnico y soluci\u00f3n de problemas m\u00e1s r\u00e1pida y eficiente. Adem\u00e1s, pueden proporcionar acceso a expertos en tecnolog\u00eda que podr\u00edan no estar disponibles internamente.  <\/p>\n<\/div>\n\t\t\t\t<\/div>\n\t\t\t\t\t\t\t<div class=\"elementor-accordion-item\">\n\t\t\t\t\t<div id=\"elementor-tab-title-6884\" class=\"elementor-tab-title\" data-tab=\"4\" role=\"button\" aria-controls=\"elementor-tab-content-6884\" aria-expanded=\"false\">\n\t\t\t\t\t\t\t\t\t\t\t\t\t<span class=\"elementor-accordion-icon elementor-accordion-icon-left\" aria-hidden=\"true\">\n\t\t\t\t\t\t\t\t\t\t\t\t\t\t\t<span class=\"elementor-accordion-icon-closed\"><svg class=\"e-font-icon-svg e-fas-plus\" viewBox=\"0 0 448 512\" xmlns=\"http:\/\/www.w3.org\/2000\/svg\"><path d=\"M416 208H272V64c0-17.67-14.33-32-32-32h-32c-17.67 0-32 14.33-32 32v144H32c-17.67 0-32 14.33-32 32v32c0 17.67 14.33 32 32 32h144v144c0 17.67 14.33 32 32 32h32c17.67 0 32-14.33 32-32V304h144c17.67 0 32-14.33 32-32v-32c0-17.67-14.33-32-32-32z\"><\/path><\/svg><\/span>\n\t\t\t\t\t\t\t\t<span class=\"elementor-accordion-icon-opened\"><svg class=\"e-font-icon-svg e-fas-minus\" viewBox=\"0 0 448 512\" xmlns=\"http:\/\/www.w3.org\/2000\/svg\"><path d=\"M416 208H32c-17.67 0-32 14.33-32 32v32c0 17.67 14.33 32 32 32h384c17.67 0 32-14.33 32-32v-32c0-17.67-14.33-32-32-32z\"><\/path><\/svg><\/span>\n\t\t\t\t\t\t\t\t\t\t\t\t\t\t<\/span>\n\t\t\t\t\t\t\t\t\t\t\t\t<a class=\"elementor-accordion-title\" tabindex=\"0\">\u00bfC\u00f3mo puedo asegurarme de que el proveedor de servicios gestionados que usted elija tenga las habilidades y la experiencia necesarias para administrar mi infraestructura de TI?<\/a>\n\t\t\t\t\t<\/div>\n\t\t\t\t\t<div id=\"elementor-tab-content-6884\" class=\"elementor-tab-content elementor-clearfix\" data-tab=\"4\" role=\"region\" aria-labelledby=\"elementor-tab-title-6884\"><p>Es importante seleccionar un proveedor de servicios gestionados que tenga experiencia en la gesti\u00f3n de la infraestructura de TI en su industria. Adem\u00e1s, debe verificar las credenciales del proveedor y pedir referencias de clientes anteriores para asegurarse de que tengan las habilidades y la experiencia necesarias. Tambi\u00e9n puede considerar trabajar con proveedores que tienen certificaciones relevantes de la industria.   <\/p>\n<\/div>\n\t\t\t\t<\/div>\n\t\t\t\t\t\t\t\t<\/div>\n\t\t\t\t\t\t<\/div>\n\t\t\t\t<\/div>\n\t\t\t\t\t<\/div>\n\t\t\t\t<\/div>\n\t\t\t\t<\/div>\n\t\t","protected":false},"excerpt":{"rendered":"<p>Managed Services &amp; Gesti\u00f3n de la Infraestructura Nos ocupamos de la gesti\u00f3n de tu infraestructura y redes (f\u00edsicas, h\u00edbridas o en la nube) y gestionamos tus aplicaciones para que puedas centrarte en lo que realmente aporta valor a tu negocio. Despreoc\u00fapate de la tecnolog\u00eda para centrarte en el negocio. Deja que nos ocupemos de tu [&hellip;]<\/p>\n","protected":false},"author":3,"featured_media":0,"parent":18328,"menu_order":0,"comment_status":"closed","ping_status":"closed","template":"elementor_header_footer","meta":{"_acf_changed":false,"footnotes":""},"class_list":["post-2028","page","type-page","status-publish","hentry"],"acf":[],"_links":{"self":[{"href":"https:\/\/www.sinzerad.com\/es\/wp-json\/wp\/v2\/pages\/2028","targetHints":{"allow":["GET"]}}],"collection":[{"href":"https:\/\/www.sinzerad.com\/es\/wp-json\/wp\/v2\/pages"}],"about":[{"href":"https:\/\/www.sinzerad.com\/es\/wp-json\/wp\/v2\/types\/page"}],"author":[{"embeddable":true,"href":"https:\/\/www.sinzerad.com\/es\/wp-json\/wp\/v2\/users\/3"}],"replies":[{"embeddable":true,"href":"https:\/\/www.sinzerad.com\/es\/wp-json\/wp\/v2\/comments?post=2028"}],"version-history":[{"count":0,"href":"https:\/\/www.sinzerad.com\/es\/wp-json\/wp\/v2\/pages\/2028\/revisions"}],"up":[{"embeddable":true,"href":"https:\/\/www.sinzerad.com\/es\/wp-json\/wp\/v2\/pages\/18328"}],"wp:attachment":[{"href":"https:\/\/www.sinzerad.com\/es\/wp-json\/wp\/v2\/media?parent=2028"}],"curies":[{"name":"wp","href":"https:\/\/api.w.org\/{rel}","templated":true}]}}