{"id":2038,"date":"2022-09-21T12:49:48","date_gmt":"2022-09-21T12:49:48","guid":{"rendered":"https:\/\/www.sinzerad.com\/?page_id=2038"},"modified":"2025-09-05T15:23:11","modified_gmt":"2025-09-05T15:23:11","slug":"it-as-a-service","status":"publish","type":"page","link":"https:\/\/www.sinzerad.com\/es\/servicios\/it-as-a-service\/","title":{"rendered":"IT as a Service"},"content":{"rendered":"\t\t<div data-elementor-type=\"wp-page\" data-elementor-id=\"2038\" class=\"elementor elementor-2038 elementor-5106\" data-elementor-post-type=\"page\">\n\t\t\t\t<div class=\"elementor-element elementor-element-6e8a5ca e-con-full e-flex e-con e-parent\" data-id=\"6e8a5ca\" data-element_type=\"container\" data-e-type=\"container\" data-settings=\"{&quot;background_background&quot;:&quot;classic&quot;}\">\n\t\t\t\t<div class=\"elementor-element elementor-element-1fc579b elementor-widget__width-inherit elementor-widget elementor-widget-heading\" data-id=\"1fc579b\" data-element_type=\"widget\" data-e-type=\"widget\" data-widget_type=\"heading.default\">\n\t\t\t\t<div class=\"elementor-widget-container\">\n\t\t\t\t\t<h1 class=\"elementor-heading-title elementor-size-default\">IT as a Service<\/h1>\t\t\t\t<\/div>\n\t\t\t\t<\/div>\n\t\t\t\t<\/div>\n\t\t<div class=\"elementor-element elementor-element-3426ca2 e-flex e-con-boxed elementor-invisible e-con e-parent\" data-id=\"3426ca2\" data-element_type=\"container\" data-e-type=\"container\" data-settings=\"{&quot;animation&quot;:&quot;fadeInUp&quot;}\">\n\t\t\t\t\t<div class=\"e-con-inner\">\n\t\t\t\t<div class=\"elementor-element elementor-element-dda699a elementor-widget elementor-widget-text-editor\" data-id=\"dda699a\" data-element_type=\"widget\" data-e-type=\"widget\" data-widget_type=\"text-editor.default\">\n\t\t\t\t<div class=\"elementor-widget-container\">\n\t\t\t\t\t\t\t\t\t<p><strong>Los sistemas de informaci\u00f3n cada vez son m\u00e1s heterog\u00e9neos y complejos, disponer de un equipo capacitado para hacer frente a todas las necesidades que puedan surgir es una posibilidad al alcance de pocas empresas.<\/strong><\/p>\n<p>Te ayudamos a complementar tu equipo t\u00e9cnico con especialistas que puedan dar soporte puntualmente al equipo interno de la empresa, o hacerse cargo de manera interina de puestos estrat\u00e9gicos relacionados con la tecnolog\u00eda.<\/p>\n\t\t\t\t\t\t\t\t<\/div>\n\t\t\t\t<\/div>\n\t\t\t\t\t<\/div>\n\t\t\t\t<\/div>\n\t\t<div class=\"elementor-element elementor-element-ef830dc e-flex e-con-boxed elementor-invisible e-con e-parent\" data-id=\"ef830dc\" data-element_type=\"container\" data-e-type=\"container\" data-settings=\"{&quot;animation&quot;:&quot;fadeInUp&quot;}\">\n\t\t\t\t\t<div class=\"e-con-inner\">\n\t\t<div class=\"elementor-element elementor-element-5d4432a e-con-full e-flex e-con e-child\" data-id=\"5d4432a\" data-element_type=\"container\" data-e-type=\"container\">\n\t\t\t\t<div class=\"elementor-element elementor-element-b8a6641 elementor-widget elementor-widget-image\" data-id=\"b8a6641\" data-element_type=\"widget\" data-e-type=\"widget\" data-widget_type=\"image.default\">\n\t\t\t\t<div class=\"elementor-widget-container\">\n\t\t\t\t\t\t\t\t\t\t\t\t\t\t\t<img fetchpriority=\"high\" decoding=\"async\" width=\"800\" height=\"605\" src=\"https:\/\/www.sinzerad.com\/wp-content\/uploads\/2024\/04\/ITasService_tradicional-1024x774.webp\" class=\"attachment-large size-large wp-image-12484\" alt=\"\" srcset=\"https:\/\/www.sinzerad.com\/wp-content\/uploads\/2024\/04\/ITasService_tradicional-1024x774.webp 1024w, https:\/\/www.sinzerad.com\/wp-content\/uploads\/2024\/04\/ITasService_tradicional-300x227.webp 300w, https:\/\/www.sinzerad.com\/wp-content\/uploads\/2024\/04\/ITasService_tradicional-768x580.webp 768w, https:\/\/www.sinzerad.com\/wp-content\/uploads\/2024\/04\/ITasService_tradicional-1536x1161.webp 1536w, https:\/\/www.sinzerad.com\/wp-content\/uploads\/2024\/04\/ITasService_tradicional.webp 1720w\" sizes=\"(max-width: 800px) 100vw, 800px\" title=\"\">\t\t\t\t\t\t\t\t\t\t\t\t\t\t\t<\/div>\n\t\t\t\t<\/div>\n\t\t\t\t<\/div>\n\t\t<div class=\"elementor-element elementor-element-2928bf9 e-con-full e-flex e-con e-child\" data-id=\"2928bf9\" data-element_type=\"container\" data-e-type=\"container\">\n\t\t\t\t<div class=\"elementor-element elementor-element-3b630d5 elementor-widget elementor-widget-heading\" data-id=\"3b630d5\" data-element_type=\"widget\" data-e-type=\"widget\" data-widget_type=\"heading.default\">\n\t\t\t\t<div class=\"elementor-widget-container\">\n\t\t\t\t\t<h2 class=\"elementor-heading-title elementor-size-default\">Servicio tradicional<\/h2>\t\t\t\t<\/div>\n\t\t\t\t<\/div>\n\t\t\t\t<div class=\"elementor-element elementor-element-2964a67 elementor-widget elementor-widget-text-editor\" data-id=\"2964a67\" data-element_type=\"widget\" data-e-type=\"widget\" data-widget_type=\"text-editor.default\">\n\t\t\t\t<div class=\"elementor-widget-container\">\n\t\t\t\t\t\t\t\t\t<p><strong>Servicio ideal para aquellos clientes con un volumen de trabajo consistente, que prefieren externalizar el servicio de IT con un coste recurrente constante conocido de antemano.<\/strong><\/p>\n<p>SinzerAD ofrece diversas posibilidades de modelo:<\/p>\n<ul>\n<li>Recurso dedicado: Cuando el cliente prefiere tener un recurso a tiempo completo.<\/li>\n<li>Pool de recursos: Cuando el cliente prefiere combinar diferentes perfiles t\u00e9cnicos dentro del mismo coste.<\/li>\n<li>M\u00faltiples recursos: Cuando el cliente dispone de diversos recursos que cubren servicios contratados.<\/li>\n<\/ul>\n\t\t\t\t\t\t\t\t<\/div>\n\t\t\t\t<\/div>\n\t\t\t\t<\/div>\n\t\t\t\t\t<\/div>\n\t\t\t\t<\/div>\n\t\t<div class=\"elementor-element elementor-element-7fd991c e-flex e-con-boxed elementor-invisible e-con e-parent\" data-id=\"7fd991c\" data-element_type=\"container\" data-e-type=\"container\" data-settings=\"{&quot;background_background&quot;:&quot;classic&quot;,&quot;animation&quot;:&quot;fadeInUp&quot;}\">\n\t\t\t\t\t<div class=\"e-con-inner\">\n\t\t<div class=\"elementor-element elementor-element-b53ee12 e-con-full e-flex e-con e-child\" data-id=\"b53ee12\" data-element_type=\"container\" data-e-type=\"container\">\n\t\t\t\t<div class=\"elementor-element elementor-element-faa87c6 elementor-widget elementor-widget-heading\" data-id=\"faa87c6\" data-element_type=\"widget\" data-e-type=\"widget\" data-widget_type=\"heading.default\">\n\t\t\t\t<div class=\"elementor-widget-container\">\n\t\t\t\t\t<h2 class=\"elementor-heading-title elementor-size-default\">Servicio h\u00edbrido<\/h2>\t\t\t\t<\/div>\n\t\t\t\t<\/div>\n\t\t\t\t<div class=\"elementor-element elementor-element-95c9bdb elementor-widget elementor-widget-text-editor\" data-id=\"95c9bdb\" data-element_type=\"widget\" data-e-type=\"widget\" data-widget_type=\"text-editor.default\">\n\t\t\t\t<div class=\"elementor-widget-container\">\n\t\t\t\t\t\t\t\t\t<p><strong>Servicio ideal para aquellos momentos de cargas de trabajo puntuales donde los equipos de TI internos requieren recursos adicionales bajo la modalidad de servicio.<\/strong> Se hace un seguimiento del tiempo utilizado que se factura mensualmente. SinzerAD ofrece dos posibilidades de modelo:  <\/p>\n<ul>\n<li>Pool de recursos: Cuando el cliente prefiere combinar diferentes perfiles t\u00e9cnicos dentro del mismo coste.<\/li>\n<li>M\u00faltiples recursos: Cuando el cliente dispone de diversos recursos que cubren servicios contratados.<\/li>\n<\/ul>\n\t\t\t\t\t\t\t\t<\/div>\n\t\t\t\t<\/div>\n\t\t\t\t<\/div>\n\t\t<div class=\"elementor-element elementor-element-ca053f4 e-con-full e-flex e-con e-child\" data-id=\"ca053f4\" data-element_type=\"container\" data-e-type=\"container\">\n\t\t\t\t<div class=\"elementor-element elementor-element-6d9a8e6 elementor-widget elementor-widget-image\" data-id=\"6d9a8e6\" data-element_type=\"widget\" data-e-type=\"widget\" data-widget_type=\"image.default\">\n\t\t\t\t<div class=\"elementor-widget-container\">\n\t\t\t\t\t\t\t\t\t\t\t\t\t\t\t<img decoding=\"async\" width=\"800\" height=\"605\" src=\"https:\/\/www.sinzerad.com\/wp-content\/uploads\/2024\/04\/ITasService_hibrido-1024x774.webp\" class=\"attachment-large size-large wp-image-12489\" alt=\"\" srcset=\"https:\/\/www.sinzerad.com\/wp-content\/uploads\/2024\/04\/ITasService_hibrido-1024x774.webp 1024w, https:\/\/www.sinzerad.com\/wp-content\/uploads\/2024\/04\/ITasService_hibrido-300x227.webp 300w, https:\/\/www.sinzerad.com\/wp-content\/uploads\/2024\/04\/ITasService_hibrido-768x580.webp 768w, https:\/\/www.sinzerad.com\/wp-content\/uploads\/2024\/04\/ITasService_hibrido-1536x1161.webp 1536w, https:\/\/www.sinzerad.com\/wp-content\/uploads\/2024\/04\/ITasService_hibrido.webp 1720w\" sizes=\"(max-width: 800px) 100vw, 800px\" title=\"\">\t\t\t\t\t\t\t\t\t\t\t\t\t\t\t<\/div>\n\t\t\t\t<\/div>\n\t\t\t\t<\/div>\n\t\t\t\t\t<\/div>\n\t\t\t\t<\/div>\n\t\t<div class=\"elementor-element elementor-element-15a76af e-flex e-con-boxed elementor-invisible e-con e-parent\" data-id=\"15a76af\" data-element_type=\"container\" data-e-type=\"container\" data-settings=\"{&quot;animation&quot;:&quot;fadeInUp&quot;}\">\n\t\t\t\t\t<div class=\"e-con-inner\">\n\t\t<div class=\"elementor-element elementor-element-f459578 e-con-full e-flex e-con e-child\" data-id=\"f459578\" data-element_type=\"container\" data-e-type=\"container\">\n\t\t\t\t<div class=\"elementor-element elementor-element-41c2ee7 elementor-widget elementor-widget-image\" data-id=\"41c2ee7\" data-element_type=\"widget\" data-e-type=\"widget\" data-widget_type=\"image.default\">\n\t\t\t\t<div class=\"elementor-widget-container\">\n\t\t\t\t\t\t\t\t\t\t\t\t\t\t\t<img decoding=\"async\" width=\"800\" height=\"605\" src=\"https:\/\/www.sinzerad.com\/wp-content\/uploads\/2023\/04\/ITasService_flexible-1024x774.webp\" class=\"attachment-large size-large wp-image-3806\" alt=\"\" srcset=\"https:\/\/www.sinzerad.com\/wp-content\/uploads\/2023\/04\/ITasService_flexible-1024x774.webp 1024w, https:\/\/www.sinzerad.com\/wp-content\/uploads\/2023\/04\/ITasService_flexible-300x227.webp 300w, https:\/\/www.sinzerad.com\/wp-content\/uploads\/2023\/04\/ITasService_flexible-768x580.webp 768w, https:\/\/www.sinzerad.com\/wp-content\/uploads\/2023\/04\/ITasService_flexible-1536x1161.webp 1536w, https:\/\/www.sinzerad.com\/wp-content\/uploads\/2023\/04\/ITasService_flexible.webp 1720w\" sizes=\"(max-width: 800px) 100vw, 800px\" title=\"\">\t\t\t\t\t\t\t\t\t\t\t\t\t\t\t<\/div>\n\t\t\t\t<\/div>\n\t\t\t\t<\/div>\n\t\t<div class=\"elementor-element elementor-element-9cb2bae e-con-full e-flex e-con e-child\" data-id=\"9cb2bae\" data-element_type=\"container\" data-e-type=\"container\">\n\t\t\t\t<div class=\"elementor-element elementor-element-5c6bd3b elementor-widget elementor-widget-heading\" data-id=\"5c6bd3b\" data-element_type=\"widget\" data-e-type=\"widget\" data-widget_type=\"heading.default\">\n\t\t\t\t<div class=\"elementor-widget-container\">\n\t\t\t\t\t<h2 class=\"elementor-heading-title elementor-size-default\">Servicio flexible<\/h2>\t\t\t\t<\/div>\n\t\t\t\t<\/div>\n\t\t\t\t<div class=\"elementor-element elementor-element-224289c elementor-widget elementor-widget-text-editor\" data-id=\"224289c\" data-element_type=\"widget\" data-e-type=\"widget\" data-widget_type=\"text-editor.default\">\n\t\t\t\t<div class=\"elementor-widget-container\">\n\t\t\t\t\t\t\t\t\t<p><strong>Servicio ideal para aquellos clientes que quieren mantener externalizado parte (o todo) del servicio IT pero no pueden predecir las cargas de trabajo necesarias.<\/strong><\/p>\n<p>SinzerAD ofrece el siguiente modelo:<\/p>\n<ul style=\"font-size: 18px; background-color: #ffffff;\">\n<li style=\"font-size: 18px;\">Pool de recursos: Cuando el cliente prefiere combinar diferentes perfiles t\u00e9cnicos dentro del mismo coste.<\/li>\n<\/ul>\n\t\t\t\t\t\t\t\t<\/div>\n\t\t\t\t<\/div>\n\t\t\t\t<\/div>\n\t\t\t\t\t<\/div>\n\t\t\t\t<\/div>\n\t\t<div class=\"elementor-element elementor-element-a472b36 e-flex e-con-boxed elementor-invisible e-con e-parent\" data-id=\"a472b36\" data-element_type=\"container\" data-e-type=\"container\" data-settings=\"{&quot;animation&quot;:&quot;fadeInUp&quot;}\">\n\t\t\t\t\t<div class=\"e-con-inner\">\n\t\t\t\t<div class=\"elementor-element elementor-element-d2b52f5 elementor-widget__width-inherit elementor-widget elementor-widget-heading\" data-id=\"d2b52f5\" data-element_type=\"widget\" data-e-type=\"widget\" data-widget_type=\"heading.default\">\n\t\t\t\t<div class=\"elementor-widget-container\">\n\t\t\t\t\t<h2 class=\"elementor-heading-title elementor-size-default\">FAQs<\/h2>\t\t\t\t<\/div>\n\t\t\t\t<\/div>\n\t\t\t\t<div class=\"elementor-element elementor-element-986afbd elementor-widget elementor-widget-accordion\" data-id=\"986afbd\" data-element_type=\"widget\" data-e-type=\"widget\" data-widget_type=\"accordion.default\">\n\t\t\t\t<div class=\"elementor-widget-container\">\n\t\t\t\t\t\t\t<div class=\"elementor-accordion\">\n\t\t\t\t\t\t\t<div class=\"elementor-accordion-item\">\n\t\t\t\t\t<div id=\"elementor-tab-title-1591\" class=\"elementor-tab-title\" data-tab=\"1\" role=\"button\" aria-controls=\"elementor-tab-content-1591\" aria-expanded=\"false\">\n\t\t\t\t\t\t\t\t\t\t\t\t\t<span class=\"elementor-accordion-icon elementor-accordion-icon-left\" aria-hidden=\"true\">\n\t\t\t\t\t\t\t\t\t\t\t\t\t\t\t<span class=\"elementor-accordion-icon-closed\"><svg class=\"e-font-icon-svg e-fas-plus\" viewBox=\"0 0 448 512\" xmlns=\"http:\/\/www.w3.org\/2000\/svg\"><path d=\"M416 208H272V64c0-17.67-14.33-32-32-32h-32c-17.67 0-32 14.33-32 32v144H32c-17.67 0-32 14.33-32 32v32c0 17.67 14.33 32 32 32h144v144c0 17.67 14.33 32 32 32h32c17.67 0 32-14.33 32-32V304h144c17.67 0 32-14.33 32-32v-32c0-17.67-14.33-32-32-32z\"><\/path><\/svg><\/span>\n\t\t\t\t\t\t\t\t<span class=\"elementor-accordion-icon-opened\"><svg class=\"e-font-icon-svg e-fas-minus\" viewBox=\"0 0 448 512\" xmlns=\"http:\/\/www.w3.org\/2000\/svg\"><path d=\"M416 208H32c-17.67 0-32 14.33-32 32v32c0 17.67 14.33 32 32 32h384c17.67 0 32-14.33 32-32v-32c0-17.67-14.33-32-32-32z\"><\/path><\/svg><\/span>\n\t\t\t\t\t\t\t\t\t\t\t\t\t\t<\/span>\n\t\t\t\t\t\t\t\t\t\t\t\t<a class=\"elementor-accordion-title\" tabindex=\"0\">\u00bfQu\u00e9 es IT as Service?<\/a>\n\t\t\t\t\t<\/div>\n\t\t\t\t\t<div id=\"elementor-tab-content-1591\" class=\"elementor-tab-content elementor-clearfix\" data-tab=\"1\" role=\"region\" aria-labelledby=\"elementor-tab-title-1591\"><p>IT as a service es un modelo de prestaci\u00f3n de servicios de tecnolog\u00eda de la informaci\u00f3n (TI) en el que los proveedores de servicios ofrecen soluciones de TI como servicio, en lugar de productos o soluciones de hardware o software.<\/p>\n<\/div>\n\t\t\t\t<\/div>\n\t\t\t\t\t\t\t<div class=\"elementor-accordion-item\">\n\t\t\t\t\t<div id=\"elementor-tab-title-1592\" class=\"elementor-tab-title\" data-tab=\"2\" role=\"button\" aria-controls=\"elementor-tab-content-1592\" aria-expanded=\"false\">\n\t\t\t\t\t\t\t\t\t\t\t\t\t<span class=\"elementor-accordion-icon elementor-accordion-icon-left\" aria-hidden=\"true\">\n\t\t\t\t\t\t\t\t\t\t\t\t\t\t\t<span class=\"elementor-accordion-icon-closed\"><svg class=\"e-font-icon-svg e-fas-plus\" viewBox=\"0 0 448 512\" xmlns=\"http:\/\/www.w3.org\/2000\/svg\"><path d=\"M416 208H272V64c0-17.67-14.33-32-32-32h-32c-17.67 0-32 14.33-32 32v144H32c-17.67 0-32 14.33-32 32v32c0 17.67 14.33 32 32 32h144v144c0 17.67 14.33 32 32 32h32c17.67 0 32-14.33 32-32V304h144c17.67 0 32-14.33 32-32v-32c0-17.67-14.33-32-32-32z\"><\/path><\/svg><\/span>\n\t\t\t\t\t\t\t\t<span class=\"elementor-accordion-icon-opened\"><svg class=\"e-font-icon-svg e-fas-minus\" viewBox=\"0 0 448 512\" xmlns=\"http:\/\/www.w3.org\/2000\/svg\"><path d=\"M416 208H32c-17.67 0-32 14.33-32 32v32c0 17.67 14.33 32 32 32h384c17.67 0 32-14.33 32-32v-32c0-17.67-14.33-32-32-32z\"><\/path><\/svg><\/span>\n\t\t\t\t\t\t\t\t\t\t\t\t\t\t<\/span>\n\t\t\t\t\t\t\t\t\t\t\t\t<a class=\"elementor-accordion-title\" tabindex=\"0\">\u00bfCu\u00e1les son algunos de los beneficios de IT as Service?<\/a>\n\t\t\t\t\t<\/div>\n\t\t\t\t\t<div id=\"elementor-tab-content-1592\" class=\"elementor-tab-content elementor-clearfix\" data-tab=\"2\" role=\"region\" aria-labelledby=\"elementor-tab-title-1592\"><p>Los beneficios de IT as Service incluyen el acceso a tecnolog\u00eda de vanguardia sin la necesidad de grandes inversiones iniciales en hardware y software, la capacidad de escalar r\u00e1pidamente y la flexibilidad para adaptarse a las necesidades cambiantes de tu empresa.<\/p>\n<\/div>\n\t\t\t\t<\/div>\n\t\t\t\t\t\t\t<div class=\"elementor-accordion-item\">\n\t\t\t\t\t<div id=\"elementor-tab-title-1593\" class=\"elementor-tab-title\" data-tab=\"3\" role=\"button\" aria-controls=\"elementor-tab-content-1593\" aria-expanded=\"false\">\n\t\t\t\t\t\t\t\t\t\t\t\t\t<span class=\"elementor-accordion-icon elementor-accordion-icon-left\" aria-hidden=\"true\">\n\t\t\t\t\t\t\t\t\t\t\t\t\t\t\t<span class=\"elementor-accordion-icon-closed\"><svg class=\"e-font-icon-svg e-fas-plus\" viewBox=\"0 0 448 512\" xmlns=\"http:\/\/www.w3.org\/2000\/svg\"><path d=\"M416 208H272V64c0-17.67-14.33-32-32-32h-32c-17.67 0-32 14.33-32 32v144H32c-17.67 0-32 14.33-32 32v32c0 17.67 14.33 32 32 32h144v144c0 17.67 14.33 32 32 32h32c17.67 0 32-14.33 32-32V304h144c17.67 0 32-14.33 32-32v-32c0-17.67-14.33-32-32-32z\"><\/path><\/svg><\/span>\n\t\t\t\t\t\t\t\t<span class=\"elementor-accordion-icon-opened\"><svg class=\"e-font-icon-svg e-fas-minus\" viewBox=\"0 0 448 512\" xmlns=\"http:\/\/www.w3.org\/2000\/svg\"><path d=\"M416 208H32c-17.67 0-32 14.33-32 32v32c0 17.67 14.33 32 32 32h384c17.67 0 32-14.33 32-32v-32c0-17.67-14.33-32-32-32z\"><\/path><\/svg><\/span>\n\t\t\t\t\t\t\t\t\t\t\t\t\t\t<\/span>\n\t\t\t\t\t\t\t\t\t\t\t\t<a class=\"elementor-accordion-title\" tabindex=\"0\">\u00bfCu\u00e1l es la diferencia entre IT as a Service y Outsourcing de TI?<\/a>\n\t\t\t\t\t<\/div>\n\t\t\t\t\t<div id=\"elementor-tab-content-1593\" class=\"elementor-tab-content elementor-clearfix\" data-tab=\"3\" role=\"region\" aria-labelledby=\"elementor-tab-title-1593\"><p>Mientras que el outsourcing de TI implica la contrataci\u00f3n de una empresa externa para realizar una funci\u00f3n de TI espec\u00edfica, IT as service proporciona un conjunto completo de soluciones de TI como servicio, incluyendo hardware, software y servicios de soporte.<\/p>\n<\/div>\n\t\t\t\t<\/div>\n\t\t\t\t\t\t\t<div class=\"elementor-accordion-item\">\n\t\t\t\t\t<div id=\"elementor-tab-title-1594\" class=\"elementor-tab-title\" data-tab=\"4\" role=\"button\" aria-controls=\"elementor-tab-content-1594\" aria-expanded=\"false\">\n\t\t\t\t\t\t\t\t\t\t\t\t\t<span class=\"elementor-accordion-icon elementor-accordion-icon-left\" aria-hidden=\"true\">\n\t\t\t\t\t\t\t\t\t\t\t\t\t\t\t<span class=\"elementor-accordion-icon-closed\"><svg class=\"e-font-icon-svg e-fas-plus\" viewBox=\"0 0 448 512\" xmlns=\"http:\/\/www.w3.org\/2000\/svg\"><path d=\"M416 208H272V64c0-17.67-14.33-32-32-32h-32c-17.67 0-32 14.33-32 32v144H32c-17.67 0-32 14.33-32 32v32c0 17.67 14.33 32 32 32h144v144c0 17.67 14.33 32 32 32h32c17.67 0 32-14.33 32-32V304h144c17.67 0 32-14.33 32-32v-32c0-17.67-14.33-32-32-32z\"><\/path><\/svg><\/span>\n\t\t\t\t\t\t\t\t<span class=\"elementor-accordion-icon-opened\"><svg class=\"e-font-icon-svg e-fas-minus\" viewBox=\"0 0 448 512\" xmlns=\"http:\/\/www.w3.org\/2000\/svg\"><path d=\"M416 208H32c-17.67 0-32 14.33-32 32v32c0 17.67 14.33 32 32 32h384c17.67 0 32-14.33 32-32v-32c0-17.67-14.33-32-32-32z\"><\/path><\/svg><\/span>\n\t\t\t\t\t\t\t\t\t\t\t\t\t\t<\/span>\n\t\t\t\t\t\t\t\t\t\t\t\t<a class=\"elementor-accordion-title\" tabindex=\"0\">\u00bfC\u00f3mo puedo determinar si IT as Service es adecuado para mi empresa?<\/a>\n\t\t\t\t\t<\/div>\n\t\t\t\t\t<div id=\"elementor-tab-content-1594\" class=\"elementor-tab-content elementor-clearfix\" data-tab=\"4\" role=\"region\" aria-labelledby=\"elementor-tab-title-1594\"><p>IT as a Service puede ser adecuado para tu empresa si quieres acceso a tecnolog\u00eda de vanguardia sin tener que hacer grandes inversiones iniciales en hardware y software, si quieres m\u00e1s flexibilidad y capacidad de escalar r\u00e1pidamente y si prefieres enfocarte en el crecimiento y la innovaci\u00f3n en lugar de la administraci\u00f3n de TI. Tambi\u00e9n puede ser adecuado si tienes una necesidad temporal de TI que podr\u00eda no justificar una inversi\u00f3n en infraestructura de TI a largo plazo. <\/p>\n<\/div>\n\t\t\t\t<\/div>\n\t\t\t\t\t\t\t\t<\/div>\n\t\t\t\t\t\t<\/div>\n\t\t\t\t<\/div>\n\t\t\t\t\t<\/div>\n\t\t\t\t<\/div>\n\t\t\t\t<\/div>\n\t\t","protected":false},"excerpt":{"rendered":"<p>IT as a Service Los sistemas de informaci\u00f3n cada vez son m\u00e1s heterog\u00e9neos y complejos, disponer de un equipo capacitado para hacer frente a todas las necesidades que puedan surgir es una posibilidad al alcance de pocas empresas. Te ayudamos a complementar tu equipo t\u00e9cnico con especialistas que puedan dar soporte puntualmente al equipo interno [&hellip;]<\/p>\n","protected":false},"author":3,"featured_media":0,"parent":18328,"menu_order":0,"comment_status":"closed","ping_status":"closed","template":"elementor_header_footer","meta":{"_acf_changed":false,"footnotes":""},"class_list":["post-2038","page","type-page","status-publish","hentry"],"acf":[],"_links":{"self":[{"href":"https:\/\/www.sinzerad.com\/es\/wp-json\/wp\/v2\/pages\/2038","targetHints":{"allow":["GET"]}}],"collection":[{"href":"https:\/\/www.sinzerad.com\/es\/wp-json\/wp\/v2\/pages"}],"about":[{"href":"https:\/\/www.sinzerad.com\/es\/wp-json\/wp\/v2\/types\/page"}],"author":[{"embeddable":true,"href":"https:\/\/www.sinzerad.com\/es\/wp-json\/wp\/v2\/users\/3"}],"replies":[{"embeddable":true,"href":"https:\/\/www.sinzerad.com\/es\/wp-json\/wp\/v2\/comments?post=2038"}],"version-history":[{"count":0,"href":"https:\/\/www.sinzerad.com\/es\/wp-json\/wp\/v2\/pages\/2038\/revisions"}],"up":[{"embeddable":true,"href":"https:\/\/www.sinzerad.com\/es\/wp-json\/wp\/v2\/pages\/18328"}],"wp:attachment":[{"href":"https:\/\/www.sinzerad.com\/es\/wp-json\/wp\/v2\/media?parent=2038"}],"curies":[{"name":"wp","href":"https:\/\/api.w.org\/{rel}","templated":true}]}}