{"id":2078,"date":"2022-09-21T13:10:16","date_gmt":"2022-09-21T13:10:16","guid":{"rendered":"https:\/\/www.sinzerad.com\/?page_id=2078"},"modified":"2025-10-10T09:18:27","modified_gmt":"2025-10-10T09:18:27","slug":"ux-ui-design","status":"publish","type":"page","link":"https:\/\/www.sinzerad.com\/es\/servicios\/ux-ui-design\/","title":{"rendered":"UX\/UI DESIGN"},"content":{"rendered":"\t\t<div data-elementor-type=\"wp-page\" data-elementor-id=\"2078\" class=\"elementor elementor-2078 elementor-5159\" data-elementor-post-type=\"page\">\n\t\t\t\t<div class=\"elementor-element elementor-element-555bf72 e-con-full e-flex e-con e-parent\" data-id=\"555bf72\" data-element_type=\"container\" data-e-type=\"container\" data-settings=\"{&quot;background_background&quot;:&quot;classic&quot;}\">\n\t\t\t\t<div class=\"elementor-element elementor-element-20ff7b1 elementor-widget__width-inherit elementor-widget elementor-widget-heading\" data-id=\"20ff7b1\" data-element_type=\"widget\" data-e-type=\"widget\" data-widget_type=\"heading.default\">\n\t\t\t\t<div class=\"elementor-widget-container\">\n\t\t\t\t\t<h1 class=\"elementor-heading-title elementor-size-default\">UX\/UI Design<\/h1>\t\t\t\t<\/div>\n\t\t\t\t<\/div>\n\t\t\t\t<\/div>\n\t\t<div class=\"elementor-element elementor-element-ee2e228 e-flex e-con-boxed elementor-invisible e-con e-parent\" data-id=\"ee2e228\" data-element_type=\"container\" data-e-type=\"container\" data-settings=\"{&quot;animation&quot;:&quot;fadeInUp&quot;}\">\n\t\t\t\t\t<div class=\"e-con-inner\">\n\t\t\t\t<div class=\"elementor-element elementor-element-7c4c2a3 elementor-widget elementor-widget-text-editor\" data-id=\"7c4c2a3\" data-element_type=\"widget\" data-e-type=\"widget\" data-widget_type=\"text-editor.default\">\n\t\t\t\t<div class=\"elementor-widget-container\">\n\t\t\t\t\t\t\t\t\t<p>Entendemos que el \u00e9xito de los servicios y productos que desarrollamos para nuestros clientes tambi\u00e9n depende de una experiencia de usuario \u00f3ptima. Por eso, ofrecemos servicios especializados en Dise\u00f1o UI\/UX, donde nuestro principal objetivo es comprender y anticipar las necesidades de los usuarios finales.  <\/p>\n<p>Esta comprensi\u00f3n nos permite dise\u00f1ar interfaces que no son solo atractivas visualmente, sino que tambi\u00e9n facilitan una interacci\u00f3n fluida y eficiente, mejorando as\u00ed la satisfacci\u00f3n del usuario con los proyectos que desarrollamos para nuestros clientes.<\/p>\n\t\t\t\t\t\t\t\t<\/div>\n\t\t\t\t<\/div>\n\t\t\t\t\t<\/div>\n\t\t\t\t<\/div>\n\t\t<div class=\"elementor-element elementor-element-5219789 e-flex e-con-boxed elementor-invisible e-con e-parent\" data-id=\"5219789\" data-element_type=\"container\" data-e-type=\"container\" data-settings=\"{&quot;animation&quot;:&quot;fadeInUp&quot;}\">\n\t\t\t\t\t<div class=\"e-con-inner\">\n\t\t<div class=\"elementor-element elementor-element-bdb42e2 e-con-full e-flex e-con e-child\" data-id=\"bdb42e2\" data-element_type=\"container\" data-e-type=\"container\">\n\t\t\t\t<div class=\"elementor-element elementor-element-cfaf944 elementor-widget elementor-widget-image\" data-id=\"cfaf944\" data-element_type=\"widget\" data-e-type=\"widget\" data-widget_type=\"image.default\">\n\t\t\t\t<div class=\"elementor-widget-container\">\n\t\t\t\t\t\t\t\t\t\t\t\t\t\t\t<img fetchpriority=\"high\" decoding=\"async\" width=\"800\" height=\"605\" src=\"https:\/\/www.sinzerad.com\/wp-content\/uploads\/2024\/04\/designThink-1024x774.webp\" class=\"attachment-large size-large wp-image-12621\" alt=\"\" srcset=\"https:\/\/www.sinzerad.com\/wp-content\/uploads\/2024\/04\/designThink-1024x774.webp 1024w, https:\/\/www.sinzerad.com\/wp-content\/uploads\/2024\/04\/designThink-300x227.webp 300w, https:\/\/www.sinzerad.com\/wp-content\/uploads\/2024\/04\/designThink-768x580.webp 768w, https:\/\/www.sinzerad.com\/wp-content\/uploads\/2024\/04\/designThink-1536x1161.webp 1536w, https:\/\/www.sinzerad.com\/wp-content\/uploads\/2024\/04\/designThink.webp 1720w\" sizes=\"(max-width: 800px) 100vw, 800px\" title=\"\">\t\t\t\t\t\t\t\t\t\t\t\t\t\t\t<\/div>\n\t\t\t\t<\/div>\n\t\t\t\t<\/div>\n\t\t<div class=\"elementor-element elementor-element-cfc0177 e-con-full e-flex e-con e-child\" data-id=\"cfc0177\" data-element_type=\"container\" data-e-type=\"container\">\n\t\t\t\t<div class=\"elementor-element elementor-element-896b6f1 elementor-widget elementor-widget-heading\" data-id=\"896b6f1\" data-element_type=\"widget\" data-e-type=\"widget\" data-widget_type=\"heading.default\">\n\t\t\t\t<div class=\"elementor-widget-container\">\n\t\t\t\t\t<h2 class=\"elementor-heading-title elementor-size-default\">Design thinking<\/h2>\t\t\t\t<\/div>\n\t\t\t\t<\/div>\n\t\t\t\t<div class=\"elementor-element elementor-element-f4fa896 elementor-widget elementor-widget-text-editor\" data-id=\"f4fa896\" data-element_type=\"widget\" data-e-type=\"widget\" data-widget_type=\"text-editor.default\">\n\t\t\t\t<div class=\"elementor-widget-container\">\n\t\t\t\t\t\t\t\t\t<p><strong>El proceso Design Thinking es una metodolog\u00eda centrada en el usuario, que busca responder a sus necesidades de forma innovadora y creativa.<\/strong><\/p>\n<p>Lo m\u00e1s importante durante el proceso es conocer al usuario para saber qu\u00e9 hay que ofrecerle. Pero no requiere \u00fanicamente un esfuerzo mental, hay que ponernos en su lugar para descubrir de primera mano sus pensamientos, opiniones y quejas.  <\/p>\n<ul>\n<li><strong>Empatizar<\/strong><\/li>\n<li><strong>Definir<\/strong><\/li>\n<li><strong>Idear<\/strong><\/li>\n<li><strong>Prototipar<\/strong><\/li>\n<li><strong>Testear<\/strong><\/li>\n<\/ul>\n\t\t\t\t\t\t\t\t<\/div>\n\t\t\t\t<\/div>\n\t\t\t\t<\/div>\n\t\t\t\t\t<\/div>\n\t\t\t\t<\/div>\n\t\t<div class=\"elementor-element elementor-element-67c9671 e-flex e-con-boxed elementor-invisible e-con e-parent\" data-id=\"67c9671\" data-element_type=\"container\" data-e-type=\"container\" data-settings=\"{&quot;background_background&quot;:&quot;classic&quot;,&quot;animation&quot;:&quot;fadeInUp&quot;}\">\n\t\t\t\t\t<div class=\"e-con-inner\">\n\t\t<div class=\"elementor-element elementor-element-2b670d2 e-con-full e-flex e-con e-child\" data-id=\"2b670d2\" data-element_type=\"container\" data-e-type=\"container\">\n\t\t\t\t<div class=\"elementor-element elementor-element-bc1a3fe elementor-widget elementor-widget-heading\" data-id=\"bc1a3fe\" data-element_type=\"widget\" data-e-type=\"widget\" data-widget_type=\"heading.default\">\n\t\t\t\t<div class=\"elementor-widget-container\">\n\t\t\t\t\t<h2 class=\"elementor-heading-title elementor-size-default\">User experience design\u200b<\/h2>\t\t\t\t<\/div>\n\t\t\t\t<\/div>\n\t\t\t\t<div class=\"elementor-element elementor-element-e117dce elementor-widget elementor-widget-text-editor\" data-id=\"e117dce\" data-element_type=\"widget\" data-e-type=\"widget\" data-widget_type=\"text-editor.default\">\n\t\t\t\t<div class=\"elementor-widget-container\">\n\t\t\t\t\t\t\t\t\t<p>Se habla de dise\u00f1o UX (user experience design) con el prop\u00f3sito de definir el dise\u00f1o de la experiencia de usuario. Por design se hace referencia sobre todo a la \u00abconcepci\u00f3n\u00bb de la experiencia de usuario m\u00e1s que a la creaci\u00f3n visual.  <\/p>\n<p><strong>El papel de un dise\u00f1ador UX es pensar, reflexionar y crear no solo el producto, la interfaz de usuario, sino tambi\u00e9n la experiencia del usuario que esta genera.<\/strong><\/p>\n<p>Para hacer un dise\u00f1o UX hay que tener en cuenta las expectativas, necesidades y posibles deseos de los usuarios.<\/p>\n<p>Podemos definir el dise\u00f1o UX como un proceso compuesto por diferentes etapas:<\/p>\n<ul>\n<li><strong>Research o investigaci\u00f3n<\/strong><\/li>\n<li><strong>Organizaci\u00f3n y estructura<\/strong><\/li>\n<li><strong>Bocetos y prototipos de bajo nivel<\/strong><\/li>\n<\/ul>\n\t\t\t\t\t\t\t\t<\/div>\n\t\t\t\t<\/div>\n\t\t\t\t<\/div>\n\t\t<div class=\"elementor-element elementor-element-35a5ccd e-con-full e-flex e-con e-child\" data-id=\"35a5ccd\" data-element_type=\"container\" data-e-type=\"container\">\n\t\t\t\t<div class=\"elementor-element elementor-element-794ffd5 elementor-widget elementor-widget-image\" data-id=\"794ffd5\" data-element_type=\"widget\" data-e-type=\"widget\" data-widget_type=\"image.default\">\n\t\t\t\t<div class=\"elementor-widget-container\">\n\t\t\t\t\t\t\t\t\t\t\t\t\t\t\t<img decoding=\"async\" width=\"800\" height=\"605\" src=\"https:\/\/www.sinzerad.com\/wp-content\/uploads\/2024\/04\/ux-1024x774.webp\" class=\"attachment-large size-large wp-image-12626\" alt=\"\" srcset=\"https:\/\/www.sinzerad.com\/wp-content\/uploads\/2024\/04\/ux-1024x774.webp 1024w, https:\/\/www.sinzerad.com\/wp-content\/uploads\/2024\/04\/ux-300x227.webp 300w, https:\/\/www.sinzerad.com\/wp-content\/uploads\/2024\/04\/ux-768x580.webp 768w, https:\/\/www.sinzerad.com\/wp-content\/uploads\/2024\/04\/ux-1536x1161.webp 1536w, https:\/\/www.sinzerad.com\/wp-content\/uploads\/2024\/04\/ux.webp 1720w\" sizes=\"(max-width: 800px) 100vw, 800px\" title=\"\">\t\t\t\t\t\t\t\t\t\t\t\t\t\t\t<\/div>\n\t\t\t\t<\/div>\n\t\t\t\t<\/div>\n\t\t\t\t\t<\/div>\n\t\t\t\t<\/div>\n\t\t<div class=\"elementor-element elementor-element-d38398d e-flex e-con-boxed elementor-invisible e-con e-parent\" data-id=\"d38398d\" data-element_type=\"container\" data-e-type=\"container\" data-settings=\"{&quot;animation&quot;:&quot;fadeInUp&quot;}\">\n\t\t\t\t\t<div class=\"e-con-inner\">\n\t\t<div class=\"elementor-element elementor-element-9db4c8e e-con-full e-flex e-con e-child\" data-id=\"9db4c8e\" data-element_type=\"container\" data-e-type=\"container\">\n\t\t\t\t<div class=\"elementor-element elementor-element-3d4a852 elementor-widget elementor-widget-image\" data-id=\"3d4a852\" data-element_type=\"widget\" data-e-type=\"widget\" data-widget_type=\"image.default\">\n\t\t\t\t<div class=\"elementor-widget-container\">\n\t\t\t\t\t\t\t\t\t\t\t\t\t\t\t<img decoding=\"async\" width=\"800\" height=\"605\" src=\"https:\/\/www.sinzerad.com\/wp-content\/uploads\/2022\/12\/ui-1024x774.webp\" class=\"attachment-large size-large wp-image-3230\" alt=\"\" srcset=\"https:\/\/www.sinzerad.com\/wp-content\/uploads\/2022\/12\/ui-1024x774.webp 1024w, https:\/\/www.sinzerad.com\/wp-content\/uploads\/2022\/12\/ui-300x227.webp 300w, https:\/\/www.sinzerad.com\/wp-content\/uploads\/2022\/12\/ui-768x580.webp 768w, https:\/\/www.sinzerad.com\/wp-content\/uploads\/2022\/12\/ui-1536x1161.webp 1536w, https:\/\/www.sinzerad.com\/wp-content\/uploads\/2022\/12\/ui.webp 1720w\" sizes=\"(max-width: 800px) 100vw, 800px\" title=\"\">\t\t\t\t\t\t\t\t\t\t\t\t\t\t\t<\/div>\n\t\t\t\t<\/div>\n\t\t\t\t<\/div>\n\t\t<div class=\"elementor-element elementor-element-fc94c19 e-con-full e-flex e-con e-child\" data-id=\"fc94c19\" data-element_type=\"container\" data-e-type=\"container\">\n\t\t\t\t<div class=\"elementor-element elementor-element-e4708b6 elementor-widget elementor-widget-heading\" data-id=\"e4708b6\" data-element_type=\"widget\" data-e-type=\"widget\" data-widget_type=\"heading.default\">\n\t\t\t\t<div class=\"elementor-widget-container\">\n\t\t\t\t\t<h2 class=\"elementor-heading-title elementor-size-default\">User interface design\u200b<\/h2>\t\t\t\t<\/div>\n\t\t\t\t<\/div>\n\t\t\t\t<div class=\"elementor-element elementor-element-62ea4af elementor-widget elementor-widget-text-editor\" data-id=\"62ea4af\" data-element_type=\"widget\" data-e-type=\"widget\" data-widget_type=\"text-editor.default\">\n\t\t\t\t<div class=\"elementor-widget-container\">\n\t\t\t\t\t\t\t\t\t<p>Se refiere a la creaci\u00f3n de la interfaz, que puede ser visual o desarrollada principalmente con lenguajes como HTML, CSS o JavaScript.<\/p>\n<p><strong>Las elecciones de dise\u00f1o que se hacen al crear una interfaz son determinantes para lograr simplicidad, claridad y simpat\u00eda. Si el dise\u00f1o del sitio web es confuso o dif\u00edcil de leer, \u00a1el usuario saldr\u00e1 corriendo!  <\/strong><\/p>\n<p>El dise\u00f1ador de UI es, por tanto, el responsable principal del aspecto visual de la interfaz y de decidir el viaje del usuario.<\/p>\n<ul>\n<li><strong>Sistema de dise\u00f1o<\/strong><\/li>\n<li><strong>Bocetos y prototipos de alto nivel<\/strong><\/li>\n<li><strong>Pruebas de usabilidad<\/strong>\n<\/li>\n<\/ul>\n\t\t\t\t\t\t\t\t<\/div>\n\t\t\t\t<\/div>\n\t\t\t\t<\/div>\n\t\t\t\t\t<\/div>\n\t\t\t\t<\/div>\n\t\t<div class=\"elementor-element elementor-element-7ffb8e3 e-flex e-con-boxed elementor-invisible e-con e-parent\" data-id=\"7ffb8e3\" data-element_type=\"container\" data-e-type=\"container\" data-settings=\"{&quot;background_background&quot;:&quot;classic&quot;,&quot;animation&quot;:&quot;fadeInUp&quot;}\">\n\t\t\t\t\t<div class=\"e-con-inner\">\n\t\t<div class=\"elementor-element elementor-element-915ddf5 e-con-full e-flex e-con e-child\" data-id=\"915ddf5\" data-element_type=\"container\" data-e-type=\"container\">\n\t\t\t\t<div class=\"elementor-element elementor-element-40433d5 elementor-widget elementor-widget-heading\" data-id=\"40433d5\" data-element_type=\"widget\" data-e-type=\"widget\" data-widget_type=\"heading.default\">\n\t\t\t\t<div class=\"elementor-widget-container\">\n\t\t\t\t\t<h2 class=\"elementor-heading-title elementor-size-default\">Formaci\u00f3n<\/h2>\t\t\t\t<\/div>\n\t\t\t\t<\/div>\n\t\t\t\t<div class=\"elementor-element elementor-element-4f954b3 elementor-widget elementor-widget-text-editor\" data-id=\"4f954b3\" data-element_type=\"widget\" data-e-type=\"widget\" data-widget_type=\"text-editor.default\">\n\t\t\t\t<div class=\"elementor-widget-container\">\n\t\t\t\t\t\t\t\t\t<p>La formaci\u00f3n en UX\/UI Design con Design Sprint 2.0 de SinzerAD est\u00e1 pensada para <b>equipos <\/b><b>de<\/b> <b>desarrollo<\/b> que quieren incorporar metodolog\u00edas de dise\u00f1o centradas en el usuario a sus proyectos.<\/p>\n<p>Este servicio ofrece una introducci\u00f3n completa a los principios de UX\/UI, con una <b>atenci\u00f3n <\/b><b>especial <\/b><b>al<\/b> <b>proceso <\/b><b>Design <\/b><b>Sprint <\/b><b>2.0<\/b>, una metodolog\u00eda \u00e1gil que permite a las empresas prototipar, testear y validar ideas en cuesti\u00f3n de d\u00edas.<\/p>\n<p>Los equipos aprenden a entender las necesidades de los usuarios finales e integrar estos conocimientos desde el inicio del desarrollo, <b>mejorando <\/b><b>as\u00ed<\/b><b> la <\/b><b>calidad<\/b><b> y<\/b> <b>la <\/b><b>eficacia<\/b> <b>del<\/b> <b>producto<\/b>.<\/p>\n\t\t\t\t\t\t\t\t<\/div>\n\t\t\t\t<\/div>\n\t\t\t\t<\/div>\n\t\t<div class=\"elementor-element elementor-element-05bea41 e-con-full e-flex e-con e-child\" data-id=\"05bea41\" data-element_type=\"container\" data-e-type=\"container\">\n\t\t\t\t<div class=\"elementor-element elementor-element-ad1505c elementor-widget elementor-widget-image\" data-id=\"ad1505c\" data-element_type=\"widget\" data-e-type=\"widget\" data-widget_type=\"image.default\">\n\t\t\t\t<div class=\"elementor-widget-container\">\n\t\t\t\t\t\t\t\t\t\t\t\t\t\t\t<img loading=\"lazy\" decoding=\"async\" width=\"800\" height=\"418\" src=\"https:\/\/www.sinzerad.com\/wp-content\/uploads\/2024\/10\/formacion_ES_2-1024x535.webp\" class=\"attachment-large size-large wp-image-32546\" alt=\"\" srcset=\"https:\/\/www.sinzerad.com\/wp-content\/uploads\/2024\/10\/formacion_ES_2-1024x535.webp 1024w, https:\/\/www.sinzerad.com\/wp-content\/uploads\/2024\/10\/formacion_ES_2-300x157.webp 300w, https:\/\/www.sinzerad.com\/wp-content\/uploads\/2024\/10\/formacion_ES_2-768x401.webp 768w, https:\/\/www.sinzerad.com\/wp-content\/uploads\/2024\/10\/formacion_ES_2.webp 1200w\" sizes=\"(max-width: 800px) 100vw, 800px\" title=\"\">\t\t\t\t\t\t\t\t\t\t\t\t\t\t\t<\/div>\n\t\t\t\t<\/div>\n\t\t\t\t<\/div>\n\t\t\t\t\t<\/div>\n\t\t\t\t<\/div>\n\t\t<div class=\"elementor-element elementor-element-ad04d74 e-flex e-con-boxed elementor-invisible e-con e-parent\" data-id=\"ad04d74\" data-element_type=\"container\" data-e-type=\"container\" data-settings=\"{&quot;animation&quot;:&quot;fadeInUp&quot;}\">\n\t\t\t\t\t<div class=\"e-con-inner\">\n\t\t\t\t<div class=\"elementor-element elementor-element-5bdb728 elementor-widget__width-inherit elementor-widget elementor-widget-heading\" data-id=\"5bdb728\" data-element_type=\"widget\" data-e-type=\"widget\" data-widget_type=\"heading.default\">\n\t\t\t\t<div class=\"elementor-widget-container\">\n\t\t\t\t\t<h2 class=\"elementor-heading-title elementor-size-default\">FAQs<\/h2>\t\t\t\t<\/div>\n\t\t\t\t<\/div>\n\t\t\t\t<div class=\"elementor-element elementor-element-006319e elementor-widget elementor-widget-accordion\" data-id=\"006319e\" data-element_type=\"widget\" data-e-type=\"widget\" data-widget_type=\"accordion.default\">\n\t\t\t\t<div class=\"elementor-widget-container\">\n\t\t\t\t\t\t\t<div class=\"elementor-accordion\">\n\t\t\t\t\t\t\t<div class=\"elementor-accordion-item\">\n\t\t\t\t\t<div id=\"elementor-tab-title-4051\" class=\"elementor-tab-title\" data-tab=\"1\" role=\"button\" aria-controls=\"elementor-tab-content-4051\" aria-expanded=\"false\">\n\t\t\t\t\t\t\t\t\t\t\t\t\t<span class=\"elementor-accordion-icon elementor-accordion-icon-left\" aria-hidden=\"true\">\n\t\t\t\t\t\t\t\t\t\t\t\t\t\t\t<span class=\"elementor-accordion-icon-closed\"><svg class=\"e-font-icon-svg e-fas-plus\" viewBox=\"0 0 448 512\" xmlns=\"http:\/\/www.w3.org\/2000\/svg\"><path d=\"M416 208H272V64c0-17.67-14.33-32-32-32h-32c-17.67 0-32 14.33-32 32v144H32c-17.67 0-32 14.33-32 32v32c0 17.67 14.33 32 32 32h144v144c0 17.67 14.33 32 32 32h32c17.67 0 32-14.33 32-32V304h144c17.67 0 32-14.33 32-32v-32c0-17.67-14.33-32-32-32z\"><\/path><\/svg><\/span>\n\t\t\t\t\t\t\t\t<span class=\"elementor-accordion-icon-opened\"><svg class=\"e-font-icon-svg e-fas-minus\" viewBox=\"0 0 448 512\" xmlns=\"http:\/\/www.w3.org\/2000\/svg\"><path d=\"M416 208H32c-17.67 0-32 14.33-32 32v32c0 17.67 14.33 32 32 32h384c17.67 0 32-14.33 32-32v-32c0-17.67-14.33-32-32-32z\"><\/path><\/svg><\/span>\n\t\t\t\t\t\t\t\t\t\t\t\t\t\t<\/span>\n\t\t\t\t\t\t\t\t\t\t\t\t<a class=\"elementor-accordion-title\" tabindex=\"0\">\u00bfPor qu\u00e9 es importante el UX\/UI Design en el desarrollo de software?<\/a>\n\t\t\t\t\t<\/div>\n\t\t\t\t\t<div id=\"elementor-tab-content-4051\" class=\"elementor-tab-content elementor-clearfix\" data-tab=\"1\" role=\"region\" aria-labelledby=\"elementor-tab-title-4051\"><p>El UX\/UI Design es importante en el desarrollo de software porque mejora la experiencia del usuario y la satisfacci\u00f3n, lo que aumenta la adopci\u00f3n y la retenci\u00f3n de usuarios. Tambi\u00e9n puede mejorar la eficiencia y la productividad al reducir la curva de aprendizaje y minimizar la necesidad de soporte del usuario.  <\/p>\n<\/div>\n\t\t\t\t<\/div>\n\t\t\t\t\t\t\t<div class=\"elementor-accordion-item\">\n\t\t\t\t\t<div id=\"elementor-tab-title-4052\" class=\"elementor-tab-title\" data-tab=\"2\" role=\"button\" aria-controls=\"elementor-tab-content-4052\" aria-expanded=\"false\">\n\t\t\t\t\t\t\t\t\t\t\t\t\t<span class=\"elementor-accordion-icon elementor-accordion-icon-left\" aria-hidden=\"true\">\n\t\t\t\t\t\t\t\t\t\t\t\t\t\t\t<span class=\"elementor-accordion-icon-closed\"><svg class=\"e-font-icon-svg e-fas-plus\" viewBox=\"0 0 448 512\" xmlns=\"http:\/\/www.w3.org\/2000\/svg\"><path d=\"M416 208H272V64c0-17.67-14.33-32-32-32h-32c-17.67 0-32 14.33-32 32v144H32c-17.67 0-32 14.33-32 32v32c0 17.67 14.33 32 32 32h144v144c0 17.67 14.33 32 32 32h32c17.67 0 32-14.33 32-32V304h144c17.67 0 32-14.33 32-32v-32c0-17.67-14.33-32-32-32z\"><\/path><\/svg><\/span>\n\t\t\t\t\t\t\t\t<span class=\"elementor-accordion-icon-opened\"><svg class=\"e-font-icon-svg e-fas-minus\" viewBox=\"0 0 448 512\" xmlns=\"http:\/\/www.w3.org\/2000\/svg\"><path d=\"M416 208H32c-17.67 0-32 14.33-32 32v32c0 17.67 14.33 32 32 32h384c17.67 0 32-14.33 32-32v-32c0-17.67-14.33-32-32-32z\"><\/path><\/svg><\/span>\n\t\t\t\t\t\t\t\t\t\t\t\t\t\t<\/span>\n\t\t\t\t\t\t\t\t\t\t\t\t<a class=\"elementor-accordion-title\" tabindex=\"0\">\u00bfC\u00f3mo se integra el UX\/UI Design en el proceso de desarrollo de software?<\/a>\n\t\t\t\t\t<\/div>\n\t\t\t\t\t<div id=\"elementor-tab-content-4052\" class=\"elementor-tab-content elementor-clearfix\" data-tab=\"2\" role=\"region\" aria-labelledby=\"elementor-tab-title-4052\"><p>El UX\/UI Design se integra en el proceso de desarrollo de software a trav\u00e9s de la colaboraci\u00f3n y la retroalimentaci\u00f3n continua entre el equipo de dise\u00f1o y el equipo de desarrollo. El dise\u00f1o de la interfaz se realiza en etapas tempranas del proceso, y los prototipos se prueban con los usuarios para obtener retroalimentaci\u00f3n. Los resultados de la retroalimentaci\u00f3n se utilizan para iterar en el dise\u00f1o y se integran en el proceso de desarrollo del software.   <\/p>\n<\/div>\n\t\t\t\t<\/div>\n\t\t\t\t\t\t\t<div class=\"elementor-accordion-item\">\n\t\t\t\t\t<div id=\"elementor-tab-title-4053\" class=\"elementor-tab-title\" data-tab=\"3\" role=\"button\" aria-controls=\"elementor-tab-content-4053\" aria-expanded=\"false\">\n\t\t\t\t\t\t\t\t\t\t\t\t\t<span class=\"elementor-accordion-icon elementor-accordion-icon-left\" aria-hidden=\"true\">\n\t\t\t\t\t\t\t\t\t\t\t\t\t\t\t<span class=\"elementor-accordion-icon-closed\"><svg class=\"e-font-icon-svg e-fas-plus\" viewBox=\"0 0 448 512\" xmlns=\"http:\/\/www.w3.org\/2000\/svg\"><path d=\"M416 208H272V64c0-17.67-14.33-32-32-32h-32c-17.67 0-32 14.33-32 32v144H32c-17.67 0-32 14.33-32 32v32c0 17.67 14.33 32 32 32h144v144c0 17.67 14.33 32 32 32h32c17.67 0 32-14.33 32-32V304h144c17.67 0 32-14.33 32-32v-32c0-17.67-14.33-32-32-32z\"><\/path><\/svg><\/span>\n\t\t\t\t\t\t\t\t<span class=\"elementor-accordion-icon-opened\"><svg class=\"e-font-icon-svg e-fas-minus\" viewBox=\"0 0 448 512\" xmlns=\"http:\/\/www.w3.org\/2000\/svg\"><path d=\"M416 208H32c-17.67 0-32 14.33-32 32v32c0 17.67 14.33 32 32 32h384c17.67 0 32-14.33 32-32v-32c0-17.67-14.33-32-32-32z\"><\/path><\/svg><\/span>\n\t\t\t\t\t\t\t\t\t\t\t\t\t\t<\/span>\n\t\t\t\t\t\t\t\t\t\t\t\t<a class=\"elementor-accordion-title\" tabindex=\"0\">\u00bfCu\u00e1l es el proceso t\u00edpico de dise\u00f1o UX\/UI en el desarrollo de software?<\/a>\n\t\t\t\t\t<\/div>\n\t\t\t\t\t<div id=\"elementor-tab-content-4053\" class=\"elementor-tab-content elementor-clearfix\" data-tab=\"3\" role=\"region\" aria-labelledby=\"elementor-tab-title-4053\"><p>El proceso t\u00edpico de dise\u00f1o UX\/UI en el desarrollo de software implica la investigaci\u00f3n de usuarios, la definici\u00f3n de los requisitos del usuario, la creaci\u00f3n de wireframes y prototipos, el dise\u00f1o visual y la evaluaci\u00f3n y optimizaci\u00f3n del dise\u00f1o. Este proceso se repite en iteraciones a medida que se recibe retroalimentaci\u00f3n de los usuarios y se realizan mejoras.  <\/p>\n<\/div>\n\t\t\t\t<\/div>\n\t\t\t\t\t\t\t<div class=\"elementor-accordion-item\">\n\t\t\t\t\t<div id=\"elementor-tab-title-4054\" class=\"elementor-tab-title\" data-tab=\"4\" role=\"button\" aria-controls=\"elementor-tab-content-4054\" aria-expanded=\"false\">\n\t\t\t\t\t\t\t\t\t\t\t\t\t<span class=\"elementor-accordion-icon elementor-accordion-icon-left\" aria-hidden=\"true\">\n\t\t\t\t\t\t\t\t\t\t\t\t\t\t\t<span class=\"elementor-accordion-icon-closed\"><svg class=\"e-font-icon-svg e-fas-plus\" viewBox=\"0 0 448 512\" xmlns=\"http:\/\/www.w3.org\/2000\/svg\"><path d=\"M416 208H272V64c0-17.67-14.33-32-32-32h-32c-17.67 0-32 14.33-32 32v144H32c-17.67 0-32 14.33-32 32v32c0 17.67 14.33 32 32 32h144v144c0 17.67 14.33 32 32 32h32c17.67 0 32-14.33 32-32V304h144c17.67 0 32-14.33 32-32v-32c0-17.67-14.33-32-32-32z\"><\/path><\/svg><\/span>\n\t\t\t\t\t\t\t\t<span class=\"elementor-accordion-icon-opened\"><svg class=\"e-font-icon-svg e-fas-minus\" viewBox=\"0 0 448 512\" xmlns=\"http:\/\/www.w3.org\/2000\/svg\"><path d=\"M416 208H32c-17.67 0-32 14.33-32 32v32c0 17.67 14.33 32 32 32h384c17.67 0 32-14.33 32-32v-32c0-17.67-14.33-32-32-32z\"><\/path><\/svg><\/span>\n\t\t\t\t\t\t\t\t\t\t\t\t\t\t<\/span>\n\t\t\t\t\t\t\t\t\t\t\t\t<a class=\"elementor-accordion-title\" tabindex=\"0\">\u00bfC\u00f3mo puede afectar el dise\u00f1o UX\/UI a la rentabilidad de un proyecto de software?<\/a>\n\t\t\t\t\t<\/div>\n\t\t\t\t\t<div id=\"elementor-tab-content-4054\" class=\"elementor-tab-content elementor-clearfix\" data-tab=\"4\" role=\"region\" aria-labelledby=\"elementor-tab-title-4054\"><p>El dise\u00f1o UX\/UI puede afectar significativamente a la rentabilidad de un proyecto de software. Un buen dise\u00f1o puede mejorar la experiencia del usuario y aumentar la adopci\u00f3n y la retenci\u00f3n de usuarios, lo que puede llevar a m\u00e1s ingresos y reducci\u00f3n de costes de soporte al usuario. Por otro lado, un mal dise\u00f1o puede resultar en altas tasas de abandono de usuarios, lo cual puede ser costoso en t\u00e9rminos de tiempo y recursos invertidos en el desarrollo del software.   <\/p>\n<\/div>\n\t\t\t\t<\/div>\n\t\t\t\t\t\t\t\t<\/div>\n\t\t\t\t\t\t<\/div>\n\t\t\t\t<\/div>\n\t\t\t\t\t<\/div>\n\t\t\t\t<\/div>\n\t\t\t\t<\/div>\n\t\t","protected":false},"excerpt":{"rendered":"<p>UX\/UI Design Entendemos que el \u00e9xito de los servicios y productos que desarrollamos para nuestros clientes tambi\u00e9n depende de una experiencia de usuario \u00f3ptima. Por eso, ofrecemos servicios especializados en Dise\u00f1o UI\/UX, donde nuestro principal objetivo es comprender y anticipar las necesidades de los usuarios finales. Esta comprensi\u00f3n nos permite dise\u00f1ar interfaces que no son [&hellip;]<\/p>\n","protected":false},"author":3,"featured_media":0,"parent":18328,"menu_order":0,"comment_status":"closed","ping_status":"closed","template":"elementor_header_footer","meta":{"_acf_changed":false,"footnotes":""},"class_list":["post-2078","page","type-page","status-publish","hentry"],"acf":[],"_links":{"self":[{"href":"https:\/\/www.sinzerad.com\/es\/wp-json\/wp\/v2\/pages\/2078","targetHints":{"allow":["GET"]}}],"collection":[{"href":"https:\/\/www.sinzerad.com\/es\/wp-json\/wp\/v2\/pages"}],"about":[{"href":"https:\/\/www.sinzerad.com\/es\/wp-json\/wp\/v2\/types\/page"}],"author":[{"embeddable":true,"href":"https:\/\/www.sinzerad.com\/es\/wp-json\/wp\/v2\/users\/3"}],"replies":[{"embeddable":true,"href":"https:\/\/www.sinzerad.com\/es\/wp-json\/wp\/v2\/comments?post=2078"}],"version-history":[{"count":0,"href":"https:\/\/www.sinzerad.com\/es\/wp-json\/wp\/v2\/pages\/2078\/revisions"}],"up":[{"embeddable":true,"href":"https:\/\/www.sinzerad.com\/es\/wp-json\/wp\/v2\/pages\/18328"}],"wp:attachment":[{"href":"https:\/\/www.sinzerad.com\/es\/wp-json\/wp\/v2\/media?parent=2078"}],"curies":[{"name":"wp","href":"https:\/\/api.w.org\/{rel}","templated":true}]}}