{"id":316,"date":"2022-09-06T08:58:35","date_gmt":"2022-09-06T08:58:35","guid":{"rendered":"https:\/\/www.sinzerad.com\/?page_id=316"},"modified":"2024-12-07T11:23:19","modified_gmt":"2024-12-07T11:23:19","slug":"aviso-legal","status":"publish","type":"page","link":"https:\/\/www.sinzerad.com\/es\/aviso-legal\/","title":{"rendered":"Aviso legal"},"content":{"rendered":"\t\t<div data-elementor-type=\"wp-page\" data-elementor-id=\"316\" class=\"elementor elementor-316 elementor-4485\" data-elementor-post-type=\"page\">\n\t\t\t\t<div class=\"elementor-element elementor-element-26e64ec e-flex e-con-boxed e-con e-parent\" data-id=\"26e64ec\" data-element_type=\"container\" data-e-type=\"container\">\n\t\t\t\t\t<div class=\"e-con-inner\">\n\t\t\t\t<div class=\"elementor-element elementor-element-3f98628 elementor-widget elementor-widget-heading\" data-id=\"3f98628\" data-element_type=\"widget\" data-e-type=\"widget\" data-widget_type=\"heading.default\">\n\t\t\t\t<div class=\"elementor-widget-container\">\n\t\t\t\t\t<h1 class=\"elementor-heading-title elementor-size-default\">Aviso legal<\/h1>\t\t\t\t<\/div>\n\t\t\t\t<\/div>\n\t\t\t\t<div class=\"elementor-element elementor-element-316a985 elementor-widget elementor-widget-text-editor\" data-id=\"316a985\" data-element_type=\"widget\" data-e-type=\"widget\" data-widget_type=\"text-editor.default\">\n\t\t\t\t<div class=\"elementor-widget-container\">\n\t\t\t\t\t\t\t\t\t<p>De acuerdo con el tratamiento de los datos personales y en la protecci\u00f3n de la intimidad en el sector de las comunicaciones electr\u00f3nicas , ponemos a su conocimiento la siguiente informaci\u00f3n:<\/p><p>SINZERAD SL , es el titular del portal Web sinzerad.com , que act\u00faa exclusivamente como gestora de los contenidos del presente portal Web, domiciliada en: C\/ Del Sol\u00e0 , 7 \u2013 AD200 ENCAMP, es la encargada de la gesti\u00f3n y funcionamiento del sitio Web mencionado anteriormente.<\/p><p>Si quiere contactar con nosotros , puede hacerlo mediante correo postal a la direcci\u00f3n mencionada en el p\u00e1rrafo anterior, o bien a trav\u00e9s del correo electr\u00f3nico a <a href=\"mailto:hola@www.sinzerad.com\">hola@www.sinzerad.com<\/a><\/p>\t\t\t\t\t\t\t\t<\/div>\n\t\t\t\t<\/div>\n\t\t\t\t\t<\/div>\n\t\t\t\t<\/div>\n\t\t\t\t<section class=\"elementor-section elementor-top-section elementor-element elementor-element-26947625 elementor-section-full_width elementor-section-height-default elementor-section-height-default elementor-invisible\" data-id=\"26947625\" data-element_type=\"section\" data-e-type=\"section\" id=\"next\" data-settings=\"{&quot;animation&quot;:&quot;fadeInUp&quot;}\">\n\t\t\t\t\t\t<div class=\"elementor-container elementor-column-gap-no\">\n\t\t\t\t\t<div class=\"elementor-column elementor-col-100 elementor-top-column elementor-element elementor-element-2c835b97\" data-id=\"2c835b97\" data-element_type=\"column\" data-e-type=\"column\">\n\t\t\t<div class=\"elementor-widget-wrap elementor-element-populated\">\n\t\t\t\t\t\t<div class=\"elementor-element elementor-element-e6a60fb elementor-widget elementor-widget-heading\" data-id=\"e6a60fb\" data-element_type=\"widget\" data-e-type=\"widget\" data-widget_type=\"heading.default\">\n\t\t\t\t<div class=\"elementor-widget-container\">\n\t\t\t\t\t<h6 class=\"elementor-heading-title elementor-size-default\">Concepto de Usuario<\/h6>\t\t\t\t<\/div>\n\t\t\t\t<\/div>\n\t\t\t\t<div class=\"elementor-element elementor-element-07c2cec elementor-widget elementor-widget-text-editor\" data-id=\"07c2cec\" data-element_type=\"widget\" data-e-type=\"widget\" data-widget_type=\"text-editor.default\">\n\t\t\t\t<div class=\"elementor-widget-container\">\n\t\t\t\t\t\t\t\t\t<p>La utilizaci\u00f3n del Sitio Web atribuye la condici\u00f3n de Usuario , e implica la aceptaci\u00f3n plena y sin reservas de todas y cada una de las disposiciones incluidas en este Aviso Legal , en la versi\u00f3n publicada por SINZERAD SL , en el mismo momento en qu\u00e9 el Usuario acceda a la Web. En consecuencia , el Usuario debe leer atentamente el presente Aviso Legal en cada una de las ocasiones en que se proponga utilizar la Web, ya que puede sufrir modificaciones .<\/p>\t\t\t\t\t\t\t\t<\/div>\n\t\t\t\t<\/div>\n\t\t\t\t<div class=\"elementor-element elementor-element-066c706 elementor-widget elementor-widget-heading\" data-id=\"066c706\" data-element_type=\"widget\" data-e-type=\"widget\" data-widget_type=\"heading.default\">\n\t\t\t\t<div class=\"elementor-widget-container\">\n\t\t\t\t\t<h6 class=\"elementor-heading-title elementor-size-default\">Informaci\u00f3n sobre los v\u00ednculos \"Links\"<\/h6>\t\t\t\t<\/div>\n\t\t\t\t<\/div>\n\t\t\t\t<div class=\"elementor-element elementor-element-bc268c3 elementor-widget elementor-widget-text-editor\" data-id=\"bc268c3\" data-element_type=\"widget\" data-e-type=\"widget\" data-widget_type=\"text-editor.default\">\n\t\t\t\t<div class=\"elementor-widget-container\">\n\t\t\t\t\t\t\t\t\tSINZERAD SL no se hace responsable de las webs no propias o de terceros , a las que se puede acceder mediante v\u00ednculos \u201c links \u201d o de cualquier contenido puesto a disposici\u00f3n por terceros . \nCualquiera uso de uno v\u00ednculo o acceso a una Web no propia es realizado por voluntad y riesgo exclusivo del usuario y SINZERAD SL no recomienda ni garantiza ninguna informaci\u00f3n obtenida a trav\u00e9s de un v\u00ednculo ajeno a la Web de sinzerad.com , ni se responsabiliza de ninguna p\u00e9rdida , reclamaci\u00f3n o perjuicio derivada del uso o mal uso de uno v\u00ednculo , o de la informaci\u00f3n obtenida a trav\u00e9s de \u00e9l , incluyendo otros v\u00ednculos o webs, de la interrupci\u00f3n en el servicio o en el acceso , o del intento de uso o mal uso de uno v\u00ednculo , tanto al conectar al Sitio Web sinzerad.com al acceder a la informaci\u00f3n otras webs desde el mismo Sitio Web.\n\t\t\t\t\t\t\t\t<\/div>\n\t\t\t\t<\/div>\n\t\t\t\t<div class=\"elementor-element elementor-element-ceaabbe elementor-widget elementor-widget-heading\" data-id=\"ceaabbe\" data-element_type=\"widget\" data-e-type=\"widget\" data-widget_type=\"heading.default\">\n\t\t\t\t<div class=\"elementor-widget-container\">\n\t\t\t\t\t<h6 class=\"elementor-heading-title elementor-size-default\">Renuncia y limitaci\u00f3n de responsabilidades<\/h6>\t\t\t\t<\/div>\n\t\t\t\t<\/div>\n\t\t\t\t<div class=\"elementor-element elementor-element-47a7da1 elementor-widget elementor-widget-text-editor\" data-id=\"47a7da1\" data-element_type=\"widget\" data-e-type=\"widget\" data-widget_type=\"text-editor.default\">\n\t\t\t\t<div class=\"elementor-widget-container\">\n\t\t\t\t\t\t\t\t\tLa informaci\u00f3n y servicios incluidos o disponibles a trav\u00e9s de las p\u00e1ginas Web pueden incluir incorrecciones o errores tipogr\u00e1ficos . De forma peri\u00f3dica se incorporan cambios en la informaci\u00f3n contenida . SINZERAD SL puede introducir en cualquier momento mejoras y\/o cambios en los servicios o contenidos . \nTambi\u00e9n se advierte que los contenidos de esta Web, tienen la finalidad de informar y mantener el contacto con usted , enviarle informaci\u00f3n de los nuestros servicios , seg\u00fan lo previsto en el presente aviso legal y dem\u00e1s textos legales del presente Sitio Web.\n\t\t\t\t\t\t\t\t<\/div>\n\t\t\t\t<\/div>\n\t\t\t\t<div class=\"elementor-element elementor-element-03c8f84 elementor-widget elementor-widget-heading\" data-id=\"03c8f84\" data-element_type=\"widget\" data-e-type=\"widget\" data-widget_type=\"heading.default\">\n\t\t\t\t<div class=\"elementor-widget-container\">\n\t\t\t\t\t<h6 class=\"elementor-heading-title elementor-size-default\">Informaci\u00f3n sobre la exenci\u00f3n de toda responsabilidad derivada de un fallo t\u00e9cnico y de contenido<\/h6>\t\t\t\t<\/div>\n\t\t\t\t<\/div>\n\t\t\t\t<div class=\"elementor-element elementor-element-9ce04df elementor-widget elementor-widget-text-editor\" data-id=\"9ce04df\" data-element_type=\"widget\" data-e-type=\"widget\" data-widget_type=\"text-editor.default\">\n\t\t\t\t<div class=\"elementor-widget-container\">\n\t\t\t\t\t\t\t\t\t<p>SINZERAD SL declina cualquiera responsabilidad en caso de que existan interrupciones o un mal funcionamiento de los servicios o contenidos ofrecidos en Internet, cualquiera que sea su causa .<br \/>As\u00ed Asimismo , SINZERAD SL no se hace responsable por ca\u00eddas de la red , p\u00e9rdidas de negocio a consecuencia de estas ca\u00eddas , suspensiones temporales del fluido el\u00e9ctrico o cualquier otro tipos .<\/p><p>SINZERAD SL no declara ni garantiza que los servicios o contenidos no sean interrumpidos o que est\u00e9n libres de errores , que los defectos sean corregidos , o que el servicio o servidor que lo pone a disposici\u00f3n est\u00e9n libres de virus u otros componentes nocivos , sin perjuicio que SINZERAD SL realiza los sedes mejores esfuerzos en evitar este tipos de incidentes . En caso de que el Usuario tomara determinadas decisiones o realizara acciones con base en la informaci\u00f3n incluida en cualquier de los websites , se recomienda la comprobaci\u00f3n de la informaci\u00f3n recibimiento con otros fuentes .<\/p>\t\t\t\t\t\t\t\t<\/div>\n\t\t\t\t<\/div>\n\t\t\t\t<div class=\"elementor-element elementor-element-4815e6e elementor-widget elementor-widget-heading\" data-id=\"4815e6e\" data-element_type=\"widget\" data-e-type=\"widget\" data-widget_type=\"heading.default\">\n\t\t\t\t<div class=\"elementor-widget-container\">\n\t\t\t\t\t<h3 class=\"elementor-heading-title elementor-size-default\">Informaci\u00f3n relativa a la propiedad intelectual e industrial<\/h3>\t\t\t\t<\/div>\n\t\t\t\t<\/div>\n\t\t\t\t<div class=\"elementor-element elementor-element-1593027 elementor-widget elementor-widget-text-editor\" data-id=\"1593027\" data-element_type=\"widget\" data-e-type=\"widget\" data-widget_type=\"text-editor.default\">\n\t\t\t\t<div class=\"elementor-widget-container\">\n\t\t\t\t\t\t\t\t\t<ol>\n<li>La estructura , dise\u00f1o y forma de presentaci\u00f3n de los elementos ( gr\u00e1ficos , im\u00e1genes , archivos logotipos , combinaciones de colores y cualquier elemento susceptible de protecci\u00f3n protegidos por derechos de propiedad intelectual , titularidad de SINZERAD SL .<\/li>\n<li>Est\u00e1n prohibidas la reproducci\u00f3n , la transformaci\u00f3n , distribuci\u00f3n , comunicaci\u00f3n p\u00fablica, puesta a disposici\u00f3n del p\u00fablico y, en general cualquiera otra forma de explotaci\u00f3n , parcial o total de los elementos referidos en el apartado anterior. Estos actos de explotaci\u00f3n s\u00f3lo podr\u00e1n ser realizados en virtud de autorizaci\u00f3n expresa de SINZERAD SL y que, en todo caso, tendr\u00e1n que hacer referencia expl\u00edcita a la titularidad de los citados derechos de propiedad intelectual de SINZERAD SL .<\/li>\n<li>S\u00f3lo est\u00e1 autorizado para el uso privado del material documental elaborado por SINZERAD SL . En ning\u00fan caso, podr\u00e1 suprimir, alterar, eludir o manipular cualesquiera dispositivos de protecci\u00f3n o sistemas de seguridad que puedan estar instalados .<\/li>\n<li>Salvo autorizaci\u00f3n expresa de SINZERAD SL , no se permite el enlace a \u201c p\u00e1ginas finales \u201d, el \u201c frame \u201d y cualquier otra manipulaci\u00f3n similar. Los enlaces deben estar siempre en la p\u00e1gina principal o \u201c home page \u201d sinzerad.com.<\/li>\n<li>Los signos distintivos (marcas, nombres comerciales) de SINZERAD S.L. est\u00e1n protegidos por derechos de propiedad industrial, quedando prohibida la utilizaci\u00f3n o manipulaci\u00f3n de cualquiera de ellos, excepto con la autorizaci\u00f3n expresa y por escrito de SINZERAD S.L.<\/li><\/ol>\n<div><br><\/div>\t\t\t\t\t\t\t\t<\/div>\n\t\t\t\t<\/div>\n\t\t\t\t<div class=\"elementor-element elementor-element-84f16bf elementor-widget elementor-widget-text-editor\" data-id=\"84f16bf\" data-element_type=\"widget\" data-e-type=\"widget\" data-widget_type=\"text-editor.default\">\n\t\t\t\t<div class=\"elementor-widget-container\">\n\t\t\t\t\t\t\t\t\tLos signos distintivos (marcas, nombres comerciales ) de SINZERAD SL , est\u00e1n protegidos por derechos de propiedad industrial, quedando prohibida la utilizaci\u00f3n o manipulaci\u00f3n de cualesquiera de \u00e9stos , salvo autorizaci\u00f3n expresa y por escrito de SINZERAD\t\t\t\t\t\t\t\t<\/div>\n\t\t\t\t<\/div>\n\t\t\t\t\t<\/div>\n\t\t<\/div>\n\t\t\t\t\t<\/div>\n\t\t<\/section>\n\t\t\t\t<\/div>\n\t\t","protected":false},"excerpt":{"rendered":"<p>Aviso legal De acuerdo con el tratamiento de los datos personales y en la protecci\u00f3n de la intimidad en el sector de las comunicaciones electr\u00f3nicas , ponemos a su conocimiento la siguiente informaci\u00f3n: SINZERAD SL , es el titular del portal Web sinzerad.com , que act\u00faa exclusivamente como gestora de los contenidos del presente portal [&hellip;]<\/p>\n","protected":false},"author":3,"featured_media":0,"parent":0,"menu_order":0,"comment_status":"closed","ping_status":"closed","template":"elementor_header_footer","meta":{"_acf_changed":false,"footnotes":""},"class_list":["post-316","page","type-page","status-publish","hentry"],"acf":[],"_links":{"self":[{"href":"https:\/\/www.sinzerad.com\/es\/wp-json\/wp\/v2\/pages\/316","targetHints":{"allow":["GET"]}}],"collection":[{"href":"https:\/\/www.sinzerad.com\/es\/wp-json\/wp\/v2\/pages"}],"about":[{"href":"https:\/\/www.sinzerad.com\/es\/wp-json\/wp\/v2\/types\/page"}],"author":[{"embeddable":true,"href":"https:\/\/www.sinzerad.com\/es\/wp-json\/wp\/v2\/users\/3"}],"replies":[{"embeddable":true,"href":"https:\/\/www.sinzerad.com\/es\/wp-json\/wp\/v2\/comments?post=316"}],"version-history":[{"count":0,"href":"https:\/\/www.sinzerad.com\/es\/wp-json\/wp\/v2\/pages\/316\/revisions"}],"wp:attachment":[{"href":"https:\/\/www.sinzerad.com\/es\/wp-json\/wp\/v2\/media?parent=316"}],"curies":[{"name":"wp","href":"https:\/\/api.w.org\/{rel}","templated":true}]}}