{"id":4913,"date":"2023-05-18T10:56:10","date_gmt":"2023-05-18T10:56:10","guid":{"rendered":"https:\/\/www.sinzerad.com?page_id=4913"},"modified":"2026-02-19T10:40:56","modified_gmt":"2026-02-19T10:40:56","slug":"certificaciones-de-microsoft","status":"publish","type":"page","link":"https:\/\/www.sinzerad.com\/es\/certificaciones-de-microsoft\/","title":{"rendered":"Certificaciones de Microsoft"},"content":{"rendered":"\t\t<div data-elementor-type=\"wp-page\" data-elementor-id=\"4913\" class=\"elementor elementor-4913 elementor-4905\" data-elementor-post-type=\"page\">\n\t\t\t\t<div class=\"elementor-element elementor-element-c8065cf e-flex e-con-boxed e-con e-parent\" data-id=\"c8065cf\" data-element_type=\"container\" data-e-type=\"container\">\n\t\t\t\t\t<div class=\"e-con-inner\">\n\t\t\t\t<div class=\"elementor-element elementor-element-f460b69 elementor-widget elementor-widget-heading\" data-id=\"f460b69\" data-element_type=\"widget\" data-e-type=\"widget\" data-widget_type=\"heading.default\">\n\t\t\t\t<div class=\"elementor-widget-container\">\n\t\t\t\t\t<h1 class=\"elementor-heading-title elementor-size-default\">Certificaciones de Microsoft<\/h1>\t\t\t\t<\/div>\n\t\t\t\t<\/div>\n\t\t\t\t<div class=\"elementor-element elementor-element-21630e3 elementor-widget elementor-widget-heading\" data-id=\"21630e3\" data-element_type=\"widget\" data-e-type=\"widget\" data-widget_type=\"heading.default\">\n\t\t\t\t<div class=\"elementor-widget-container\">\n\t\t\t\t\t<h2 class=\"elementor-heading-title elementor-size-default\">Las certificaciones de Microsoft son reconocidas a nivel mundial y validan nuestras habilidades t\u00e9cnicas y conocimientos en distintas \u00e1reas de la tecnolog\u00eda. Son credenciales que apoyan nuestra experiencia y demuestran nuestra capacidad para implementar, administrar y solucionar problemas en soluciones de Microsoft, impulsando as\u00ed nuestros servicios en el campo de la tecnolog\u00eda. <\/h2>\t\t\t\t<\/div>\n\t\t\t\t<\/div>\n\t\t\t\t\t<\/div>\n\t\t\t\t<\/div>\n\t\t<div class=\"elementor-element elementor-element-d384d63 e-flex e-con-boxed elementor-invisible e-con e-parent\" data-id=\"d384d63\" data-element_type=\"container\" data-e-type=\"container\" data-settings=\"{&quot;background_background&quot;:&quot;classic&quot;,&quot;animation&quot;:&quot;fadeInUp&quot;}\">\n\t\t\t\t\t<div class=\"e-con-inner\">\n\t\t<div class=\"elementor-element elementor-element-87ca90f e-con-full e-flex e-con e-child\" data-id=\"87ca90f\" data-element_type=\"container\" data-e-type=\"container\" data-settings=\"{&quot;background_background&quot;:&quot;classic&quot;}\">\n\t\t\t\t<div class=\"elementor-element elementor-element-040f135 elementor-widget elementor-widget-image\" data-id=\"040f135\" data-element_type=\"widget\" data-e-type=\"widget\" data-widget_type=\"image.default\">\n\t\t\t\t<div class=\"elementor-widget-container\">\n\t\t\t\t\t\t\t\t\t\t\t\t\t\t\t<img fetchpriority=\"high\" decoding=\"async\" width=\"225\" height=\"225\" src=\"https:\/\/www.sinzerad.com\/wp-content\/uploads\/2023\/05\/AI-900-1.png\" class=\"attachment-large size-large wp-image-39054\" alt=\"\" srcset=\"https:\/\/www.sinzerad.com\/wp-content\/uploads\/2023\/05\/AI-900-1.png 225w, https:\/\/www.sinzerad.com\/wp-content\/uploads\/2023\/05\/AI-900-1-150x150.png 150w\" sizes=\"(max-width: 225px) 100vw, 225px\" title=\"\">\t\t\t\t\t\t\t\t\t\t\t\t\t\t\t<\/div>\n\t\t\t\t<\/div>\n\t\t\t\t<div class=\"elementor-element elementor-element-bb76dc7 elementor-widget elementor-widget-heading\" data-id=\"bb76dc7\" data-element_type=\"widget\" data-e-type=\"widget\" data-widget_type=\"heading.default\">\n\t\t\t\t<div class=\"elementor-widget-container\">\n\t\t\t\t\t<h2 class=\"elementor-heading-title elementor-size-default\">AI-900\u200b<\/h2>\t\t\t\t<\/div>\n\t\t\t\t<\/div>\n\t\t\t\t<div class=\"elementor-element elementor-element-d1087cd elementor-widget elementor-widget-heading\" data-id=\"d1087cd\" data-element_type=\"widget\" data-e-type=\"widget\" data-widget_type=\"heading.default\">\n\t\t\t\t<div class=\"elementor-widget-container\">\n\t\t\t\t\t<h2 class=\"elementor-heading-title elementor-size-default\">El certificado AI-900 Azure AI Fundamentals es una credencial que certifica los conocimientos b\u00e1sicos en inteligencia artificial y su aplicaci\u00f3n en la plataforma de la nube de Microsoft Azure. Este certificado valida la comprensi\u00f3n de los conceptos fundamentales de IA y la capacidad de utilizar servicios de Azure en la creaci\u00f3n de soluciones de IA. <\/h2>\t\t\t\t<\/div>\n\t\t\t\t<\/div>\n\t\t\t\t<\/div>\n\t\t<div class=\"elementor-element elementor-element-2d678e4 e-con-full e-flex e-con e-child\" data-id=\"2d678e4\" data-element_type=\"container\" data-e-type=\"container\" data-settings=\"{&quot;background_background&quot;:&quot;classic&quot;}\">\n\t\t\t\t<div class=\"elementor-element elementor-element-d261dd5 elementor-widget elementor-widget-image\" data-id=\"d261dd5\" data-element_type=\"widget\" data-e-type=\"widget\" data-widget_type=\"image.default\">\n\t\t\t\t<div class=\"elementor-widget-container\">\n\t\t\t\t\t\t\t\t\t\t\t\t\t\t\t<img decoding=\"async\" width=\"225\" height=\"225\" src=\"https:\/\/www.sinzerad.com\/wp-content\/uploads\/2023\/05\/AZ-900-1.png\" class=\"attachment-large size-large wp-image-39056\" alt=\"\" srcset=\"https:\/\/www.sinzerad.com\/wp-content\/uploads\/2023\/05\/AZ-900-1.png 225w, https:\/\/www.sinzerad.com\/wp-content\/uploads\/2023\/05\/AZ-900-1-150x150.png 150w\" sizes=\"(max-width: 225px) 100vw, 225px\" title=\"\">\t\t\t\t\t\t\t\t\t\t\t\t\t\t\t<\/div>\n\t\t\t\t<\/div>\n\t\t\t\t<div class=\"elementor-element elementor-element-7f0feb0 elementor-widget elementor-widget-heading\" data-id=\"7f0feb0\" data-element_type=\"widget\" data-e-type=\"widget\" data-widget_type=\"heading.default\">\n\t\t\t\t<div class=\"elementor-widget-container\">\n\t\t\t\t\t<h2 class=\"elementor-heading-title elementor-size-default\">AZ-900\u200b<\/h2>\t\t\t\t<\/div>\n\t\t\t\t<\/div>\n\t\t\t\t<div class=\"elementor-element elementor-element-136f6b7 elementor-widget elementor-widget-heading\" data-id=\"136f6b7\" data-element_type=\"widget\" data-e-type=\"widget\" data-widget_type=\"heading.default\">\n\t\t\t\t<div class=\"elementor-widget-container\">\n\t\t\t\t\t<h2 class=\"elementor-heading-title elementor-size-default\">El certificado AZ-900 Azure Fundamentals es una acreditaci\u00f3n que valida los conocimientos b\u00e1sicos sobre los servicios y conceptos fundamentales de Microsoft Azure. Este certificado demuestra la comprensi\u00f3n de la nube de Azure, sus beneficios y capacidades, as\u00ed como la capacidad para tomar decisiones informadas en el uso de servicios en la nube. <\/h2>\t\t\t\t<\/div>\n\t\t\t\t<\/div>\n\t\t\t\t<\/div>\n\t\t<div class=\"elementor-element elementor-element-080b166 e-con-full e-flex e-con e-child\" data-id=\"080b166\" data-element_type=\"container\" data-e-type=\"container\" data-settings=\"{&quot;background_background&quot;:&quot;classic&quot;}\">\n\t\t\t\t<div class=\"elementor-element elementor-element-ae67349 elementor-widget elementor-widget-image\" data-id=\"ae67349\" data-element_type=\"widget\" data-e-type=\"widget\" data-widget_type=\"image.default\">\n\t\t\t\t<div class=\"elementor-widget-container\">\n\t\t\t\t\t\t\t\t\t\t\t\t\t\t\t<img decoding=\"async\" width=\"225\" height=\"225\" src=\"https:\/\/www.sinzerad.com\/wp-content\/uploads\/2023\/05\/DP-900-1.png\" class=\"attachment-large size-large wp-image-39058\" alt=\"\" srcset=\"https:\/\/www.sinzerad.com\/wp-content\/uploads\/2023\/05\/DP-900-1.png 225w, https:\/\/www.sinzerad.com\/wp-content\/uploads\/2023\/05\/DP-900-1-150x150.png 150w\" sizes=\"(max-width: 225px) 100vw, 225px\" title=\"\">\t\t\t\t\t\t\t\t\t\t\t\t\t\t\t<\/div>\n\t\t\t\t<\/div>\n\t\t\t\t<div class=\"elementor-element elementor-element-eb2df29 elementor-widget elementor-widget-heading\" data-id=\"eb2df29\" data-element_type=\"widget\" data-e-type=\"widget\" data-widget_type=\"heading.default\">\n\t\t\t\t<div class=\"elementor-widget-container\">\n\t\t\t\t\t<h2 class=\"elementor-heading-title elementor-size-default\">DP-900<\/h2>\t\t\t\t<\/div>\n\t\t\t\t<\/div>\n\t\t\t\t<div class=\"elementor-element elementor-element-b40f95e elementor-widget elementor-widget-heading\" data-id=\"b40f95e\" data-element_type=\"widget\" data-e-type=\"widget\" data-widget_type=\"heading.default\">\n\t\t\t\t<div class=\"elementor-widget-container\">\n\t\t\t\t\t<h2 class=\"elementor-heading-title elementor-size-default\">El certificado DP-900 Azure Data Fundamentals es una acreditaci\u00f3n que valida los conocimientos fundamentales en la gesti\u00f3n y el procesamiento de datos en Microsoft Azure. Este certificado demuestra la comprensi\u00f3n de los conceptos b\u00e1sicos de la gesti\u00f3n de datos, las herramientas de an\u00e1lisis y las soluciones de almacenamiento en la nube de Azure. <\/h2>\t\t\t\t<\/div>\n\t\t\t\t<\/div>\n\t\t\t\t<\/div>\n\t\t<div class=\"elementor-element elementor-element-6f89184 e-con-full e-flex e-con e-child\" data-id=\"6f89184\" data-element_type=\"container\" data-e-type=\"container\" data-settings=\"{&quot;background_background&quot;:&quot;classic&quot;}\">\n\t\t\t\t<div class=\"elementor-element elementor-element-0691aee elementor-widget elementor-widget-image\" data-id=\"0691aee\" data-element_type=\"widget\" data-e-type=\"widget\" data-widget_type=\"image.default\">\n\t\t\t\t<div class=\"elementor-widget-container\">\n\t\t\t\t\t\t\t\t\t\t\t\t\t\t\t<img loading=\"lazy\" decoding=\"async\" width=\"225\" height=\"225\" src=\"https:\/\/www.sinzerad.com\/wp-content\/uploads\/2024\/04\/MB-910-1.png\" class=\"attachment-large size-large wp-image-10166\" alt=\"\" srcset=\"https:\/\/www.sinzerad.com\/wp-content\/uploads\/2024\/04\/MB-910-1.png 225w, https:\/\/www.sinzerad.com\/wp-content\/uploads\/2024\/04\/MB-910-1-150x150.png 150w\" sizes=\"(max-width: 225px) 100vw, 225px\" title=\"\">\t\t\t\t\t\t\t\t\t\t\t\t\t\t\t<\/div>\n\t\t\t\t<\/div>\n\t\t\t\t<div class=\"elementor-element elementor-element-3c5f48a elementor-widget elementor-widget-heading\" data-id=\"3c5f48a\" data-element_type=\"widget\" data-e-type=\"widget\" data-widget_type=\"heading.default\">\n\t\t\t\t<div class=\"elementor-widget-container\">\n\t\t\t\t\t<h2 class=\"elementor-heading-title elementor-size-default\">MB-910<\/h2>\t\t\t\t<\/div>\n\t\t\t\t<\/div>\n\t\t\t\t<div class=\"elementor-element elementor-element-cf3c65e elementor-widget elementor-widget-heading\" data-id=\"cf3c65e\" data-element_type=\"widget\" data-e-type=\"widget\" data-widget_type=\"heading.default\">\n\t\t\t\t<div class=\"elementor-widget-container\">\n\t\t\t\t\t<h2 class=\"elementor-heading-title elementor-size-default\">El certificado MB-910 Dynamics 365 Fundamentals CRM es una certificaci\u00f3n que valida los conocimientos esenciales en la gesti\u00f3n de relaciones con los clientes utilizando la plataforma Dynamics 365. Este certificado demuestra la comprensi\u00f3n de los conceptos b\u00e1sicos de CRM, incluyendo la configuraci\u00f3n de entidades, el seguimiento de ventas y la interacci\u00f3n con los clientes. <\/h2>\t\t\t\t<\/div>\n\t\t\t\t<\/div>\n\t\t\t\t<\/div>\n\t\t<div class=\"elementor-element elementor-element-a69dca6 e-con-full e-flex e-con e-child\" data-id=\"a69dca6\" data-element_type=\"container\" data-e-type=\"container\" data-settings=\"{&quot;background_background&quot;:&quot;classic&quot;}\">\n\t\t\t\t<div class=\"elementor-element elementor-element-ef96567 elementor-widget elementor-widget-image\" data-id=\"ef96567\" data-element_type=\"widget\" data-e-type=\"widget\" data-widget_type=\"image.default\">\n\t\t\t\t<div class=\"elementor-widget-container\">\n\t\t\t\t\t\t\t\t\t\t\t\t\t\t\t<img loading=\"lazy\" decoding=\"async\" width=\"225\" height=\"225\" src=\"https:\/\/www.sinzerad.com\/wp-content\/uploads\/2024\/04\/MB-920-1.png\" class=\"attachment-large size-large wp-image-10173\" alt=\"\" srcset=\"https:\/\/www.sinzerad.com\/wp-content\/uploads\/2024\/04\/MB-920-1.png 225w, https:\/\/www.sinzerad.com\/wp-content\/uploads\/2024\/04\/MB-920-1-150x150.png 150w\" sizes=\"(max-width: 225px) 100vw, 225px\" title=\"\">\t\t\t\t\t\t\t\t\t\t\t\t\t\t\t<\/div>\n\t\t\t\t<\/div>\n\t\t\t\t<div class=\"elementor-element elementor-element-f9c083e elementor-widget elementor-widget-heading\" data-id=\"f9c083e\" data-element_type=\"widget\" data-e-type=\"widget\" data-widget_type=\"heading.default\">\n\t\t\t\t<div class=\"elementor-widget-container\">\n\t\t\t\t\t<h2 class=\"elementor-heading-title elementor-size-default\">MB-920<\/h2>\t\t\t\t<\/div>\n\t\t\t\t<\/div>\n\t\t\t\t<div class=\"elementor-element elementor-element-2fbaa87 elementor-widget elementor-widget-heading\" data-id=\"2fbaa87\" data-element_type=\"widget\" data-e-type=\"widget\" data-widget_type=\"heading.default\">\n\t\t\t\t<div class=\"elementor-widget-container\">\n\t\t\t\t\t<h2 class=\"elementor-heading-title elementor-size-default\">El certificado MB-920 Dynamics 365 Fundamentals ERP es una certificaci\u00f3n que verifica los conocimientos fundamentales en la gesti\u00f3n de recursos empresariales utilizando la plataforma Dynamics 365. Esta certificaci\u00f3n demuestra la comprensi\u00f3n de los conceptos b\u00e1sicos de ERP, incluyendo la configuraci\u00f3n de procesos de negocio, la gesti\u00f3n financiera y la optimizaci\u00f3n de operaciones empresariales. <\/h2>\t\t\t\t<\/div>\n\t\t\t\t<\/div>\n\t\t\t\t<\/div>\n\t\t<div class=\"elementor-element elementor-element-3714425 e-con-full e-flex e-con e-child\" data-id=\"3714425\" data-element_type=\"container\" data-e-type=\"container\" data-settings=\"{&quot;background_background&quot;:&quot;classic&quot;}\">\n\t\t\t\t<div class=\"elementor-element elementor-element-2db0404 elementor-widget elementor-widget-image\" data-id=\"2db0404\" data-element_type=\"widget\" data-e-type=\"widget\" data-widget_type=\"image.default\">\n\t\t\t\t<div class=\"elementor-widget-container\">\n\t\t\t\t\t\t\t\t\t\t\t\t\t\t\t<img loading=\"lazy\" decoding=\"async\" width=\"225\" height=\"225\" src=\"https:\/\/www.sinzerad.com\/wp-content\/uploads\/2024\/04\/PL-900-1.png\" class=\"attachment-large size-large wp-image-10178\" alt=\"\" srcset=\"https:\/\/www.sinzerad.com\/wp-content\/uploads\/2024\/04\/PL-900-1.png 225w, https:\/\/www.sinzerad.com\/wp-content\/uploads\/2024\/04\/PL-900-1-150x150.png 150w\" sizes=\"(max-width: 225px) 100vw, 225px\" title=\"\">\t\t\t\t\t\t\t\t\t\t\t\t\t\t\t<\/div>\n\t\t\t\t<\/div>\n\t\t\t\t<div class=\"elementor-element elementor-element-14a28a1 elementor-widget elementor-widget-heading\" data-id=\"14a28a1\" data-element_type=\"widget\" data-e-type=\"widget\" data-widget_type=\"heading.default\">\n\t\t\t\t<div class=\"elementor-widget-container\">\n\t\t\t\t\t<h2 class=\"elementor-heading-title elementor-size-default\">PL-900<\/h2>\t\t\t\t<\/div>\n\t\t\t\t<\/div>\n\t\t\t\t<div class=\"elementor-element elementor-element-587beac elementor-widget elementor-widget-heading\" data-id=\"587beac\" data-element_type=\"widget\" data-e-type=\"widget\" data-widget_type=\"heading.default\">\n\t\t\t\t<div class=\"elementor-widget-container\">\n\t\t\t\t\t<h2 class=\"elementor-heading-title elementor-size-default\">El certificado PL-900 Power Platform Fundamentals es una certificaci\u00f3n que valida los conocimientos fundamentales sobre la plataforma Power Platform de Microsoft. Esta certificaci\u00f3n demuestra la comprensi\u00f3n de los principales componentes de Power Platform, tales como Power Apps, Power Automate, Power BI y Power Virtual Agents, y c\u00f3mo se pueden utilizar para crear soluciones empresariales eficientes y personalizadas. <\/h2>\t\t\t\t<\/div>\n\t\t\t\t<\/div>\n\t\t\t\t<\/div>\n\t\t<div class=\"elementor-element elementor-element-6491ff6 e-con-full e-flex e-con e-child\" data-id=\"6491ff6\" data-element_type=\"container\" data-e-type=\"container\" data-settings=\"{&quot;background_background&quot;:&quot;classic&quot;}\">\n\t\t\t\t<div class=\"elementor-element elementor-element-e88c607 elementor-widget elementor-widget-image\" data-id=\"e88c607\" data-element_type=\"widget\" data-e-type=\"widget\" data-widget_type=\"image.default\">\n\t\t\t\t<div class=\"elementor-widget-container\">\n\t\t\t\t\t\t\t\t\t\t\t\t\t\t\t<img loading=\"lazy\" decoding=\"async\" width=\"225\" height=\"225\" src=\"https:\/\/www.sinzerad.com\/wp-content\/uploads\/2024\/04\/SC-900.png\" class=\"attachment-large size-large wp-image-10183\" alt=\"\" srcset=\"https:\/\/www.sinzerad.com\/wp-content\/uploads\/2024\/04\/SC-900.png 225w, https:\/\/www.sinzerad.com\/wp-content\/uploads\/2024\/04\/SC-900-150x150.png 150w\" sizes=\"(max-width: 225px) 100vw, 225px\" title=\"\">\t\t\t\t\t\t\t\t\t\t\t\t\t\t\t<\/div>\n\t\t\t\t<\/div>\n\t\t\t\t<div class=\"elementor-element elementor-element-a295045 elementor-widget elementor-widget-heading\" data-id=\"a295045\" data-element_type=\"widget\" data-e-type=\"widget\" data-widget_type=\"heading.default\">\n\t\t\t\t<div class=\"elementor-widget-container\">\n\t\t\t\t\t<h2 class=\"elementor-heading-title elementor-size-default\">SC-900<\/h2>\t\t\t\t<\/div>\n\t\t\t\t<\/div>\n\t\t\t\t<div class=\"elementor-element elementor-element-a7d283d elementor-widget elementor-widget-heading\" data-id=\"a7d283d\" data-element_type=\"widget\" data-e-type=\"widget\" data-widget_type=\"heading.default\">\n\t\t\t\t<div class=\"elementor-widget-container\">\n\t\t\t\t\t<h2 class=\"elementor-heading-title elementor-size-default\">El certificado SC-900 Security, Compliance and Identity Fundamentals es una certificaci\u00f3n que valida los conocimientos b\u00e1sicos en seguridad, cumplimiento normativo e identidad en el \u00e1mbito de la tecnolog\u00eda. Esta certificaci\u00f3n demuestra la comprensi\u00f3n de los conceptos fundamentales de seguridad de datos, cumplimiento de normativas y gesti\u00f3n de identidades, proporcionando las bases necesarias para garantizar la protecci\u00f3n de la informaci\u00f3n y la seguridad en los entornos tecnol\u00f3gicos. <\/h2>\t\t\t\t<\/div>\n\t\t\t\t<\/div>\n\t\t\t\t<\/div>\n\t\t<div class=\"elementor-element elementor-element-909e459 e-con-full e-flex e-con e-child\" data-id=\"909e459\" data-element_type=\"container\" data-e-type=\"container\" data-settings=\"{&quot;background_background&quot;:&quot;classic&quot;}\">\n\t\t\t\t<div class=\"elementor-element elementor-element-9d339e8 elementor-widget elementor-widget-image\" data-id=\"9d339e8\" data-element_type=\"widget\" data-e-type=\"widget\" data-widget_type=\"image.default\">\n\t\t\t\t<div class=\"elementor-widget-container\">\n\t\t\t\t\t\t\t\t\t\t\t\t\t\t\t<img decoding=\"async\" src=\"https:\/\/www.sinzerad.com\/wp-content\/uploads\/2023\/08\/MS-900_V2-1.png\" title=\"\" alt=\"\" loading=\"lazy\">\t\t\t\t\t\t\t\t\t\t\t\t\t\t\t<\/div>\n\t\t\t\t<\/div>\n\t\t\t\t<div class=\"elementor-element elementor-element-ea4a99c elementor-widget elementor-widget-heading\" data-id=\"ea4a99c\" data-element_type=\"widget\" data-e-type=\"widget\" data-widget_type=\"heading.default\">\n\t\t\t\t<div class=\"elementor-widget-container\">\n\t\t\t\t\t<h2 class=\"elementor-heading-title elementor-size-default\">MS-900<\/h2>\t\t\t\t<\/div>\n\t\t\t\t<\/div>\n\t\t\t\t<div class=\"elementor-element elementor-element-077cfee elementor-widget elementor-widget-heading\" data-id=\"077cfee\" data-element_type=\"widget\" data-e-type=\"widget\" data-widget_type=\"heading.default\">\n\t\t\t\t<div class=\"elementor-widget-container\">\n\t\t\t\t\t<h2 class=\"elementor-heading-title elementor-size-default\">La certificaci\u00f3n MS-900, tambi\u00e9n conocida como \"Microsoft 365 Fundamentals\", es una certificaci\u00f3n de nivel b\u00e1sico ofrecida por Microsoft. Esta certificaci\u00f3n est\u00e1 dise\u00f1ada para proporcionar una comprensi\u00f3n b\u00e1sica de los conceptos y servicios fundamentales de Microsoft 365, que es la suite de aplicaciones y servicios en la nube de Microsoft que incluye herramientas como Office 365, Exchange Online, SharePoint Online, Microsoft Teams y m\u00e1s. <\/h2>\t\t\t\t<\/div>\n\t\t\t\t<\/div>\n\t\t\t\t<\/div>\n\t\t\t\t\t<\/div>\n\t\t\t\t<\/div>\n\t\t\t\t<\/div>\n\t\t","protected":false},"excerpt":{"rendered":"<p>Certificaciones de Microsoft Las certificaciones de Microsoft son reconocidas a nivel mundial y validan nuestras habilidades t\u00e9cnicas y conocimientos en distintas \u00e1reas de la tecnolog\u00eda. Son credenciales que apoyan nuestra experiencia y demuestran nuestra capacidad para implementar, administrar y solucionar problemas en soluciones de Microsoft, impulsando as\u00ed nuestros servicios en el campo de la tecnolog\u00eda. [&hellip;]<\/p>\n","protected":false},"author":3,"featured_media":0,"parent":0,"menu_order":0,"comment_status":"closed","ping_status":"closed","template":"elementor_header_footer","meta":{"_acf_changed":false,"footnotes":""},"class_list":["post-4913","page","type-page","status-publish","hentry"],"acf":[],"_links":{"self":[{"href":"https:\/\/www.sinzerad.com\/es\/wp-json\/wp\/v2\/pages\/4913","targetHints":{"allow":["GET"]}}],"collection":[{"href":"https:\/\/www.sinzerad.com\/es\/wp-json\/wp\/v2\/pages"}],"about":[{"href":"https:\/\/www.sinzerad.com\/es\/wp-json\/wp\/v2\/types\/page"}],"author":[{"embeddable":true,"href":"https:\/\/www.sinzerad.com\/es\/wp-json\/wp\/v2\/users\/3"}],"replies":[{"embeddable":true,"href":"https:\/\/www.sinzerad.com\/es\/wp-json\/wp\/v2\/comments?post=4913"}],"version-history":[{"count":1,"href":"https:\/\/www.sinzerad.com\/es\/wp-json\/wp\/v2\/pages\/4913\/revisions"}],"predecessor-version":[{"id":42246,"href":"https:\/\/www.sinzerad.com\/es\/wp-json\/wp\/v2\/pages\/4913\/revisions\/42246"}],"wp:attachment":[{"href":"https:\/\/www.sinzerad.com\/es\/wp-json\/wp\/v2\/media?parent=4913"}],"curies":[{"name":"wp","href":"https:\/\/api.w.org\/{rel}","templated":true}]}}