{"id":606,"date":"2022-09-08T16:25:20","date_gmt":"2022-09-08T16:25:20","guid":{"rendered":"https:\/\/www.sinzerad.com\/?page_id=606"},"modified":"2025-06-20T18:47:09","modified_gmt":"2025-06-20T18:47:09","slug":"politica-de-calidad","status":"publish","type":"page","link":"https:\/\/www.sinzerad.com\/es\/politica-de-calidad\/","title":{"rendered":"Pol\u00edtica de calidad y medio ambiente"},"content":{"rendered":"\t\t<div data-elementor-type=\"wp-page\" data-elementor-id=\"606\" class=\"elementor elementor-606 elementor-4605\" data-elementor-post-type=\"page\">\n\t\t\t\t<div class=\"elementor-element elementor-element-9425a2a e-flex e-con-boxed e-con e-parent\" data-id=\"9425a2a\" data-element_type=\"container\" data-e-type=\"container\">\n\t\t\t\t\t<div class=\"e-con-inner\">\n\t\t\t\t<div class=\"elementor-element elementor-element-8b764b8 elementor-widget elementor-widget-heading\" data-id=\"8b764b8\" data-element_type=\"widget\" data-e-type=\"widget\" data-widget_type=\"heading.default\">\n\t\t\t\t<div class=\"elementor-widget-container\">\n\t\t\t\t\t<h1 class=\"elementor-heading-title elementor-size-default\">Pol\u00edtica de calidad y medio ambiente<\/h1>\t\t\t\t<\/div>\n\t\t\t\t<\/div>\n\t\t\t\t<div class=\"elementor-element elementor-element-558a4c9 elementor-widget elementor-widget-text-editor\" data-id=\"558a4c9\" data-element_type=\"widget\" data-e-type=\"widget\" data-widget_type=\"text-editor.default\">\n\t\t\t\t<div class=\"elementor-widget-container\">\n\t\t\t\t\t\t\t\t\t<p data-start=\"74\" data-end=\"412\">Empresa especializada en la <strong>provisi\u00f3n de productos y servicios inform\u00e1ticos con una gran experiencia en entornos Microsoft<\/strong>, se compromete con sus clientes a ofrecer una prestaci\u00f3n de servicios de la m\u00e1s alta calidad, buscando siempre la excelencia y actuando en el marco del desarrollo sostenible y la prevenci\u00f3n de riesgos laborales.<\/p><p data-start=\"414\" data-end=\"818\" data-is-last-node=\"\" data-is-only-node=\"\">Por este motivo, la Direcci\u00f3n General implanta en la organizaci\u00f3n un sistema de gesti\u00f3n integrado de calidad y medio ambiente, conforme a los requisitos de las normas <strong>ISO 9001:2015 e ISO 14001:2015<\/strong>, y se compromete a cumplir con los requisitos aplicables y a establecer los medios y recursos necesarios para implementar y mantener el sistema integrado, con el objetivo de alcanzar la mejora continua.<\/p>\t\t\t\t\t\t\t\t<\/div>\n\t\t\t\t<\/div>\n\t\t\t\t\t<\/div>\n\t\t\t\t<\/div>\n\t\t\t\t<section class=\"elementor-section elementor-top-section elementor-element elementor-element-8f8c1a4 elementor-section-boxed elementor-section-height-default elementor-section-height-default elementor-invisible\" data-id=\"8f8c1a4\" data-element_type=\"section\" data-e-type=\"section\" data-settings=\"{&quot;animation&quot;:&quot;fadeInUp&quot;}\">\n\t\t\t\t\t\t<div class=\"elementor-container elementor-column-gap-default\">\n\t\t\t\t\t<div class=\"elementor-column elementor-col-100 elementor-top-column elementor-element elementor-element-f9ac011\" data-id=\"f9ac011\" data-element_type=\"column\" data-e-type=\"column\">\n\t\t\t<div class=\"elementor-widget-wrap elementor-element-populated\">\n\t\t\t\t\t\t<section class=\"elementor-section elementor-inner-section elementor-element elementor-element-a9d7845 elementor-section-content-middle elementor-section-boxed elementor-section-height-default elementor-section-height-default\" data-id=\"a9d7845\" data-element_type=\"section\" data-e-type=\"section\">\n\t\t\t\t\t\t<div class=\"elementor-container elementor-column-gap-default\">\n\t\t\t\t\t<div class=\"elementor-column elementor-col-50 elementor-inner-column elementor-element elementor-element-fe34a4a\" data-id=\"fe34a4a\" data-element_type=\"column\" data-e-type=\"column\">\n\t\t\t<div class=\"elementor-widget-wrap elementor-element-populated\">\n\t\t\t\t\t\t<div class=\"elementor-element elementor-element-862891a elementor-widget elementor-widget-image\" data-id=\"862891a\" data-element_type=\"widget\" data-e-type=\"widget\" data-widget_type=\"image.default\">\n\t\t\t\t<div class=\"elementor-widget-container\">\n\t\t\t\t\t\t\t\t\t\t\t\t\t\t\t<img fetchpriority=\"high\" decoding=\"async\" width=\"500\" height=\"227\" src=\"https:\/\/www.sinzerad.com\/wp-content\/uploads\/2024\/04\/ISO-9001.png\" class=\"attachment-full size-full wp-image-8850\" alt=\"\" srcset=\"https:\/\/www.sinzerad.com\/wp-content\/uploads\/2024\/04\/ISO-9001.png 500w, https:\/\/www.sinzerad.com\/wp-content\/uploads\/2024\/04\/ISO-9001-300x136.png 300w\" sizes=\"(max-width: 500px) 100vw, 500px\" title=\"\">\t\t\t\t\t\t\t\t\t\t\t\t\t\t\t<\/div>\n\t\t\t\t<\/div>\n\t\t\t\t<div class=\"elementor-element elementor-element-4d80a50 elementor-align-center btn-primary elementor-invisible elementor-widget elementor-widget-button\" data-id=\"4d80a50\" data-element_type=\"widget\" data-e-type=\"widget\" data-settings=\"{&quot;_animation&quot;:&quot;fadeInUp&quot;}\" data-widget_type=\"button.default\">\n\t\t\t\t<div class=\"elementor-widget-container\">\n\t\t\t\t\t\t\t\t\t<div class=\"elementor-button-wrapper\">\n\t\t\t\t\t<a class=\"elementor-button elementor-button-link elementor-size-sm\" href=\"https:\/\/www.sinzerad.com\/wp-content\/uploads\/2025\/03\/2361_22-ISO-9001-CAT_compressed.pdf\" target=\"_blank\" rel=\"nofollow\">\n\t\t\t\t\t\t<span class=\"elementor-button-content-wrapper\">\n\t\t\t\t\t\t\t\t\t<span class=\"elementor-button-text\">Ver certificado<\/span>\n\t\t\t\t\t<\/span>\n\t\t\t\t\t<\/a>\n\t\t\t\t<\/div>\n\t\t\t\t\t\t\t\t<\/div>\n\t\t\t\t<\/div>\n\t\t\t\t\t<\/div>\n\t\t<\/div>\n\t\t\t\t<div class=\"elementor-column elementor-col-50 elementor-inner-column elementor-element elementor-element-f4338d1\" data-id=\"f4338d1\" data-element_type=\"column\" data-e-type=\"column\">\n\t\t\t<div class=\"elementor-widget-wrap elementor-element-populated\">\n\t\t\t\t\t\t<div class=\"elementor-element elementor-element-5fd6285 elementor-widget elementor-widget-image\" data-id=\"5fd6285\" data-element_type=\"widget\" data-e-type=\"widget\" data-widget_type=\"image.default\">\n\t\t\t\t<div class=\"elementor-widget-container\">\n\t\t\t\t\t\t\t\t\t\t\t\t\t\t\t<img decoding=\"async\" width=\"500\" height=\"227\" src=\"https:\/\/www.sinzerad.com\/wp-content\/uploads\/2024\/04\/ISO-14001.png\" class=\"attachment-large size-large wp-image-8852\" alt=\"\" srcset=\"https:\/\/www.sinzerad.com\/wp-content\/uploads\/2024\/04\/ISO-14001.png 500w, https:\/\/www.sinzerad.com\/wp-content\/uploads\/2024\/04\/ISO-14001-300x136.png 300w\" sizes=\"(max-width: 500px) 100vw, 500px\" title=\"\">\t\t\t\t\t\t\t\t\t\t\t\t\t\t\t<\/div>\n\t\t\t\t<\/div>\n\t\t\t\t<div class=\"elementor-element elementor-element-84529b0 elementor-align-center btn-primary elementor-invisible elementor-widget elementor-widget-button\" data-id=\"84529b0\" data-element_type=\"widget\" data-e-type=\"widget\" data-settings=\"{&quot;_animation&quot;:&quot;fadeInUp&quot;}\" data-widget_type=\"button.default\">\n\t\t\t\t<div class=\"elementor-widget-container\">\n\t\t\t\t\t\t\t\t\t<div class=\"elementor-button-wrapper\">\n\t\t\t\t\t<a class=\"elementor-button elementor-button-link elementor-size-sm\" href=\"https:\/\/www.sinzerad.com\/wp-content\/uploads\/2025\/03\/1199_22-ISO-14001-CAT_compressed.pdf\" target=\"_blank\" rel=\"nofollow\">\n\t\t\t\t\t\t<span class=\"elementor-button-content-wrapper\">\n\t\t\t\t\t\t\t\t\t<span class=\"elementor-button-text\">Ver certificado<\/span>\n\t\t\t\t\t<\/span>\n\t\t\t\t\t<\/a>\n\t\t\t\t<\/div>\n\t\t\t\t\t\t\t\t<\/div>\n\t\t\t\t<\/div>\n\t\t\t\t\t<\/div>\n\t\t<\/div>\n\t\t\t\t\t<\/div>\n\t\t<\/section>\n\t\t\t\t\t<\/div>\n\t\t<\/div>\n\t\t\t\t\t<\/div>\n\t\t<\/section>\n\t\t<div class=\"elementor-element elementor-element-6dc5b3a e-flex e-con-boxed elementor-invisible e-con e-parent\" data-id=\"6dc5b3a\" data-element_type=\"container\" data-e-type=\"container\" data-settings=\"{&quot;animation&quot;:&quot;fadeInUp&quot;}\">\n\t\t\t\t\t<div class=\"e-con-inner\">\n\t\t\t\t<div class=\"elementor-element elementor-element-74f4654 elementor-widget elementor-widget-text-editor\" data-id=\"74f4654\" data-element_type=\"widget\" data-e-type=\"widget\" data-widget_type=\"text-editor.default\">\n\t\t\t\t<div class=\"elementor-widget-container\">\n\t\t\t\t\t\t\t\t\t<p data-start=\"52\" data-end=\"369\">Nuestra pol\u00edtica de calidad y medio ambiente se manifiesta mediante el firme compromiso con nuestros clientes y otras partes interesadas de satisfacer plenamente sus necesidades y expectativas. Por ello, garantizamos impulsar una cultura de calidad y respeto al medio ambiente basada en los siguientes principios:<\/p><ul data-start=\"371\" data-end=\"1885\"><li data-start=\"371\" data-end=\"511\"><p data-start=\"373\" data-end=\"511\"><strong data-start=\"373\" data-end=\"400\">Orientaci\u00f3n al cliente:<\/strong> Nos esforzamos por satisfacer a nuestros clientes, cumpliendo con nuestros est\u00e1ndares internos en la atenci\u00f3n.<\/p><\/li><li data-start=\"513\" data-end=\"715\"><p data-start=\"515\" data-end=\"715\"><strong data-start=\"515\" data-end=\"583\">Calidad, excelencia y toma de decisiones basada en la evidencia:<\/strong> Nos comprometemos a realizar nuestras actividades bajo condiciones controladas y con el cuidado de c\u00f3mo ejecutamos nuestro trabajo.<\/p><\/li><li data-start=\"717\" data-end=\"1058\"><p data-start=\"719\" data-end=\"1058\"><strong data-start=\"719\" data-end=\"750\">Proteger el medio ambiente:<\/strong> Nos comprometemos a contribuir activamente a los Objetivos de Desarrollo Sostenible, especialmente aquellos relacionados con la protecci\u00f3n ambiental, la eficiencia de los recursos y la lucha contra el cambio clim\u00e1tico (ODS 5, 6, 12 y 15), mediante la mejora continua de nuestro sistema de gesti\u00f3n ambiental.<\/p><\/li><li data-start=\"1060\" data-end=\"1287\"><p data-start=\"1062\" data-end=\"1287\"><strong data-start=\"1062\" data-end=\"1114\">Gesti\u00f3n de relaciones, cumplimiento y seguridad:<\/strong> Cumplimos con la legislaci\u00f3n vigente, normas y est\u00e1ndares que nos aplican. Trabajamos para construir relaciones sostenibles y beneficiosas con todas las partes interesadas.<\/p><\/li><li data-start=\"1289\" data-end=\"1468\"><p data-start=\"1291\" data-end=\"1468\"><strong data-start=\"1291\" data-end=\"1327\">Compromiso con los trabajadores:<\/strong> Generamos un buen ambiente laboral, pensando en el bienestar de nuestros empleados, adecuado tambi\u00e9n para nuestros clientes y colaboradores.<\/p><\/li><li data-start=\"1470\" data-end=\"1638\"><p data-start=\"1472\" data-end=\"1638\"><strong data-start=\"1472\" data-end=\"1492\">Mejora continua:<\/strong> Revisamos peri\u00f3dicamente el cumplimiento de nuestros compromisos con los clientes y otras partes interesadas, y evaluamos alternativas de mejora.<\/p><\/li><li data-start=\"1640\" data-end=\"1766\"><p data-start=\"1642\" data-end=\"1766\"><strong data-start=\"1642\" data-end=\"1656\">Liderazgo:<\/strong> La direcci\u00f3n define una visi\u00f3n clara y motiva a todos los niveles hacia el logro de los objetivos de calidad.<\/p><\/li><li data-start=\"1768\" data-end=\"1885\"><p data-start=\"1770\" data-end=\"1885\"><strong data-start=\"1770\" data-end=\"1801\">Enfoque basado en procesos:<\/strong> SinzerAD se esfuerza en gestionar sus actividades mediante un enfoque por procesos.<\/p><\/li><\/ul><p data-start=\"1887\" data-end=\"2162\"><strong data-start=\"1887\" data-end=\"2162\">Con el objetivo de asegurar el cumplimiento de estos principios y garantizar el compromiso con la mejora continua, SinzerAD publica esta pol\u00edtica y la pone a disposici\u00f3n de todas las partes interesadas (personal interno, proveedores, clientes y otras partes interesadas).<\/strong><\/p><p data-start=\"2164\" data-end=\"2450\">El personal interno y colaboradores de SinzerAD tienen la obligaci\u00f3n de aplicar y contribuir a la eficacia y mejora continua del Sistema de Gesti\u00f3n Integrado definido en el Manual de Calidad y los procedimientos que lo sustentan, cada uno desde su \u00e1mbito de actuaci\u00f3n y responsabilidad.<\/p><p data-start=\"2452\" data-end=\"2688\" data-is-last-node=\"\" data-is-only-node=\"\"><strong data-start=\"2452\" data-end=\"2688\" data-is-last-node=\"\">El compromiso con esta pol\u00edtica de calidad es total. Es la gu\u00eda en la b\u00fasqueda de lo que como organizaci\u00f3n queremos ofrecer a nuestros clientes y trabajadores, donde la satisfacci\u00f3n por el trabajo bien hecho es nuestra raz\u00f3n de ser.<\/strong><\/p>\t\t\t\t\t\t\t\t<\/div>\n\t\t\t\t<\/div>\n\t\t\t\t\t<\/div>\n\t\t\t\t<\/div>\n\t\t<div class=\"elementor-element elementor-element-8722a8e e-con-full e-flex e-con e-parent\" data-id=\"8722a8e\" data-element_type=\"container\" data-e-type=\"container\">\n\t\t\t\t<div class=\"elementor-element elementor-element-c442bc1 elementor-widget elementor-widget-shortcode\" data-id=\"c442bc1\" data-element_type=\"widget\" data-e-type=\"widget\" data-widget_type=\"shortcode.default\">\n\t\t\t\t<div class=\"elementor-widget-container\">\n\t\t\t\t\t\t\t<div class=\"elementor-shortcode\"><\/div>\n\t\t\t\t\t\t<\/div>\n\t\t\t\t<\/div>\n\t\t\t\t<\/div>\n\t\t\t\t<\/div>\n\t\t","protected":false},"excerpt":{"rendered":"<p>Pol\u00edtica de calidad y medio ambiente Empresa especializada en la provisi\u00f3n de productos y servicios inform\u00e1ticos con una gran experiencia en entornos Microsoft, se compromete con sus clientes a ofrecer una prestaci\u00f3n de servicios de la m\u00e1s alta calidad, buscando siempre la excelencia y actuando en el marco del desarrollo sostenible y la prevenci\u00f3n de [&hellip;]<\/p>\n","protected":false},"author":3,"featured_media":0,"parent":0,"menu_order":0,"comment_status":"closed","ping_status":"closed","template":"elementor_header_footer","meta":{"_acf_changed":false,"footnotes":""},"class_list":["post-606","page","type-page","status-publish","hentry"],"acf":[],"_links":{"self":[{"href":"https:\/\/www.sinzerad.com\/es\/wp-json\/wp\/v2\/pages\/606","targetHints":{"allow":["GET"]}}],"collection":[{"href":"https:\/\/www.sinzerad.com\/es\/wp-json\/wp\/v2\/pages"}],"about":[{"href":"https:\/\/www.sinzerad.com\/es\/wp-json\/wp\/v2\/types\/page"}],"author":[{"embeddable":true,"href":"https:\/\/www.sinzerad.com\/es\/wp-json\/wp\/v2\/users\/3"}],"replies":[{"embeddable":true,"href":"https:\/\/www.sinzerad.com\/es\/wp-json\/wp\/v2\/comments?post=606"}],"version-history":[{"count":0,"href":"https:\/\/www.sinzerad.com\/es\/wp-json\/wp\/v2\/pages\/606\/revisions"}],"wp:attachment":[{"href":"https:\/\/www.sinzerad.com\/es\/wp-json\/wp\/v2\/media?parent=606"}],"curies":[{"name":"wp","href":"https:\/\/api.w.org\/{rel}","templated":true}]}}