{"id":6197,"date":"2023-09-05T12:49:09","date_gmt":"2023-09-05T12:49:09","guid":{"rendered":"https:\/\/www.sinzerad.com\/?page_id=6197"},"modified":"2025-09-04T09:02:50","modified_gmt":"2025-09-04T09:02:50","slug":"proyectos","status":"publish","type":"page","link":"https:\/\/www.sinzerad.com\/es\/proyectos\/","title":{"rendered":"Proyectos"},"content":{"rendered":"\t\t<div data-elementor-type=\"wp-page\" data-elementor-id=\"6197\" class=\"elementor elementor-6197 elementor-6166\" data-elementor-post-type=\"page\">\n\t\t\t\t<div class=\"elementor-element elementor-element-03e9f5b animated-slow e-flex e-con-boxed elementor-invisible e-con e-parent\" data-id=\"03e9f5b\" data-element_type=\"container\" data-e-type=\"container\" data-settings=\"{&quot;animation&quot;:&quot;fadeIn&quot;}\">\n\t\t\t\t\t<div class=\"e-con-inner\">\n\t\t<div class=\"elementor-element elementor-element-20f01ea e-con-full e-flex e-con e-child\" data-id=\"20f01ea\" data-element_type=\"container\" data-e-type=\"container\">\n\t\t\t\t<div class=\"elementor-element elementor-element-255a200 elementor-widget elementor-widget-heading\" data-id=\"255a200\" data-element_type=\"widget\" data-e-type=\"widget\" data-widget_type=\"heading.default\">\n\t\t\t\t<div class=\"elementor-widget-container\">\n\t\t\t\t\t<h1 class=\"elementor-heading-title elementor-size-default\">Proyectos<\/h1>\t\t\t\t<\/div>\n\t\t\t\t<\/div>\n\t\t\t\t<div class=\"elementor-element elementor-element-dbd185b elementor-widget elementor-widget-heading\" data-id=\"dbd185b\" data-element_type=\"widget\" data-e-type=\"widget\" data-widget_type=\"heading.default\">\n\t\t\t\t<div class=\"elementor-widget-container\">\n\t\t\t\t\t<h4 class=\"elementor-heading-title elementor-size-default\">Explora c\u00f3mo SinzerAD ha transformado desaf\u00edos en logros. Conoce nuestros casos de \u00e9xito y aprende c\u00f3mo podemos ayudarte a alcanzar tus objetivos. <\/h4>\t\t\t\t<\/div>\n\t\t\t\t<\/div>\n\t\t\t\t<\/div>\n\t\t\t\t\t<\/div>\n\t\t\t\t<\/div>\n\t\t<div class=\"elementor-element elementor-element-59cee15 e-flex e-con-boxed e-con e-parent\" data-id=\"59cee15\" data-element_type=\"container\" data-e-type=\"container\">\n\t\t\t\t\t<div class=\"e-con-inner\">\n\t\t<div class=\"elementor-element elementor-element-4a5a868 e-con-full animated-slow e-flex elementor-invisible e-con e-child\" data-id=\"4a5a868\" data-element_type=\"container\" data-e-type=\"container\" data-settings=\"{&quot;animation&quot;:&quot;fadeInLeft&quot;}\">\n\t\t\t\t<div class=\"elementor-element elementor-element-9c369c6 elementor-position-top elementor-widget elementor-widget-image-box\" data-id=\"9c369c6\" data-element_type=\"widget\" data-e-type=\"widget\" data-widget_type=\"image-box.default\">\n\t\t\t\t<div class=\"elementor-widget-container\">\n\t\t\t\t\t<div class=\"elementor-image-box-wrapper\"><figure class=\"elementor-image-box-img\"><a href=\"\/es\/caso-exito-bopa\/\" tabindex=\"-1\"><img fetchpriority=\"high\" decoding=\"async\" width=\"1440\" height=\"1100\" src=\"https:\/\/www.sinzerad.com\/wp-content\/uploads\/2022\/09\/1_Card_bopa.webp\" class=\"elementor-animation-grow attachment-full size-full wp-image-35135\" alt=\"\" title=\"\" srcset=\"https:\/\/www.sinzerad.com\/wp-content\/uploads\/2022\/09\/1_Card_bopa.webp 1440w, https:\/\/www.sinzerad.com\/wp-content\/uploads\/2022\/09\/1_Card_bopa-300x229.webp 300w, https:\/\/www.sinzerad.com\/wp-content\/uploads\/2022\/09\/1_Card_bopa-1024x782.webp 1024w, https:\/\/www.sinzerad.com\/wp-content\/uploads\/2022\/09\/1_Card_bopa-768x587.webp 768w\" sizes=\"(max-width: 1440px) 100vw, 1440px\" \/><\/a><\/figure><div class=\"elementor-image-box-content\"><h3 class=\"elementor-image-box-title\"><a href=\"\/es\/caso-exito-bopa\/\">Portal p\u00fablico \u00b7 Portal del publicador \u00b7 Backoffice<\/a><\/h3><p class=\"elementor-image-box-description\">Website \u00b7 Portal sharepoint<\/p><\/div><\/div>\t\t\t\t<\/div>\n\t\t\t\t<\/div>\n\t\t\t\t<\/div>\n\t\t<div class=\"elementor-element elementor-element-79391bf e-con-full animated-slow e-flex elementor-invisible e-con e-child\" data-id=\"79391bf\" data-element_type=\"container\" data-e-type=\"container\" data-settings=\"{&quot;animation&quot;:&quot;fadeInRight&quot;}\">\n\t\t\t\t<div class=\"elementor-element elementor-element-3addb64 elementor-position-top elementor-widget elementor-widget-image-box\" data-id=\"3addb64\" data-element_type=\"widget\" data-e-type=\"widget\" data-widget_type=\"image-box.default\">\n\t\t\t\t<div class=\"elementor-widget-container\">\n\t\t\t\t\t<div class=\"elementor-image-box-wrapper\"><figure class=\"elementor-image-box-img\"><a href=\"\/es\/caso-exito-gestor-de-tareas\/\" tabindex=\"-1\"><img decoding=\"async\" width=\"1440\" height=\"1100\" src=\"https:\/\/www.sinzerad.com\/wp-content\/uploads\/2022\/09\/1_Card_la_massana.webp\" class=\"elementor-animation-grow attachment-full size-full wp-image-35137\" alt=\"\" title=\"\" srcset=\"https:\/\/www.sinzerad.com\/wp-content\/uploads\/2022\/09\/1_Card_la_massana.webp 1440w, https:\/\/www.sinzerad.com\/wp-content\/uploads\/2022\/09\/1_Card_la_massana-300x229.webp 300w, https:\/\/www.sinzerad.com\/wp-content\/uploads\/2022\/09\/1_Card_la_massana-1024x782.webp 1024w, https:\/\/www.sinzerad.com\/wp-content\/uploads\/2022\/09\/1_Card_la_massana-768x587.webp 768w\" sizes=\"(max-width: 1440px) 100vw, 1440px\" \/><\/a><\/figure><div class=\"elementor-image-box-content\"><h3 class=\"elementor-image-box-title\"><a href=\"\/es\/caso-exito-gestor-de-tareas\/\">Gestor de tareas<\/a><\/h3><p class=\"elementor-image-box-description\">webApp<\/p><\/div><\/div>\t\t\t\t<\/div>\n\t\t\t\t<\/div>\n\t\t\t\t<\/div>\n\t\t\t\t\t<\/div>\n\t\t\t\t<\/div>\n\t\t\t\t<\/div>\n\t\t","protected":false},"excerpt":{"rendered":"<p>Proyectos Explora c\u00f3mo SinzerAD ha transformado desaf\u00edos en logros. Conoce nuestros casos de \u00e9xito y aprende c\u00f3mo podemos ayudarte a alcanzar tus objetivos. Portal p\u00fablico \u00b7 Portal del publicador \u00b7 Backoffice Website \u00b7 Portal sharepoint Gestor de tareas webApp<\/p>\n","protected":false},"author":3,"featured_media":0,"parent":0,"menu_order":0,"comment_status":"closed","ping_status":"closed","template":"elementor_header_footer","meta":{"_acf_changed":false,"footnotes":""},"class_list":["post-6197","page","type-page","status-publish","hentry"],"acf":[],"_links":{"self":[{"href":"https:\/\/www.sinzerad.com\/es\/wp-json\/wp\/v2\/pages\/6197","targetHints":{"allow":["GET"]}}],"collection":[{"href":"https:\/\/www.sinzerad.com\/es\/wp-json\/wp\/v2\/pages"}],"about":[{"href":"https:\/\/www.sinzerad.com\/es\/wp-json\/wp\/v2\/types\/page"}],"author":[{"embeddable":true,"href":"https:\/\/www.sinzerad.com\/es\/wp-json\/wp\/v2\/users\/3"}],"replies":[{"embeddable":true,"href":"https:\/\/www.sinzerad.com\/es\/wp-json\/wp\/v2\/comments?post=6197"}],"version-history":[{"count":0,"href":"https:\/\/www.sinzerad.com\/es\/wp-json\/wp\/v2\/pages\/6197\/revisions"}],"wp:attachment":[{"href":"https:\/\/www.sinzerad.com\/es\/wp-json\/wp\/v2\/media?parent=6197"}],"curies":[{"name":"wp","href":"https:\/\/api.w.org\/{rel}","templated":true}]}}