{"id":35323,"date":"2022-09-06T08:58:35","date_gmt":"2022-09-06T08:58:35","guid":{"rendered":"https:\/\/www.sinzerad.com\/mentions-legales\/"},"modified":"2025-03-19T22:05:45","modified_gmt":"2025-03-19T22:05:45","slug":"mentions-legales","status":"publish","type":"page","link":"https:\/\/www.sinzerad.com\/fr\/mentions-legales\/","title":{"rendered":"Mentions l\u00e9gales"},"content":{"rendered":"\t\t<div data-elementor-type=\"wp-page\" data-elementor-id=\"35323\" class=\"elementor elementor-35323 elementor-4485\" data-elementor-post-type=\"page\">\n\t\t\t\t<div class=\"elementor-element elementor-element-26e64ec e-flex e-con-boxed e-con e-parent\" data-id=\"26e64ec\" data-element_type=\"container\" data-e-type=\"container\">\n\t\t\t\t\t<div class=\"e-con-inner\">\n\t\t\t\t<div class=\"elementor-element elementor-element-3f98628 elementor-widget elementor-widget-heading\" data-id=\"3f98628\" data-element_type=\"widget\" data-e-type=\"widget\" data-widget_type=\"heading.default\">\n\t\t\t\t<div class=\"elementor-widget-container\">\n\t\t\t\t\t<h1 class=\"elementor-heading-title elementor-size-default\">Mentions L\u00e9gales<\/h1>\t\t\t\t<\/div>\n\t\t\t\t<\/div>\n\t\t\t\t<div class=\"elementor-element elementor-element-316a985 elementor-widget elementor-widget-text-editor\" data-id=\"316a985\" data-element_type=\"widget\" data-e-type=\"widget\" data-widget_type=\"text-editor.default\">\n\t\t\t\t<div class=\"elementor-widget-container\">\n\t\t\t\t\t\t\t\t\t<p>Conform\u00e9ment au traitement des donn\u00e9es personnelles et \u00e0 la protection de la vie priv\u00e9e dans le secteur des communications \u00e9lectroniques, nous portons \u00e0 votre connaissance les informations suivantes :<\/p>\n<p>SINZERAD SL, est propri\u00e9taire du site Web sinzerad.com, qui agit exclusivement en tant que gestionnaire du contenu de ce site Web, domicili\u00e9 \u00e0 : C\/ Del Sol\u00e0, 7 \u2013 AD200 ENCAMP, est responsable de la gestion et de l&rsquo;exploitation du site Web susmentionn\u00e9.<\/p>\n<p>Si vous souhaitez nous contacter, vous pouvez le faire par courrier \u00e0 l&rsquo;adresse mentionn\u00e9e au paragraphe pr\u00e9c\u00e9dent, ou par email \u00e0 <a href=\"mailto:hola@www.sinzerad.com\">hola@www.sinzerad.com<\/a><\/p>\n\t\t\t\t\t\t\t\t<\/div>\n\t\t\t\t<\/div>\n\t\t\t\t\t<\/div>\n\t\t\t\t<\/div>\n\t\t\t\t<section class=\"elementor-section elementor-top-section elementor-element elementor-element-26947625 elementor-section-full_width elementor-section-height-default elementor-section-height-default elementor-invisible\" data-id=\"26947625\" data-element_type=\"section\" data-e-type=\"section\" id=\"next\" data-settings=\"{&quot;animation&quot;:&quot;fadeInUp&quot;}\">\n\t\t\t\t\t\t<div class=\"elementor-container elementor-column-gap-no\">\n\t\t\t\t\t<div class=\"elementor-column elementor-col-100 elementor-top-column elementor-element elementor-element-2c835b97\" data-id=\"2c835b97\" data-element_type=\"column\" data-e-type=\"column\">\n\t\t\t<div class=\"elementor-widget-wrap elementor-element-populated\">\n\t\t\t\t\t\t<div class=\"elementor-element elementor-element-e6a60fb elementor-widget elementor-widget-heading\" data-id=\"e6a60fb\" data-element_type=\"widget\" data-e-type=\"widget\" data-widget_type=\"heading.default\">\n\t\t\t\t<div class=\"elementor-widget-container\">\n\t\t\t\t\t<h6 class=\"elementor-heading-title elementor-size-default\">Concept d'utilisateur<\/h6>\t\t\t\t<\/div>\n\t\t\t\t<\/div>\n\t\t\t\t<div class=\"elementor-element elementor-element-07c2cec elementor-widget elementor-widget-text-editor\" data-id=\"07c2cec\" data-element_type=\"widget\" data-e-type=\"widget\" data-widget_type=\"text-editor.default\">\n\t\t\t\t<div class=\"elementor-widget-container\">\n\t\t\t\t\t\t\t\t\t<p>L&rsquo;utilisation du Site Web attribue la condition d&rsquo;Utilisateur et implique l&rsquo;acceptation pleine et sans r\u00e9serve de chacune des dispositions incluses dans le pr\u00e9sent Avis L\u00e9gal, dans la version publi\u00e9e par SINZERAD SL, au moment o\u00f9 l&rsquo;Utilisateur acc\u00e8de au Site Web. Par cons\u00e9quent, l&rsquo;Utilisateur doit lire attentivement le pr\u00e9sent Avis L\u00e9gal \u00e0 chaque fois qu&rsquo;il a l&rsquo;intention d&rsquo;utiliser le Site Web, car celui-ci peut subir des modifications. <\/p>\n\t\t\t\t\t\t\t\t<\/div>\n\t\t\t\t<\/div>\n\t\t\t\t<div class=\"elementor-element elementor-element-066c706 elementor-widget elementor-widget-heading\" data-id=\"066c706\" data-element_type=\"widget\" data-e-type=\"widget\" data-widget_type=\"heading.default\">\n\t\t\t\t<div class=\"elementor-widget-container\">\n\t\t\t\t\t<h6 class=\"elementor-heading-title elementor-size-default\">Informations sur les liens \u00ab&nbsp;Liens&nbsp;\u00bb<\/h6>\t\t\t\t<\/div>\n\t\t\t\t<\/div>\n\t\t\t\t<div class=\"elementor-element elementor-element-bc268c3 elementor-widget elementor-widget-text-editor\" data-id=\"bc268c3\" data-element_type=\"widget\" data-e-type=\"widget\" data-widget_type=\"text-editor.default\">\n\t\t\t\t<div class=\"elementor-widget-container\">\n\t\t\t\t\t\t\t\t\tSINZERAD SL n&rsquo;est pas responsable des sites Web non propri\u00e9taires ou tiers, auxquels on peut acc\u00e9der via des liens ou tout contenu mis \u00e0 disposition par des tiers. Toute utilisation d&rsquo;un lien ou acc\u00e8s \u00e0 un site Web non propri\u00e9taire est effectu\u00e9e \u00e0 la volont\u00e9 et aux risques de l&rsquo;utilisateur et SINZERAD SL ne recommande ni ne garantit aucune information obtenue via un lien en dehors du site Web sinzerad.com, ni n&rsquo;est responsable de toute perte, r\u00e9clamation ou dommage d\u00e9riv\u00e9 de l&rsquo;utilisation ou de la mauvaise utilisation d&rsquo;un lien, ou des informations obtenues via celui-ci, y compris d&rsquo;autres liens ou sites Web, de l&rsquo;interruption du service ou de l&rsquo;acc\u00e8s, ou de la tentative d&rsquo;utilisation ou de mauvaise utilisation d&rsquo;un lien, \u00e0 la fois lors de la connexion au site Web sinzerad.com ou lors de l&rsquo;acc\u00e8s aux informations sur d&rsquo;autres sites Web \u00e0 partir du m\u00eame site Web.   \t\t\t\t\t\t\t\t<\/div>\n\t\t\t\t<\/div>\n\t\t\t\t<div class=\"elementor-element elementor-element-ceaabbe elementor-widget elementor-widget-heading\" data-id=\"ceaabbe\" data-element_type=\"widget\" data-e-type=\"widget\" data-widget_type=\"heading.default\">\n\t\t\t\t<div class=\"elementor-widget-container\">\n\t\t\t\t\t<h6 class=\"elementor-heading-title elementor-size-default\">Avis de non-responsabilit\u00e9 et limitation de responsabilit\u00e9<\/h6>\t\t\t\t<\/div>\n\t\t\t\t<\/div>\n\t\t\t\t<div class=\"elementor-element elementor-element-47a7da1 elementor-widget elementor-widget-text-editor\" data-id=\"47a7da1\" data-element_type=\"widget\" data-e-type=\"widget\" data-widget_type=\"text-editor.default\">\n\t\t\t\t<div class=\"elementor-widget-container\">\n\t\t\t\t\t\t\t\t\tLes informations et services inclus ou disponibles via les pages Web peuvent inclure des inexactitudes ou des erreurs typographiques. Des modifications sont p\u00e9riodiquement int\u00e9gr\u00e9es aux informations contenues. SINZERAD SL peut introduire des am\u00e9liorations et\/ou des modifications aux services ou au contenu \u00e0 tout moment. Nous vous informons \u00e9galement que le contenu de ce site Web est destin\u00e9 \u00e0 vous informer et \u00e0 maintenir le contact avec vous, en vous envoyant des informations sur nos services, comme pr\u00e9vu dans le pr\u00e9sent avis juridique et d&rsquo;autres textes juridiques de ce site Web.     \t\t\t\t\t\t\t\t<\/div>\n\t\t\t\t<\/div>\n\t\t\t\t<div class=\"elementor-element elementor-element-03c8f84 elementor-widget elementor-widget-heading\" data-id=\"03c8f84\" data-element_type=\"widget\" data-e-type=\"widget\" data-widget_type=\"heading.default\">\n\t\t\t\t<div class=\"elementor-widget-container\">\n\t\t\t\t\t<h6 class=\"elementor-heading-title elementor-size-default\">Informations sur l'exon\u00e9ration de toute responsabilit\u00e9 d\u00e9coulant d'une d\u00e9faillance technique et de contenu<\/h6>\t\t\t\t<\/div>\n\t\t\t\t<\/div>\n\t\t\t\t<div class=\"elementor-element elementor-element-9ce04df elementor-widget elementor-widget-text-editor\" data-id=\"9ce04df\" data-element_type=\"widget\" data-e-type=\"widget\" data-widget_type=\"text-editor.default\">\n\t\t\t\t<div class=\"elementor-widget-container\">\n\t\t\t\t\t\t\t\t\t<p>SINZERAD SL d\u00e9cline toute responsabilit\u00e9 en cas d&rsquo;interruptions ou de dysfonctionnement des services ou contenus propos\u00e9s sur Internet, quelle qu&rsquo;en soit la cause.<br \/> De m\u00eame, SINZERAD SL n&rsquo;est pas responsable des pannes de r\u00e9seau, des pertes commerciales r\u00e9sultant de ces pannes, des suspensions temporaires du fluide \u00e9lectrique ou de tout autre type.<\/p>\n<p>SINZERAD SL ne d\u00e9clare ni ne garantit que les services ou contenus ne seront pas interrompus ou qu&rsquo;ils sont exempts d&rsquo;erreurs, que les d\u00e9fauts seront corrig\u00e9s, ou que le service ou le serveur qui le met \u00e0 disposition est exempt de virus ou d&rsquo;autres composants nuisibles, sans pr\u00e9judice du fait que SINZERAD SL fait ses meilleurs efforts pour \u00e9viter ce type d&rsquo;incident. Dans le cas o\u00f9 l&rsquo;Utilisateur prend certaines d\u00e9cisions ou entreprend certaines actions sur la base des informations incluses sur l&rsquo;un des sites Web, il est recommand\u00e9 de v\u00e9rifier les informations re\u00e7ues aupr\u00e8s d&rsquo;autres sources. <\/p>\n\t\t\t\t\t\t\t\t<\/div>\n\t\t\t\t<\/div>\n\t\t\t\t<div class=\"elementor-element elementor-element-4815e6e elementor-widget elementor-widget-heading\" data-id=\"4815e6e\" data-element_type=\"widget\" data-e-type=\"widget\" data-widget_type=\"heading.default\">\n\t\t\t\t<div class=\"elementor-widget-container\">\n\t\t\t\t\t<h3 class=\"elementor-heading-title elementor-size-default\">Informations relatives \u00e0 la propri\u00e9t\u00e9 intellectuelle et industrielle<\/h3>\t\t\t\t<\/div>\n\t\t\t\t<\/div>\n\t\t\t\t<div class=\"elementor-element elementor-element-1593027 elementor-widget elementor-widget-text-editor\" data-id=\"1593027\" data-element_type=\"widget\" data-e-type=\"widget\" data-widget_type=\"text-editor.default\">\n\t\t\t\t<div class=\"elementor-widget-container\">\n\t\t\t\t\t\t\t\t\t<ol>\n<li>La structure, la conception et la pr\u00e9sentation des \u00e9l\u00e9ments (graphiques, images, fichiers de logo, combinaisons de couleurs et tout \u00e9l\u00e9ment susceptible de protection prot\u00e9g\u00e9 par des droits de propri\u00e9t\u00e9 intellectuelle, propri\u00e9t\u00e9 de SINZERAD SL.<\/li>\n<li>La reproduction, la transformation, la distribution, la communication publique, la mise \u00e0 disposition du public et, en g\u00e9n\u00e9ral, toute autre forme d&rsquo;exploitation, partielle ou totale, des \u00e9l\u00e9ments vis\u00e9s \u00e0 l&rsquo;article pr\u00e9c\u00e9dent sont interdites. Ces actes d&rsquo;exploitation ne pourront \u00eatre r\u00e9alis\u00e9s qu&rsquo;en vertu d&rsquo;une autorisation expresse de SINZERAD SL et, dans tous les cas, devront faire explicitement r\u00e9f\u00e9rence \u00e0 la propri\u00e9t\u00e9 des droits de propri\u00e9t\u00e9 intellectuelle susmentionn\u00e9s de SINZERAD SL. <\/li>\n<li>Seule l&rsquo;utilisation priv\u00e9e du mat\u00e9riel documentaire produit par SINZERAD SL est autoris\u00e9e. En aucun cas vous ne pouvez supprimer, alt\u00e9rer, contourner ou manipuler tout dispositif de protection ou syst\u00e8me de s\u00e9curit\u00e9 qui pourrait \u00eatre install\u00e9. <\/li>\n<li>Sauf autorisation expresse de SINZERAD SL, les liens vers les pages finales, le framing et toute autre manipulation similaire ne sont pas autoris\u00e9s. Les liens doivent toujours \u00eatre sur la page principale ou \u00ab page d\u2019accueil \u00bb sinzerad.com. <\/li>\n<li>Les signes distinctifs (marques, noms commerciaux) de SINZERAD SL sont prot\u00e9g\u00e9s par des droits de propri\u00e9t\u00e9 industrielle, l&rsquo;utilisation ou la manipulation de l&rsquo;un d&rsquo;entre eux est interdite, sauf autorisation \u00e9crite expresse de SINZERAD SL.<\/li><\/ol>\n<div><br><\/div>\t\t\t\t\t\t\t\t<\/div>\n\t\t\t\t<\/div>\n\t\t\t\t<div class=\"elementor-element elementor-element-84f16bf elementor-widget elementor-widget-text-editor\" data-id=\"84f16bf\" data-element_type=\"widget\" data-e-type=\"widget\" data-widget_type=\"text-editor.default\">\n\t\t\t\t<div class=\"elementor-widget-container\">\n\t\t\t\t\t\t\t\t\t<p>Les signes distinctifs (marques, noms commerciaux) de SINZERAD SL sont prot\u00e9g\u00e9s par des droits de propri\u00e9t\u00e9 industrielle, et l&rsquo;utilisation ou la manipulation de l&rsquo;un d&rsquo;entre eux est interdite, sauf autorisation \u00e9crite expresse de SINZERAD.<\/p>\n\t\t\t\t\t\t\t\t<\/div>\n\t\t\t\t<\/div>\n\t\t\t\t\t<\/div>\n\t\t<\/div>\n\t\t\t\t\t<\/div>\n\t\t<\/section>\n\t\t\t\t<\/div>\n\t\t","protected":false},"excerpt":{"rendered":"<p>Mentions L\u00e9gales Conform\u00e9ment au traitement des donn\u00e9es personnelles et \u00e0 la protection de la vie priv\u00e9e dans le secteur des communications \u00e9lectroniques, nous portons \u00e0 votre connaissance les informations suivantes : SINZERAD SL, est propri\u00e9taire du site Web sinzerad.com, qui agit exclusivement en tant que gestionnaire du contenu de ce site Web, domicili\u00e9 \u00e0 : [&hellip;]<\/p>\n","protected":false},"author":3,"featured_media":0,"parent":0,"menu_order":0,"comment_status":"closed","ping_status":"closed","template":"elementor_header_footer","meta":{"_acf_changed":false,"footnotes":""},"class_list":["post-35323","page","type-page","status-publish","hentry"],"acf":[],"_links":{"self":[{"href":"https:\/\/www.sinzerad.com\/fr\/wp-json\/wp\/v2\/pages\/35323","targetHints":{"allow":["GET"]}}],"collection":[{"href":"https:\/\/www.sinzerad.com\/fr\/wp-json\/wp\/v2\/pages"}],"about":[{"href":"https:\/\/www.sinzerad.com\/fr\/wp-json\/wp\/v2\/types\/page"}],"author":[{"embeddable":true,"href":"https:\/\/www.sinzerad.com\/fr\/wp-json\/wp\/v2\/users\/3"}],"replies":[{"embeddable":true,"href":"https:\/\/www.sinzerad.com\/fr\/wp-json\/wp\/v2\/comments?post=35323"}],"version-history":[{"count":0,"href":"https:\/\/www.sinzerad.com\/fr\/wp-json\/wp\/v2\/pages\/35323\/revisions"}],"wp:attachment":[{"href":"https:\/\/www.sinzerad.com\/fr\/wp-json\/wp\/v2\/media?parent=35323"}],"curies":[{"name":"wp","href":"https:\/\/api.w.org\/{rel}","templated":true}]}}