{"id":35326,"date":"2023-05-18T10:56:10","date_gmt":"2023-05-18T10:56:10","guid":{"rendered":"https:\/\/www.sinzerad.com\/certifications-microsoft\/"},"modified":"2026-02-19T10:00:43","modified_gmt":"2026-02-19T10:00:43","slug":"certifications-microsoft","status":"publish","type":"page","link":"https:\/\/www.sinzerad.com\/fr\/certifications-microsoft\/","title":{"rendered":"Certifications Microsoft"},"content":{"rendered":"\t\t<div data-elementor-type=\"wp-page\" data-elementor-id=\"35326\" class=\"elementor elementor-35326 elementor-4905\" data-elementor-post-type=\"page\">\n\t\t\t\t<div class=\"elementor-element elementor-element-c8065cf e-flex e-con-boxed e-con e-parent\" data-id=\"c8065cf\" data-element_type=\"container\" data-e-type=\"container\">\n\t\t\t\t\t<div class=\"e-con-inner\">\n\t\t\t\t<div class=\"elementor-element elementor-element-f460b69 elementor-widget elementor-widget-heading\" data-id=\"f460b69\" data-element_type=\"widget\" data-e-type=\"widget\" data-widget_type=\"heading.default\">\n\t\t\t\t<div class=\"elementor-widget-container\">\n\t\t\t\t\t<h1 class=\"elementor-heading-title elementor-size-default\">Certifications Microsoft<\/h1>\t\t\t\t<\/div>\n\t\t\t\t<\/div>\n\t\t\t\t<div class=\"elementor-element elementor-element-21630e3 elementor-widget elementor-widget-heading\" data-id=\"21630e3\" data-element_type=\"widget\" data-e-type=\"widget\" data-widget_type=\"heading.default\">\n\t\t\t\t<div class=\"elementor-widget-container\">\n\t\t\t\t\t<h2 class=\"elementor-heading-title elementor-size-default\">Les certifications Microsoft sont reconnues dans le monde entier et valident nos comp\u00e9tences techniques et nos connaissances dans divers domaines technologiques. Il s\u2019agit de r\u00e9f\u00e9rences qui soutiennent notre exp\u00e9rience et d\u00e9montrent notre capacit\u00e9 \u00e0 mettre en \u0153uvre, g\u00e9rer et d\u00e9panner les solutions Microsoft, renfor\u00e7ant ainsi nos services dans le domaine technologique. <\/h2>\t\t\t\t<\/div>\n\t\t\t\t<\/div>\n\t\t\t\t\t<\/div>\n\t\t\t\t<\/div>\n\t\t<div class=\"elementor-element elementor-element-d384d63 e-flex e-con-boxed elementor-invisible e-con e-parent\" data-id=\"d384d63\" data-element_type=\"container\" data-e-type=\"container\" data-settings=\"{&quot;background_background&quot;:&quot;classic&quot;,&quot;animation&quot;:&quot;fadeInUp&quot;}\">\n\t\t\t\t\t<div class=\"e-con-inner\">\n\t\t<div class=\"elementor-element elementor-element-87ca90f e-con-full e-flex e-con e-child\" data-id=\"87ca90f\" data-element_type=\"container\" data-e-type=\"container\" data-settings=\"{&quot;background_background&quot;:&quot;classic&quot;}\">\n\t\t\t\t<div class=\"elementor-element elementor-element-040f135 elementor-widget elementor-widget-image\" data-id=\"040f135\" data-element_type=\"widget\" data-e-type=\"widget\" data-widget_type=\"image.default\">\n\t\t\t\t<div class=\"elementor-widget-container\">\n\t\t\t\t\t\t\t\t\t\t\t\t\t\t\t<img fetchpriority=\"high\" decoding=\"async\" width=\"225\" height=\"225\" src=\"https:\/\/www.sinzerad.com\/wp-content\/uploads\/2023\/05\/AI-900-1.png\" class=\"attachment-large size-large wp-image-39053\" alt=\"\" srcset=\"https:\/\/www.sinzerad.com\/wp-content\/uploads\/2023\/05\/AI-900-1.png 225w, https:\/\/www.sinzerad.com\/wp-content\/uploads\/2023\/05\/AI-900-1-150x150.png 150w\" sizes=\"(max-width: 225px) 100vw, 225px\" title=\"\">\t\t\t\t\t\t\t\t\t\t\t\t\t\t\t<\/div>\n\t\t\t\t<\/div>\n\t\t\t\t<div class=\"elementor-element elementor-element-bb76dc7 elementor-widget elementor-widget-heading\" data-id=\"bb76dc7\" data-element_type=\"widget\" data-e-type=\"widget\" data-widget_type=\"heading.default\">\n\t\t\t\t<div class=\"elementor-widget-container\">\n\t\t\t\t\t<h2 class=\"elementor-heading-title elementor-size-default\">AI-900<\/h2>\t\t\t\t<\/div>\n\t\t\t\t<\/div>\n\t\t\t\t<div class=\"elementor-element elementor-element-d1087cd elementor-widget elementor-widget-heading\" data-id=\"d1087cd\" data-element_type=\"widget\" data-e-type=\"widget\" data-widget_type=\"heading.default\">\n\t\t\t\t<div class=\"elementor-widget-container\">\n\t\t\t\t\t<h2 class=\"elementor-heading-title elementor-size-default\">Le certificat AI-900 Azure AI Fundamentals est une certification qui certifie les connaissances de base en intelligence artificielle et son application sur la plateforme cloud Microsoft Azure. Ce certificat valide la compr\u00e9hension des concepts fondamentaux de l\u2019IA et la capacit\u00e9 \u00e0 utiliser les services Azure dans la cr\u00e9ation de solutions d\u2019IA. <\/h2>\t\t\t\t<\/div>\n\t\t\t\t<\/div>\n\t\t\t\t<\/div>\n\t\t<div class=\"elementor-element elementor-element-2d678e4 e-con-full e-flex e-con e-child\" data-id=\"2d678e4\" data-element_type=\"container\" data-e-type=\"container\" data-settings=\"{&quot;background_background&quot;:&quot;classic&quot;}\">\n\t\t\t\t<div class=\"elementor-element elementor-element-d261dd5 elementor-widget elementor-widget-image\" data-id=\"d261dd5\" data-element_type=\"widget\" data-e-type=\"widget\" data-widget_type=\"image.default\">\n\t\t\t\t<div class=\"elementor-widget-container\">\n\t\t\t\t\t\t\t\t\t\t\t\t\t\t\t<img decoding=\"async\" width=\"225\" height=\"225\" src=\"https:\/\/www.sinzerad.com\/wp-content\/uploads\/2023\/05\/AZ-900-1.png\" class=\"attachment-large size-large wp-image-39055\" alt=\"\" srcset=\"https:\/\/www.sinzerad.com\/wp-content\/uploads\/2023\/05\/AZ-900-1.png 225w, https:\/\/www.sinzerad.com\/wp-content\/uploads\/2023\/05\/AZ-900-1-150x150.png 150w\" sizes=\"(max-width: 225px) 100vw, 225px\" title=\"\">\t\t\t\t\t\t\t\t\t\t\t\t\t\t\t<\/div>\n\t\t\t\t<\/div>\n\t\t\t\t<div class=\"elementor-element elementor-element-7f0feb0 elementor-widget elementor-widget-heading\" data-id=\"7f0feb0\" data-element_type=\"widget\" data-e-type=\"widget\" data-widget_type=\"heading.default\">\n\t\t\t\t<div class=\"elementor-widget-container\">\n\t\t\t\t\t<h2 class=\"elementor-heading-title elementor-size-default\">AZ-900<\/h2>\t\t\t\t<\/div>\n\t\t\t\t<\/div>\n\t\t\t\t<div class=\"elementor-element elementor-element-136f6b7 elementor-widget elementor-widget-heading\" data-id=\"136f6b7\" data-element_type=\"widget\" data-e-type=\"widget\" data-widget_type=\"heading.default\">\n\t\t\t\t<div class=\"elementor-widget-container\">\n\t\t\t\t\t<h2 class=\"elementor-heading-title elementor-size-default\">Le certificat AZ-900 Azure Fundamentals est une accr\u00e9ditation qui valide les connaissances de base des services Microsoft Azure et des concepts fondamentaux. Ce certificat d\u00e9montre la compr\u00e9hension du cloud Azure, de ses avantages et de ses capacit\u00e9s, ainsi que la capacit\u00e9 \u00e0 prendre des d\u00e9cisions \u00e9clair\u00e9es lors de l'utilisation des services cloud. <\/h2>\t\t\t\t<\/div>\n\t\t\t\t<\/div>\n\t\t\t\t<\/div>\n\t\t<div class=\"elementor-element elementor-element-080b166 e-con-full e-flex e-con e-child\" data-id=\"080b166\" data-element_type=\"container\" data-e-type=\"container\" data-settings=\"{&quot;background_background&quot;:&quot;classic&quot;}\">\n\t\t\t\t<div class=\"elementor-element elementor-element-ae67349 elementor-widget elementor-widget-image\" data-id=\"ae67349\" data-element_type=\"widget\" data-e-type=\"widget\" data-widget_type=\"image.default\">\n\t\t\t\t<div class=\"elementor-widget-container\">\n\t\t\t\t\t\t\t\t\t\t\t\t\t\t\t<img decoding=\"async\" width=\"225\" height=\"225\" src=\"https:\/\/www.sinzerad.com\/wp-content\/uploads\/2023\/05\/DP-900-1.png\" class=\"attachment-large size-large wp-image-39057\" alt=\"\" srcset=\"https:\/\/www.sinzerad.com\/wp-content\/uploads\/2023\/05\/DP-900-1.png 225w, https:\/\/www.sinzerad.com\/wp-content\/uploads\/2023\/05\/DP-900-1-150x150.png 150w\" sizes=\"(max-width: 225px) 100vw, 225px\" title=\"\">\t\t\t\t\t\t\t\t\t\t\t\t\t\t\t<\/div>\n\t\t\t\t<\/div>\n\t\t\t\t<div class=\"elementor-element elementor-element-eb2df29 elementor-widget elementor-widget-heading\" data-id=\"eb2df29\" data-element_type=\"widget\" data-e-type=\"widget\" data-widget_type=\"heading.default\">\n\t\t\t\t<div class=\"elementor-widget-container\">\n\t\t\t\t\t<h2 class=\"elementor-heading-title elementor-size-default\">DP-900<\/h2>\t\t\t\t<\/div>\n\t\t\t\t<\/div>\n\t\t\t\t<div class=\"elementor-element elementor-element-b40f95e elementor-widget elementor-widget-heading\" data-id=\"b40f95e\" data-element_type=\"widget\" data-e-type=\"widget\" data-widget_type=\"heading.default\">\n\t\t\t\t<div class=\"elementor-widget-container\">\n\t\t\t\t\t<h2 class=\"elementor-heading-title elementor-size-default\">Le certificat DP-900 Azure Data Fundamentals est une accr\u00e9ditation qui valide les connaissances fondamentales en gestion et traitement des donn\u00e9es dans Microsoft Azure. Ce certificat d\u00e9montre la compr\u00e9hension des principes fondamentaux de la gestion des donn\u00e9es, des outils d\u2019analyse et des solutions de stockage cloud Azure. <\/h2>\t\t\t\t<\/div>\n\t\t\t\t<\/div>\n\t\t\t\t<\/div>\n\t\t<div class=\"elementor-element elementor-element-6f89184 e-con-full e-flex e-con e-child\" data-id=\"6f89184\" data-element_type=\"container\" data-e-type=\"container\" data-settings=\"{&quot;background_background&quot;:&quot;classic&quot;}\">\n\t\t\t\t<div class=\"elementor-element elementor-element-0691aee elementor-widget elementor-widget-image\" data-id=\"0691aee\" data-element_type=\"widget\" data-e-type=\"widget\" data-widget_type=\"image.default\">\n\t\t\t\t<div class=\"elementor-widget-container\">\n\t\t\t\t\t\t\t\t\t\t\t\t\t\t\t<img loading=\"lazy\" decoding=\"async\" width=\"225\" height=\"225\" src=\"https:\/\/www.sinzerad.com\/wp-content\/uploads\/2024\/04\/MB-910-1.png\" class=\"attachment-large size-large wp-image-39163\" alt=\"\" srcset=\"https:\/\/www.sinzerad.com\/wp-content\/uploads\/2024\/04\/MB-910-1.png 225w, https:\/\/www.sinzerad.com\/wp-content\/uploads\/2024\/04\/MB-910-1-150x150.png 150w\" sizes=\"(max-width: 225px) 100vw, 225px\" title=\"\">\t\t\t\t\t\t\t\t\t\t\t\t\t\t\t<\/div>\n\t\t\t\t<\/div>\n\t\t\t\t<div class=\"elementor-element elementor-element-3c5f48a elementor-widget elementor-widget-heading\" data-id=\"3c5f48a\" data-element_type=\"widget\" data-e-type=\"widget\" data-widget_type=\"heading.default\">\n\t\t\t\t<div class=\"elementor-widget-container\">\n\t\t\t\t\t<h2 class=\"elementor-heading-title elementor-size-default\">MB-910<\/h2>\t\t\t\t<\/div>\n\t\t\t\t<\/div>\n\t\t\t\t<div class=\"elementor-element elementor-element-cf3c65e elementor-widget elementor-widget-heading\" data-id=\"cf3c65e\" data-element_type=\"widget\" data-e-type=\"widget\" data-widget_type=\"heading.default\">\n\t\t\t\t<div class=\"elementor-widget-container\">\n\t\t\t\t\t<h2 class=\"elementor-heading-title elementor-size-default\">Le certificat MB-910 \u00ab&nbsp;Fundamentals CRM Dynamics 365&nbsp;\u00bb valide les connaissances essentielles en gestion de la relation client sur la plateforme Dynamics 365. Ce certificat atteste de la compr\u00e9hension des concepts CRM de base, notamment la configuration des entit\u00e9s, le suivi des ventes et l'interaction client. <\/h2>\t\t\t\t<\/div>\n\t\t\t\t<\/div>\n\t\t\t\t<\/div>\n\t\t<div class=\"elementor-element elementor-element-a69dca6 e-con-full e-flex e-con e-child\" data-id=\"a69dca6\" data-element_type=\"container\" data-e-type=\"container\" data-settings=\"{&quot;background_background&quot;:&quot;classic&quot;}\">\n\t\t\t\t<div class=\"elementor-element elementor-element-ef96567 elementor-widget elementor-widget-image\" data-id=\"ef96567\" data-element_type=\"widget\" data-e-type=\"widget\" data-widget_type=\"image.default\">\n\t\t\t\t<div class=\"elementor-widget-container\">\n\t\t\t\t\t\t\t\t\t\t\t\t\t\t\t<img loading=\"lazy\" decoding=\"async\" width=\"225\" height=\"225\" src=\"https:\/\/www.sinzerad.com\/wp-content\/uploads\/2024\/04\/MB-920-1.png\" class=\"attachment-large size-large wp-image-39164\" alt=\"\" srcset=\"https:\/\/www.sinzerad.com\/wp-content\/uploads\/2024\/04\/MB-920-1.png 225w, https:\/\/www.sinzerad.com\/wp-content\/uploads\/2024\/04\/MB-920-1-150x150.png 150w\" sizes=\"(max-width: 225px) 100vw, 225px\" title=\"\">\t\t\t\t\t\t\t\t\t\t\t\t\t\t\t<\/div>\n\t\t\t\t<\/div>\n\t\t\t\t<div class=\"elementor-element elementor-element-f9c083e elementor-widget elementor-widget-heading\" data-id=\"f9c083e\" data-element_type=\"widget\" data-e-type=\"widget\" data-widget_type=\"heading.default\">\n\t\t\t\t<div class=\"elementor-widget-container\">\n\t\t\t\t\t<h2 class=\"elementor-heading-title elementor-size-default\">MB-920<\/h2>\t\t\t\t<\/div>\n\t\t\t\t<\/div>\n\t\t\t\t<div class=\"elementor-element elementor-element-2fbaa87 elementor-widget elementor-widget-heading\" data-id=\"2fbaa87\" data-element_type=\"widget\" data-e-type=\"widget\" data-widget_type=\"heading.default\">\n\t\t\t\t<div class=\"elementor-widget-container\">\n\t\t\t\t\t<h2 class=\"elementor-heading-title elementor-size-default\">La certification MB-920 \u00ab&nbsp;Fondamentaux ERP Dynamics 365&nbsp;\u00bb atteste des connaissances fondamentales en gestion des ressources d'entreprise (ERP) sur la plateforme Dynamics 365. Elle atteste de la compr\u00e9hension des concepts de base de l'ERP, notamment la configuration des processus m\u00e9tier, la gestion financi\u00e8re et l'optimisation des op\u00e9rations commerciales. <\/h2>\t\t\t\t<\/div>\n\t\t\t\t<\/div>\n\t\t\t\t<\/div>\n\t\t<div class=\"elementor-element elementor-element-3714425 e-con-full e-flex e-con e-child\" data-id=\"3714425\" data-element_type=\"container\" data-e-type=\"container\" data-settings=\"{&quot;background_background&quot;:&quot;classic&quot;}\">\n\t\t\t\t<div class=\"elementor-element elementor-element-2db0404 elementor-widget elementor-widget-image\" data-id=\"2db0404\" data-element_type=\"widget\" data-e-type=\"widget\" data-widget_type=\"image.default\">\n\t\t\t\t<div class=\"elementor-widget-container\">\n\t\t\t\t\t\t\t\t\t\t\t\t\t\t\t<img loading=\"lazy\" decoding=\"async\" width=\"225\" height=\"225\" src=\"https:\/\/www.sinzerad.com\/wp-content\/uploads\/2024\/04\/PL-900-1.png\" class=\"attachment-large size-large wp-image-39165\" alt=\"\" srcset=\"https:\/\/www.sinzerad.com\/wp-content\/uploads\/2024\/04\/PL-900-1.png 225w, https:\/\/www.sinzerad.com\/wp-content\/uploads\/2024\/04\/PL-900-1-150x150.png 150w\" sizes=\"(max-width: 225px) 100vw, 225px\" title=\"\">\t\t\t\t\t\t\t\t\t\t\t\t\t\t\t<\/div>\n\t\t\t\t<\/div>\n\t\t\t\t<div class=\"elementor-element elementor-element-14a28a1 elementor-widget elementor-widget-heading\" data-id=\"14a28a1\" data-element_type=\"widget\" data-e-type=\"widget\" data-widget_type=\"heading.default\">\n\t\t\t\t<div class=\"elementor-widget-container\">\n\t\t\t\t\t<h2 class=\"elementor-heading-title elementor-size-default\">PL-900<\/h2>\t\t\t\t<\/div>\n\t\t\t\t<\/div>\n\t\t\t\t<div class=\"elementor-element elementor-element-587beac elementor-widget elementor-widget-heading\" data-id=\"587beac\" data-element_type=\"widget\" data-e-type=\"widget\" data-widget_type=\"heading.default\">\n\t\t\t\t<div class=\"elementor-widget-container\">\n\t\t\t\t\t<h2 class=\"elementor-heading-title elementor-size-default\">Le certificat PL-900 Power Platform Fundamentals est une certification qui valide les connaissances fondamentales de Power Platform de Microsoft. Cette certification d\u00e9montre une compr\u00e9hension des composants principaux de Power Platform, notamment Power Apps, Power Automate, Power BI et Power Virtual Agents, et comment ils peuvent \u00eatre utilis\u00e9s pour cr\u00e9er des solutions commerciales efficaces et personnalis\u00e9es. <\/h2>\t\t\t\t<\/div>\n\t\t\t\t<\/div>\n\t\t\t\t<\/div>\n\t\t<div class=\"elementor-element elementor-element-6491ff6 e-con-full e-flex e-con e-child\" data-id=\"6491ff6\" data-element_type=\"container\" data-e-type=\"container\" data-settings=\"{&quot;background_background&quot;:&quot;classic&quot;}\">\n\t\t\t\t<div class=\"elementor-element elementor-element-e88c607 elementor-widget elementor-widget-image\" data-id=\"e88c607\" data-element_type=\"widget\" data-e-type=\"widget\" data-widget_type=\"image.default\">\n\t\t\t\t<div class=\"elementor-widget-container\">\n\t\t\t\t\t\t\t\t\t\t\t\t\t\t\t<img loading=\"lazy\" decoding=\"async\" width=\"225\" height=\"225\" src=\"https:\/\/www.sinzerad.com\/wp-content\/uploads\/2024\/04\/SC-900.png\" class=\"attachment-large size-large wp-image-39166\" alt=\"\" srcset=\"https:\/\/www.sinzerad.com\/wp-content\/uploads\/2024\/04\/SC-900.png 225w, https:\/\/www.sinzerad.com\/wp-content\/uploads\/2024\/04\/SC-900-150x150.png 150w\" sizes=\"(max-width: 225px) 100vw, 225px\" title=\"\">\t\t\t\t\t\t\t\t\t\t\t\t\t\t\t<\/div>\n\t\t\t\t<\/div>\n\t\t\t\t<div class=\"elementor-element elementor-element-a295045 elementor-widget elementor-widget-heading\" data-id=\"a295045\" data-element_type=\"widget\" data-e-type=\"widget\" data-widget_type=\"heading.default\">\n\t\t\t\t<div class=\"elementor-widget-container\">\n\t\t\t\t\t<h2 class=\"elementor-heading-title elementor-size-default\">SC-900<\/h2>\t\t\t\t<\/div>\n\t\t\t\t<\/div>\n\t\t\t\t<div class=\"elementor-element elementor-element-a7d283d elementor-widget elementor-widget-heading\" data-id=\"a7d283d\" data-element_type=\"widget\" data-e-type=\"widget\" data-widget_type=\"heading.default\">\n\t\t\t\t<div class=\"elementor-widget-container\">\n\t\t\t\t\t<h2 class=\"elementor-heading-title elementor-size-default\">Le certificat SC-900 Security, Compliance and Identity Fundamentals est une certification qui valide les connaissances de base en mati\u00e8re de s\u00e9curit\u00e9, de conformit\u00e9 r\u00e9glementaire et d'identit\u00e9 dans le domaine de la technologie. Cette certification d\u00e9montre la compr\u00e9hension des concepts fondamentaux de la s\u00e9curit\u00e9 des donn\u00e9es, de la conformit\u00e9 r\u00e9glementaire et de la gestion des identit\u00e9s, fournissant les bases n\u00e9cessaires pour assurer la protection et la s\u00e9curit\u00e9 des informations dans les environnements technologiques. <\/h2>\t\t\t\t<\/div>\n\t\t\t\t<\/div>\n\t\t\t\t<\/div>\n\t\t<div class=\"elementor-element elementor-element-909e459 e-con-full e-flex e-con e-child\" data-id=\"909e459\" data-element_type=\"container\" data-e-type=\"container\" data-settings=\"{&quot;background_background&quot;:&quot;classic&quot;}\">\n\t\t\t\t<div class=\"elementor-element elementor-element-9d339e8 elementor-widget elementor-widget-image\" data-id=\"9d339e8\" data-element_type=\"widget\" data-e-type=\"widget\" data-widget_type=\"image.default\">\n\t\t\t\t<div class=\"elementor-widget-container\">\n\t\t\t\t\t\t\t\t\t\t\t\t\t\t\t<img decoding=\"async\" src=\"https:\/\/www.sinzerad.com\/wp-content\/uploads\/2023\/08\/MS-900_V2-1.png\" title=\"\" alt=\"\" loading=\"lazy\">\t\t\t\t\t\t\t\t\t\t\t\t\t\t\t<\/div>\n\t\t\t\t<\/div>\n\t\t\t\t<div class=\"elementor-element elementor-element-ea4a99c elementor-widget elementor-widget-heading\" data-id=\"ea4a99c\" data-element_type=\"widget\" data-e-type=\"widget\" data-widget_type=\"heading.default\">\n\t\t\t\t<div class=\"elementor-widget-container\">\n\t\t\t\t\t<h2 class=\"elementor-heading-title elementor-size-default\">MS-900<\/h2>\t\t\t\t<\/div>\n\t\t\t\t<\/div>\n\t\t\t\t<div class=\"elementor-element elementor-element-077cfee elementor-widget elementor-widget-heading\" data-id=\"077cfee\" data-element_type=\"widget\" data-e-type=\"widget\" data-widget_type=\"heading.default\">\n\t\t\t\t<div class=\"elementor-widget-container\">\n\t\t\t\t\t<h2 class=\"elementor-heading-title elementor-size-default\">La certification MS-900, \u00e9galement connue sous le nom de \u00ab Microsoft 365 Fundamentals \u00bb, est une certification de niveau de base propos\u00e9e par Microsoft. Cette certification est con\u00e7ue pour fournir une compr\u00e9hension de base des concepts et services fondamentaux de Microsoft 365, qui est la suite d'applications et de services cloud de Microsoft qui comprend des outils tels qu'Office 365, Exchange Online, SharePoint Online, Microsoft Teams, et plus encore. <\/h2>\t\t\t\t<\/div>\n\t\t\t\t<\/div>\n\t\t\t\t<\/div>\n\t\t\t\t\t<\/div>\n\t\t\t\t<\/div>\n\t\t\t\t<\/div>\n\t\t","protected":false},"excerpt":{"rendered":"<p>Certifications Microsoft Les certifications Microsoft sont reconnues dans le monde entier et valident nos comp\u00e9tences techniques et nos connaissances dans divers domaines technologiques. Il s\u2019agit de r\u00e9f\u00e9rences qui soutiennent notre exp\u00e9rience et d\u00e9montrent notre capacit\u00e9 \u00e0 mettre en \u0153uvre, g\u00e9rer et d\u00e9panner les solutions Microsoft, renfor\u00e7ant ainsi nos services dans le domaine technologique. AI-900 Le [&hellip;]<\/p>\n","protected":false},"author":3,"featured_media":0,"parent":0,"menu_order":0,"comment_status":"closed","ping_status":"closed","template":"elementor_header_footer","meta":{"_acf_changed":false,"footnotes":""},"class_list":["post-35326","page","type-page","status-publish","hentry"],"acf":[],"_links":{"self":[{"href":"https:\/\/www.sinzerad.com\/fr\/wp-json\/wp\/v2\/pages\/35326","targetHints":{"allow":["GET"]}}],"collection":[{"href":"https:\/\/www.sinzerad.com\/fr\/wp-json\/wp\/v2\/pages"}],"about":[{"href":"https:\/\/www.sinzerad.com\/fr\/wp-json\/wp\/v2\/types\/page"}],"author":[{"embeddable":true,"href":"https:\/\/www.sinzerad.com\/fr\/wp-json\/wp\/v2\/users\/3"}],"replies":[{"embeddable":true,"href":"https:\/\/www.sinzerad.com\/fr\/wp-json\/wp\/v2\/comments?post=35326"}],"version-history":[{"count":1,"href":"https:\/\/www.sinzerad.com\/fr\/wp-json\/wp\/v2\/pages\/35326\/revisions"}],"predecessor-version":[{"id":42243,"href":"https:\/\/www.sinzerad.com\/fr\/wp-json\/wp\/v2\/pages\/35326\/revisions\/42243"}],"wp:attachment":[{"href":"https:\/\/www.sinzerad.com\/fr\/wp-json\/wp\/v2\/media?parent=35326"}],"curies":[{"name":"wp","href":"https:\/\/api.w.org\/{rel}","templated":true}]}}