{"id":35411,"date":"2022-09-12T09:18:21","date_gmt":"2022-09-12T09:18:21","guid":{"rendered":"https:\/\/www.sinzerad.com\/nous\/"},"modified":"2025-10-29T11:21:25","modified_gmt":"2025-10-29T11:21:25","slug":"nous","status":"publish","type":"page","link":"https:\/\/www.sinzerad.com\/fr\/nous\/","title":{"rendered":"Nous"},"content":{"rendered":"\t\t<div data-elementor-type=\"wp-page\" data-elementor-id=\"35411\" class=\"elementor elementor-35411 elementor-4586\" data-elementor-post-type=\"page\">\n\t\t\t\t<div class=\"elementor-element elementor-element-f3bf58a e-flex e-con-boxed e-con e-parent\" data-id=\"f3bf58a\" data-element_type=\"container\" data-e-type=\"container\">\n\t\t\t\t\t<div class=\"e-con-inner\">\n\t\t\t\t<div class=\"elementor-element elementor-element-f677f55 elementor-widget elementor-widget-heading\" data-id=\"f677f55\" data-element_type=\"widget\" data-e-type=\"widget\" data-widget_type=\"heading.default\">\n\t\t\t\t<div class=\"elementor-widget-container\">\n\t\t\t\t\t<h1 class=\"elementor-heading-title elementor-size-default\">Nous<\/h1>\t\t\t\t<\/div>\n\t\t\t\t<\/div>\n\t\t\t\t<div class=\"elementor-element elementor-element-b400343 elementor-widget elementor-widget-heading\" data-id=\"b400343\" data-element_type=\"widget\" data-e-type=\"widget\" data-widget_type=\"heading.default\">\n\t\t\t\t<div class=\"elementor-widget-container\">\n\t\t\t\t\t<h2 class=\"elementor-heading-title elementor-size-default\"><b>Nous ne faisons pas qu\u2019impl\u00e9menter la technologie. Nous la transformons en r\u00e9sultats. <\/b>. Nous sommes <b>Partenaire Microsoft<\/b> et nous disposons d\u2019une \u00e9quipe de sp\u00e9cialistes qui allie expertise technique et vision strat\u00e9gique pour aider les entreprises \u00e0 cro\u00eetre dans un monde num\u00e9rique en constante \u00e9volution.<\/h2>\t\t\t\t<\/div>\n\t\t\t\t<\/div>\n\t\t\t\t\t<\/div>\n\t\t\t\t<\/div>\n\t\t<div class=\"elementor-element elementor-element-d161261 e-flex e-con-boxed elementor-invisible e-con e-parent\" data-id=\"d161261\" data-element_type=\"container\" data-e-type=\"container\" data-settings=\"{&quot;animation&quot;:&quot;fadeInUp&quot;}\">\n\t\t\t\t\t<div class=\"e-con-inner\">\n\t\t\t\t<div class=\"elementor-element elementor-element-56e71e2 elementor-cta--skin-cover elementor-widget__width-initial card-cta elementor-bg-transform elementor-bg-transform-zoom-in elementor-widget elementor-widget-call-to-action\" data-id=\"56e71e2\" data-element_type=\"widget\" data-e-type=\"widget\" data-widget_type=\"call-to-action.default\">\n\t\t\t\t<div class=\"elementor-widget-container\">\n\t\t\t\t\t\t\t<a class=\"elementor-cta\" href=\"https:\/\/www.sinzerad.com\/fr\/certifications-microsoft\/\">\n\t\t\t\t\t<div class=\"elementor-cta__bg-wrapper\">\n\t\t\t\t<div class=\"elementor-cta__bg elementor-bg\" style=\"background-image: url(https:\/\/www.sinzerad.com\/wp-content\/uploads\/2024\/04\/bg_btn.svg);\" role=\"img\" aria-label=\"bg_btn\"><\/div>\n\t\t\t\t<div class=\"elementor-cta__bg-overlay\"><\/div>\n\t\t\t<\/div>\n\t\t\t\t\t\t\t<div class=\"elementor-cta__content\">\n\t\t\t\t\n\t\t\t\t\t\t\t\t\t<h2 class=\"elementor-cta__title elementor-cta__content-item elementor-content-item\">\n\t\t\t\t\t\tCertifications Microsoft\t\t\t\t\t<\/h2>\n\t\t\t\t\n\t\t\t\t\n\t\t\t\t\t\t\t<\/div>\n\t\t\t\t\t\t<\/a>\n\t\t\t\t\t\t<\/div>\n\t\t\t\t<\/div>\n\t\t\t\t<div class=\"elementor-element elementor-element-003ed90 elementor-cta--skin-cover elementor-widget__width-initial card-cta elementor-bg-transform elementor-bg-transform-zoom-in elementor-widget elementor-widget-call-to-action\" data-id=\"003ed90\" data-element_type=\"widget\" data-e-type=\"widget\" data-widget_type=\"call-to-action.default\">\n\t\t\t\t<div class=\"elementor-widget-container\">\n\t\t\t\t\t\t\t<a class=\"elementor-cta\" href=\"https:\/\/www.sinzerad.com\/fr\/politique-qualite-et-environnementale\/\">\n\t\t\t\t\t<div class=\"elementor-cta__bg-wrapper\">\n\t\t\t\t<div class=\"elementor-cta__bg elementor-bg\" style=\"background-image: url(https:\/\/www.sinzerad.com\/wp-content\/uploads\/2024\/04\/bg_btn.svg);\" role=\"img\" aria-label=\"bg_btn\"><\/div>\n\t\t\t\t<div class=\"elementor-cta__bg-overlay\"><\/div>\n\t\t\t<\/div>\n\t\t\t\t\t\t\t<div class=\"elementor-cta__content\">\n\t\t\t\t\n\t\t\t\t\t\t\t\t\t<h2 class=\"elementor-cta__title elementor-cta__content-item elementor-content-item\">\n\t\t\t\t\t\tPolitique qualit\u00e9 et environnementale\t\t\t\t\t<\/h2>\n\t\t\t\t\n\t\t\t\t\n\t\t\t\t\t\t\t<\/div>\n\t\t\t\t\t\t<\/a>\n\t\t\t\t\t\t<\/div>\n\t\t\t\t<\/div>\n\t\t\t\t<div class=\"elementor-element elementor-element-e5a2df6 elementor-cta--skin-cover elementor-widget__width-initial card-cta elementor-bg-transform elementor-bg-transform-zoom-in elementor-widget elementor-widget-call-to-action\" data-id=\"e5a2df6\" data-element_type=\"widget\" data-e-type=\"widget\" data-widget_type=\"call-to-action.default\">\n\t\t\t\t<div class=\"elementor-widget-container\">\n\t\t\t\t\t\t\t<a class=\"elementor-cta\" href=\"https:\/\/www.sinzerad.com\/fr\/travaillez-avec-nous\/\">\n\t\t\t\t\t<div class=\"elementor-cta__bg-wrapper\">\n\t\t\t\t<div class=\"elementor-cta__bg elementor-bg\" style=\"background-image: url(https:\/\/www.sinzerad.com\/wp-content\/uploads\/2024\/04\/bg_btn.svg);\" role=\"img\" aria-label=\"bg_btn\"><\/div>\n\t\t\t\t<div class=\"elementor-cta__bg-overlay\"><\/div>\n\t\t\t<\/div>\n\t\t\t\t\t\t\t<div class=\"elementor-cta__content\">\n\t\t\t\t\n\t\t\t\t\t\t\t\t\t<h2 class=\"elementor-cta__title elementor-cta__content-item elementor-content-item\">\n\t\t\t\t\t\tTravaillez avec nous\t\t\t\t\t<\/h2>\n\t\t\t\t\n\t\t\t\t\n\t\t\t\t\t\t\t<\/div>\n\t\t\t\t\t\t<\/a>\n\t\t\t\t\t\t<\/div>\n\t\t\t\t<\/div>\n\t\t\t\t\t<\/div>\n\t\t\t\t<\/div>\n\t\t<div class=\"elementor-element elementor-element-99cbb45 e-flex e-con-boxed elementor-invisible e-con e-parent\" data-id=\"99cbb45\" data-element_type=\"container\" data-e-type=\"container\" data-settings=\"{&quot;animation&quot;:&quot;fadeInUp&quot;}\">\n\t\t\t\t\t<div class=\"e-con-inner\">\n\t\t<div class=\"elementor-element elementor-element-b1b1c35 e-con-full e-flex e-con e-child\" data-id=\"b1b1c35\" data-element_type=\"container\" data-e-type=\"container\">\n\t\t\t\t<div class=\"elementor-element elementor-element-60407e9 elementor-widget elementor-widget-image\" data-id=\"60407e9\" data-element_type=\"widget\" data-e-type=\"widget\" data-widget_type=\"image.default\">\n\t\t\t\t<div class=\"elementor-widget-container\">\n\t\t\t\t\t\t\t\t\t\t\t\t\t\t\t<img fetchpriority=\"high\" decoding=\"async\" width=\"800\" height=\"605\" src=\"https:\/\/www.sinzerad.com\/wp-content\/uploads\/2024\/04\/vision-1024x774.webp\" class=\"attachment-large size-large wp-image-39146\" alt=\"\" srcset=\"https:\/\/www.sinzerad.com\/wp-content\/uploads\/2024\/04\/vision-1024x774.webp 1024w, https:\/\/www.sinzerad.com\/wp-content\/uploads\/2024\/04\/vision-300x227.webp 300w, https:\/\/www.sinzerad.com\/wp-content\/uploads\/2024\/04\/vision-768x580.webp 768w, https:\/\/www.sinzerad.com\/wp-content\/uploads\/2024\/04\/vision-1536x1161.webp 1536w, https:\/\/www.sinzerad.com\/wp-content\/uploads\/2024\/04\/vision.webp 1720w\" sizes=\"(max-width: 800px) 100vw, 800px\" title=\"\">\t\t\t\t\t\t\t\t\t\t\t\t\t\t\t<\/div>\n\t\t\t\t<\/div>\n\t\t\t\t<\/div>\n\t\t<div class=\"elementor-element elementor-element-509f443 e-con-full e-flex e-con e-child\" data-id=\"509f443\" data-element_type=\"container\" data-e-type=\"container\">\n\t\t\t\t<div class=\"elementor-element elementor-element-ac9d857 elementor-widget elementor-widget-heading\" data-id=\"ac9d857\" data-element_type=\"widget\" data-e-type=\"widget\" data-widget_type=\"heading.default\">\n\t\t\t\t<div class=\"elementor-widget-container\">\n\t\t\t\t\t<h2 class=\"elementor-heading-title elementor-size-default\">Mission<\/h2>\t\t\t\t<\/div>\n\t\t\t\t<\/div>\n\t\t\t\t<div class=\"elementor-element elementor-element-b9b8ec8 elementor-widget elementor-widget-heading\" data-id=\"b9b8ec8\" data-element_type=\"widget\" data-e-type=\"widget\" data-widget_type=\"heading.default\">\n\t\t\t\t<div class=\"elementor-widget-container\">\n\t\t\t\t\t<h2 class=\"elementor-heading-title elementor-size-default\">Permettre aux organisations d'exploiter pleinement leur potentiel gr\u00e2ce \u00e0 des solutions num\u00e9riques de qualit\u00e9 et \u00e0 des relations de confiance durables.<\/h2>\t\t\t\t<\/div>\n\t\t\t\t<\/div>\n\t\t\t\t<div class=\"elementor-element elementor-element-70e69ec elementor-widget elementor-widget-heading\" data-id=\"70e69ec\" data-element_type=\"widget\" data-e-type=\"widget\" data-widget_type=\"heading.default\">\n\t\t\t\t<div class=\"elementor-widget-container\">\n\t\t\t\t\t<h2 class=\"elementor-heading-title elementor-size-default\">Vision<\/h2>\t\t\t\t<\/div>\n\t\t\t\t<\/div>\n\t\t\t\t<div class=\"elementor-element elementor-element-12c1d7b elementor-widget elementor-widget-heading\" data-id=\"12c1d7b\" data-element_type=\"widget\" data-e-type=\"widget\" data-widget_type=\"heading.default\">\n\t\t\t\t<div class=\"elementor-widget-container\">\n\t\t\t\t\t<h2 class=\"elementor-heading-title elementor-size-default\">Un avenir o\u00f9 la technologie n'est pas un frein mais un acc\u00e9l\u00e9rateur. O\u00f9 les entreprises travaillent de mani\u00e8re plus intelligente, plus s\u00fbre et plus humaine. O\u00f9 chaque projet est une opportunit\u00e9 d'innover et de grandir ensemble.  <\/h2>\t\t\t\t<\/div>\n\t\t\t\t<\/div>\n\t\t\t\t<div class=\"elementor-element elementor-element-3ae3e4b elementor-widget elementor-widget-heading\" data-id=\"3ae3e4b\" data-element_type=\"widget\" data-e-type=\"widget\" data-widget_type=\"heading.default\">\n\t\t\t\t<div class=\"elementor-widget-container\">\n\t\t\t\t\t<h2 class=\"elementor-heading-title elementor-size-default\">Nos valeurs<\/h2>\t\t\t\t<\/div>\n\t\t\t\t<\/div>\n\t\t\t\t<div class=\"elementor-element elementor-element-036c005 elementor-widget elementor-widget-heading\" data-id=\"036c005\" data-element_type=\"widget\" data-e-type=\"widget\" data-widget_type=\"heading.default\">\n\t\t\t\t<div class=\"elementor-widget-container\">\n\t\t\t\t\t<h2 class=\"elementor-heading-title elementor-size-default\"><ul>\n  <li><b>Transparence<\/b> Nous croyons que la confiance se construit avec clart\u00e9 et honn\u00eatet\u00e9.<\/li>\n  <li><b>Excellence<\/b> Nous recherchons la qualit\u00e9 dans chaque d\u00e9tail de ce que nous faisons.<\/li>\n  <li><b>Passion<\/b> La technologie nous passionne car elle transforme les entreprises et les personnes.<\/li>\n  <li><b>Orientation client<\/b> Votre succ\u00e8s est notre objectif.<\/li>\n  <li><b>Ambition<\/b> Nous ne nous contentons pas du pr\u00e9sent, nous aspirons \u00e0 plus et \u00e0 mieux.<\/li>\n  <li><b>Respect<\/b> Nous travaillons avec des personnes, pas seulement avec des projets.<\/li>\n<\/ul><\/h2>\t\t\t\t<\/div>\n\t\t\t\t<\/div>\n\t\t\t\t<\/div>\n\t\t\t\t\t<\/div>\n\t\t\t\t<\/div>\n\t\t\t\t<\/div>\n\t\t","protected":false},"excerpt":{"rendered":"<p>Nous Nous ne faisons pas qu\u2019impl\u00e9menter la technologie. Nous la transformons en r\u00e9sultats. . Nous sommes Partenaire Microsoft et nous disposons d\u2019une \u00e9quipe de sp\u00e9cialistes qui allie expertise technique et vision strat\u00e9gique pour aider les entreprises \u00e0 cro\u00eetre dans un monde num\u00e9rique en constante \u00e9volution. Certifications Microsoft Politique qualit\u00e9 et environnementale Travaillez avec nous Mission [&hellip;]<\/p>\n","protected":false},"author":3,"featured_media":0,"parent":0,"menu_order":0,"comment_status":"closed","ping_status":"closed","template":"elementor_header_footer","meta":{"_acf_changed":false,"footnotes":""},"class_list":["post-35411","page","type-page","status-publish","hentry"],"acf":[],"_links":{"self":[{"href":"https:\/\/www.sinzerad.com\/fr\/wp-json\/wp\/v2\/pages\/35411","targetHints":{"allow":["GET"]}}],"collection":[{"href":"https:\/\/www.sinzerad.com\/fr\/wp-json\/wp\/v2\/pages"}],"about":[{"href":"https:\/\/www.sinzerad.com\/fr\/wp-json\/wp\/v2\/types\/page"}],"author":[{"embeddable":true,"href":"https:\/\/www.sinzerad.com\/fr\/wp-json\/wp\/v2\/users\/3"}],"replies":[{"embeddable":true,"href":"https:\/\/www.sinzerad.com\/fr\/wp-json\/wp\/v2\/comments?post=35411"}],"version-history":[{"count":0,"href":"https:\/\/www.sinzerad.com\/fr\/wp-json\/wp\/v2\/pages\/35411\/revisions"}],"wp:attachment":[{"href":"https:\/\/www.sinzerad.com\/fr\/wp-json\/wp\/v2\/media?parent=35411"}],"curies":[{"name":"wp","href":"https:\/\/api.w.org\/{rel}","templated":true}]}}