{"id":35483,"date":"2022-09-21T12:27:35","date_gmt":"2022-09-21T12:27:35","guid":{"rendered":"https:\/\/www.sinzerad.com\/services\/applications-dentreprise-pour-la-transformation-numerique\/"},"modified":"2025-09-05T14:39:07","modified_gmt":"2025-09-05T14:39:07","slug":"applications-dentreprise-pour-la-transformation-numerique","status":"publish","type":"page","link":"https:\/\/www.sinzerad.com\/fr\/services\/applications-dentreprise-pour-la-transformation-numerique\/","title":{"rendered":"Applications d&rsquo;entreprise pour la transformation num\u00e9rique"},"content":{"rendered":"\t\t<div data-elementor-type=\"wp-page\" data-elementor-id=\"35483\" class=\"elementor elementor-35483 elementor-4796\" data-elementor-post-type=\"page\">\n\t\t\t\t<div class=\"elementor-element elementor-element-9fb3abc e-con-full e-flex e-con e-parent\" data-id=\"9fb3abc\" data-element_type=\"container\" data-e-type=\"container\" data-settings=\"{&quot;background_background&quot;:&quot;classic&quot;}\">\n\t\t\t\t<div class=\"elementor-element elementor-element-2c52dbe elementor-widget__width-inherit elementor-widget elementor-widget-heading\" data-id=\"2c52dbe\" data-element_type=\"widget\" data-e-type=\"widget\" data-widget_type=\"heading.default\">\n\t\t\t\t<div class=\"elementor-widget-container\">\n\t\t\t\t\t<h1 class=\"elementor-heading-title elementor-size-default\">Applications d'entreprise pour la transformation num\u00e9rique<\/h1>\t\t\t\t<\/div>\n\t\t\t\t<\/div>\n\t\t\t\t<\/div>\n\t\t<div class=\"elementor-element elementor-element-e7ef9c4 e-flex e-con-boxed elementor-invisible e-con e-parent\" data-id=\"e7ef9c4\" data-element_type=\"container\" data-e-type=\"container\" data-settings=\"{&quot;animation&quot;:&quot;fadeInUp&quot;}\">\n\t\t\t\t\t<div class=\"e-con-inner\">\n\t\t\t\t<div class=\"elementor-element elementor-element-b2214d9 elementor-widget elementor-widget-text-editor\" data-id=\"b2214d9\" data-element_type=\"widget\" data-e-type=\"widget\" data-widget_type=\"text-editor.default\">\n\t\t\t\t<div class=\"elementor-widget-container\">\n\t\t\t\t\t\t\t\t\t<p><strong>Nous vous aidons \u00e0 digitaliser votre entreprise, nous vous accompagnons dans le processus d&rsquo;analyse, d&rsquo;automatisation et de contr\u00f4le des processus, en recherchant toujours leur efficacit\u00e9 et leur s\u00e9curit\u00e9.<\/strong><\/p>\n<p>Nous mettons en \u0153uvre les derni\u00e8res technologies de signature num\u00e9rique, d&rsquo;automatisation des processus, d&rsquo;int\u00e9gration avec les fournisseurs et les clients, de CRM et de syst\u00e8mes de communication omnicanal.<\/p>\n\t\t\t\t\t\t\t\t<\/div>\n\t\t\t\t<\/div>\n\t\t\t\t\t<\/div>\n\t\t\t\t<\/div>\n\t\t<div class=\"elementor-element elementor-element-0399f67 e-flex e-con-boxed elementor-invisible e-con e-parent\" data-id=\"0399f67\" data-element_type=\"container\" data-e-type=\"container\" data-settings=\"{&quot;animation&quot;:&quot;fadeInUp&quot;}\">\n\t\t\t\t\t<div class=\"e-con-inner\">\n\t\t<div class=\"elementor-element elementor-element-7c76065 e-con-full e-flex e-con e-child\" data-id=\"7c76065\" data-element_type=\"container\" data-e-type=\"container\">\n\t\t\t\t<div class=\"elementor-element elementor-element-dbb2e54 elementor-widget elementor-widget-image\" data-id=\"dbb2e54\" data-element_type=\"widget\" data-e-type=\"widget\" data-widget_type=\"image.default\">\n\t\t\t\t<div class=\"elementor-widget-container\">\n\t\t\t\t\t\t\t\t\t\t\t\t\t\t\t<img fetchpriority=\"high\" decoding=\"async\" width=\"800\" height=\"620\" src=\"https:\/\/www.sinzerad.com\/wp-content\/uploads\/2024\/04\/DT_crm-1024x793.webp\" class=\"attachment-large size-large wp-image-39175\" alt=\"\" srcset=\"https:\/\/www.sinzerad.com\/wp-content\/uploads\/2024\/04\/DT_crm-1024x793.webp 1024w, https:\/\/www.sinzerad.com\/wp-content\/uploads\/2024\/04\/DT_crm-300x232.webp 300w, https:\/\/www.sinzerad.com\/wp-content\/uploads\/2024\/04\/DT_crm-768x595.webp 768w, https:\/\/www.sinzerad.com\/wp-content\/uploads\/2024\/04\/DT_crm-1536x1189.webp 1536w, https:\/\/www.sinzerad.com\/wp-content\/uploads\/2024\/04\/DT_crm.webp 1728w\" sizes=\"(max-width: 800px) 100vw, 800px\" title=\"\">\t\t\t\t\t\t\t\t\t\t\t\t\t\t\t<\/div>\n\t\t\t\t<\/div>\n\t\t\t\t<\/div>\n\t\t<div class=\"elementor-element elementor-element-1764916 e-con-full e-flex e-con e-child\" data-id=\"1764916\" data-element_type=\"container\" data-e-type=\"container\">\n\t\t\t\t<div class=\"elementor-element elementor-element-8f9f9a8 elementor-widget elementor-widget-heading\" data-id=\"8f9f9a8\" data-element_type=\"widget\" data-e-type=\"widget\" data-widget_type=\"heading.default\">\n\t\t\t\t<div class=\"elementor-widget-container\">\n\t\t\t\t\t<h2 class=\"elementor-heading-title elementor-size-default\">Conseil et impl\u00e9mentation CRM, Dynamics 365 pour les ventes, service client Dynamics 365<\/h2>\t\t\t\t<\/div>\n\t\t\t\t<\/div>\n\t\t\t\t<div class=\"elementor-element elementor-element-6cab33e elementor-widget elementor-widget-text-editor\" data-id=\"6cab33e\" data-element_type=\"widget\" data-e-type=\"widget\" data-widget_type=\"text-editor.default\">\n\t\t\t\t<div class=\"elementor-widget-container\">\n\t\t\t\t\t\t\t\t\t<p>SinzerAD aide \u00e0 la mise en \u0153uvre de :<\/p>\n<p><strong>Dynamics 365 Sales<\/strong> permet \u00e0 vos commerciaux d\u2019\u00e9tablir des relations solides avec les clients, d\u2019agir en fonction des informations disponibles et de conclure des affaires plus rapidement. Utilisez Dynamics 365 Sales pour suivre vos comptes et contacts, entretenir les ventes du prospect \u00e0 la commande et cr\u00e9er des supports de vente. Vous pouvez \u00e9galement cr\u00e9er des listes et des campagnes marketing, et m\u00eame suivre les cas de service associ\u00e9s \u00e0 des comptes ou des opportunit\u00e9s sp\u00e9cifiques.    <\/p>\n<p><strong>Dynamics 365 Customer Service<\/strong> offre un ensemble de fonctionnalit\u00e9s pour garantir que votre entreprise peut offrir la meilleure exp\u00e9rience de service possible \u00e0 vos clients.<\/p>\n\t\t\t\t\t\t\t\t<\/div>\n\t\t\t\t<\/div>\n\t\t\t\t<\/div>\n\t\t\t\t\t<\/div>\n\t\t\t\t<\/div>\n\t\t<div class=\"elementor-element elementor-element-401fa89 e-flex e-con-boxed elementor-invisible e-con e-parent\" data-id=\"401fa89\" data-element_type=\"container\" data-e-type=\"container\" data-settings=\"{&quot;background_background&quot;:&quot;classic&quot;,&quot;animation&quot;:&quot;fadeInUp&quot;}\">\n\t\t\t\t\t<div class=\"e-con-inner\">\n\t\t<div class=\"elementor-element elementor-element-ae6436a e-con-full e-flex e-con e-child\" data-id=\"ae6436a\" data-element_type=\"container\" data-e-type=\"container\">\n\t\t\t\t<div class=\"elementor-element elementor-element-97aa48f elementor-widget elementor-widget-heading\" data-id=\"97aa48f\" data-element_type=\"widget\" data-e-type=\"widget\" data-widget_type=\"heading.default\">\n\t\t\t\t<div class=\"elementor-widget-container\">\n\t\t\t\t\t<h2 class=\"elementor-heading-title elementor-size-default\">Automatisation des processus d'IA<\/h2>\t\t\t\t<\/div>\n\t\t\t\t<\/div>\n\t\t\t\t<div class=\"elementor-element elementor-element-609c46b elementor-widget elementor-widget-text-editor\" data-id=\"609c46b\" data-element_type=\"widget\" data-e-type=\"widget\" data-widget_type=\"text-editor.default\">\n\t\t\t\t<div class=\"elementor-widget-container\">\n\t\t\t\t\t\t\t\t\t<p><strong>Nous proposons une large gamme de services d\u2019automatisation des processus d\u2019IA, notamment l\u2019automatisation des processus m\u00e9tier, l\u2019automatisation des processus financiers et l\u2019automatisation des processus de ressources humaines.  <\/strong><\/p>\n<p>Nous offrons \u00e9galement des services de consultation pour aider nos clients \u00e0 identifier les processus les plus candidats \u00e0 l\u2019automatisation et \u00e0 concevoir des solutions d\u2019automatisation de processus personnalis\u00e9es qui r\u00e9pondent \u00e0 vos besoins.<\/p>\n\t\t\t\t\t\t\t\t<\/div>\n\t\t\t\t<\/div>\n\t\t\t\t<\/div>\n\t\t<div class=\"elementor-element elementor-element-c03e086 e-con-full e-flex e-con e-child\" data-id=\"c03e086\" data-element_type=\"container\" data-e-type=\"container\">\n\t\t\t\t<div class=\"elementor-element elementor-element-09a7695 elementor-widget elementor-widget-image\" data-id=\"09a7695\" data-element_type=\"widget\" data-e-type=\"widget\" data-widget_type=\"image.default\">\n\t\t\t\t<div class=\"elementor-widget-container\">\n\t\t\t\t\t\t\t\t\t\t\t\t\t\t\t<img decoding=\"async\" width=\"800\" height=\"613\" src=\"https:\/\/www.sinzerad.com\/wp-content\/uploads\/2024\/04\/DT_ia-1024x785.webp\" class=\"attachment-large size-large wp-image-39176\" alt=\"\" srcset=\"https:\/\/www.sinzerad.com\/wp-content\/uploads\/2024\/04\/DT_ia-1024x785.webp 1024w, https:\/\/www.sinzerad.com\/wp-content\/uploads\/2024\/04\/DT_ia-300x230.webp 300w, https:\/\/www.sinzerad.com\/wp-content\/uploads\/2024\/04\/DT_ia-768x589.webp 768w, https:\/\/www.sinzerad.com\/wp-content\/uploads\/2024\/04\/DT_ia-1536x1177.webp 1536w, https:\/\/www.sinzerad.com\/wp-content\/uploads\/2024\/04\/DT_ia.webp 1720w\" sizes=\"(max-width: 800px) 100vw, 800px\" title=\"\">\t\t\t\t\t\t\t\t\t\t\t\t\t\t\t<\/div>\n\t\t\t\t<\/div>\n\t\t\t\t<\/div>\n\t\t\t\t\t<\/div>\n\t\t\t\t<\/div>\n\t\t<div class=\"elementor-element elementor-element-ba4acd6 e-flex e-con-boxed elementor-invisible e-con e-parent\" data-id=\"ba4acd6\" data-element_type=\"container\" data-e-type=\"container\" data-settings=\"{&quot;animation&quot;:&quot;fadeInUp&quot;}\">\n\t\t\t\t\t<div class=\"e-con-inner\">\n\t\t<div class=\"elementor-element elementor-element-15e1b53 e-con-full e-flex e-con e-child\" data-id=\"15e1b53\" data-element_type=\"container\" data-e-type=\"container\">\n\t\t\t\t<div class=\"elementor-element elementor-element-469e3bd elementor-widget elementor-widget-image\" data-id=\"469e3bd\" data-element_type=\"widget\" data-e-type=\"widget\" data-widget_type=\"image.default\">\n\t\t\t\t<div class=\"elementor-widget-container\">\n\t\t\t\t\t\t\t\t\t\t\t\t\t\t\t<img decoding=\"async\" width=\"800\" height=\"605\" src=\"https:\/\/www.sinzerad.com\/wp-content\/uploads\/2024\/04\/DT_signature-1024x774.webp\" class=\"attachment-large size-large wp-image-39177\" alt=\"\" srcset=\"https:\/\/www.sinzerad.com\/wp-content\/uploads\/2024\/04\/DT_signature-1024x774.webp 1024w, https:\/\/www.sinzerad.com\/wp-content\/uploads\/2024\/04\/DT_signature-300x227.webp 300w, https:\/\/www.sinzerad.com\/wp-content\/uploads\/2024\/04\/DT_signature-768x580.webp 768w, https:\/\/www.sinzerad.com\/wp-content\/uploads\/2024\/04\/DT_signature-1536x1161.webp 1536w, https:\/\/www.sinzerad.com\/wp-content\/uploads\/2024\/04\/DT_signature.webp 1720w\" sizes=\"(max-width: 800px) 100vw, 800px\" title=\"\">\t\t\t\t\t\t\t\t\t\t\t\t\t\t\t<\/div>\n\t\t\t\t<\/div>\n\t\t\t\t<\/div>\n\t\t<div class=\"elementor-element elementor-element-941fc18 e-con-full e-flex e-con e-child\" data-id=\"941fc18\" data-element_type=\"container\" data-e-type=\"container\">\n\t\t\t\t<div class=\"elementor-element elementor-element-319d57c elementor-widget elementor-widget-heading\" data-id=\"319d57c\" data-element_type=\"widget\" data-e-type=\"widget\" data-widget_type=\"heading.default\">\n\t\t\t\t<div class=\"elementor-widget-container\">\n\t\t\t\t\t<h2 class=\"elementor-heading-title elementor-size-default\">Signature num\u00e9rique et gestion du cycle de vie des documents<\/h2>\t\t\t\t<\/div>\n\t\t\t\t<\/div>\n\t\t\t\t<div class=\"elementor-element elementor-element-3d2bad3 elementor-widget elementor-widget-text-editor\" data-id=\"3d2bad3\" data-element_type=\"widget\" data-e-type=\"widget\" data-widget_type=\"text-editor.default\">\n\t\t\t\t<div class=\"elementor-widget-container\">\n\t\t\t\t\t\t\t\t\t<p><strong>Nous comprenons que la signature num\u00e9rique et la gestion du cycle de vie des documents sont des aspects cruciaux pour la s\u00e9curit\u00e9 et l\u2019efficacit\u00e9 des entreprises.  <\/strong><\/p>\n<p>C&rsquo;est pourquoi nous proposons des solutions de signature num\u00e9rique et de gestion du cycle de vie des documents qui aident les entreprises \u00e0 cr\u00e9er, signer, partager, stocker et g\u00e9rer des documents num\u00e9riques de mani\u00e8re s\u00e9curis\u00e9e et efficace.<\/p>\n\t\t\t\t\t\t\t\t<\/div>\n\t\t\t\t<\/div>\n\t\t\t\t<\/div>\n\t\t\t\t\t<\/div>\n\t\t\t\t<\/div>\n\t\t<div class=\"elementor-element elementor-element-ec44df4 e-flex e-con-boxed elementor-invisible e-con e-parent\" data-id=\"ec44df4\" data-element_type=\"container\" data-e-type=\"container\" data-settings=\"{&quot;animation&quot;:&quot;fadeInUp&quot;}\">\n\t\t\t\t\t<div class=\"e-con-inner\">\n\t\t\t\t<div class=\"elementor-element elementor-element-087e545 elementor-widget__width-inherit elementor-widget elementor-widget-heading\" data-id=\"087e545\" data-element_type=\"widget\" data-e-type=\"widget\" data-widget_type=\"heading.default\">\n\t\t\t\t<div class=\"elementor-widget-container\">\n\t\t\t\t\t<h2 class=\"elementor-heading-title elementor-size-default\">FAQ<\/h2>\t\t\t\t<\/div>\n\t\t\t\t<\/div>\n\t\t\t\t<div class=\"elementor-element elementor-element-e1de1a0 elementor-widget elementor-widget-accordion\" data-id=\"e1de1a0\" data-element_type=\"widget\" data-e-type=\"widget\" data-widget_type=\"accordion.default\">\n\t\t\t\t<div class=\"elementor-widget-container\">\n\t\t\t\t\t\t\t<div class=\"elementor-accordion\">\n\t\t\t\t\t\t\t<div class=\"elementor-accordion-item\">\n\t\t\t\t\t<div id=\"elementor-tab-title-2361\" class=\"elementor-tab-title\" data-tab=\"1\" role=\"button\" aria-controls=\"elementor-tab-content-2361\" aria-expanded=\"false\">\n\t\t\t\t\t\t\t\t\t\t\t\t\t<span class=\"elementor-accordion-icon elementor-accordion-icon-left\" aria-hidden=\"true\">\n\t\t\t\t\t\t\t\t\t\t\t\t\t\t\t<span class=\"elementor-accordion-icon-closed\"><svg class=\"e-font-icon-svg e-fas-plus\" viewBox=\"0 0 448 512\" xmlns=\"http:\/\/www.w3.org\/2000\/svg\"><path d=\"M416 208H272V64c0-17.67-14.33-32-32-32h-32c-17.67 0-32 14.33-32 32v144H32c-17.67 0-32 14.33-32 32v32c0 17.67 14.33 32 32 32h144v144c0 17.67 14.33 32 32 32h32c17.67 0 32-14.33 32-32V304h144c17.67 0 32-14.33 32-32v-32c0-17.67-14.33-32-32-32z\"><\/path><\/svg><\/span>\n\t\t\t\t\t\t\t\t<span class=\"elementor-accordion-icon-opened\"><svg class=\"e-font-icon-svg e-fas-minus\" viewBox=\"0 0 448 512\" xmlns=\"http:\/\/www.w3.org\/2000\/svg\"><path d=\"M416 208H32c-17.67 0-32 14.33-32 32v32c0 17.67 14.33 32 32 32h384c17.67 0 32-14.33 32-32v-32c0-17.67-14.33-32-32-32z\"><\/path><\/svg><\/span>\n\t\t\t\t\t\t\t\t\t\t\t\t\t\t<\/span>\n\t\t\t\t\t\t\t\t\t\t\t\t<a class=\"elementor-accordion-title\" tabindex=\"0\">Qu\u2019est-ce que la transformation num\u00e9rique et comment peut-elle profiter \u00e0 mon entreprise ?<\/a>\n\t\t\t\t\t<\/div>\n\t\t\t\t\t<div id=\"elementor-tab-content-2361\" class=\"elementor-tab-content elementor-clearfix\" data-tab=\"1\" role=\"region\" aria-labelledby=\"elementor-tab-title-2361\"><p>La transformation num\u00e9rique est le processus d\u2019utilisation des technologies num\u00e9riques pour am\u00e9liorer les processus commerciaux et offrir une meilleure exp\u00e9rience client. Les entreprises peuvent en tirer profit en am\u00e9liorant leur efficacit\u00e9, en augmentant la satisfaction de leurs clients et en proposant de nouveaux produits et services.   <\/p>\n<\/div>\n\t\t\t\t<\/div>\n\t\t\t\t\t\t\t<div class=\"elementor-accordion-item\">\n\t\t\t\t\t<div id=\"elementor-tab-title-2362\" class=\"elementor-tab-title\" data-tab=\"2\" role=\"button\" aria-controls=\"elementor-tab-content-2362\" aria-expanded=\"false\">\n\t\t\t\t\t\t\t\t\t\t\t\t\t<span class=\"elementor-accordion-icon elementor-accordion-icon-left\" aria-hidden=\"true\">\n\t\t\t\t\t\t\t\t\t\t\t\t\t\t\t<span class=\"elementor-accordion-icon-closed\"><svg class=\"e-font-icon-svg e-fas-plus\" viewBox=\"0 0 448 512\" xmlns=\"http:\/\/www.w3.org\/2000\/svg\"><path d=\"M416 208H272V64c0-17.67-14.33-32-32-32h-32c-17.67 0-32 14.33-32 32v144H32c-17.67 0-32 14.33-32 32v32c0 17.67 14.33 32 32 32h144v144c0 17.67 14.33 32 32 32h32c17.67 0 32-14.33 32-32V304h144c17.67 0 32-14.33 32-32v-32c0-17.67-14.33-32-32-32z\"><\/path><\/svg><\/span>\n\t\t\t\t\t\t\t\t<span class=\"elementor-accordion-icon-opened\"><svg class=\"e-font-icon-svg e-fas-minus\" viewBox=\"0 0 448 512\" xmlns=\"http:\/\/www.w3.org\/2000\/svg\"><path d=\"M416 208H32c-17.67 0-32 14.33-32 32v32c0 17.67 14.33 32 32 32h384c17.67 0 32-14.33 32-32v-32c0-17.67-14.33-32-32-32z\"><\/path><\/svg><\/span>\n\t\t\t\t\t\t\t\t\t\t\t\t\t\t<\/span>\n\t\t\t\t\t\t\t\t\t\t\t\t<a class=\"elementor-accordion-title\" tabindex=\"0\">Comment puis-je identifier les domaines de mon entreprise qui doivent \u00eatre transform\u00e9s num\u00e9riquement ?<\/a>\n\t\t\t\t\t<\/div>\n\t\t\t\t\t<div id=\"elementor-tab-content-2362\" class=\"elementor-tab-content elementor-clearfix\" data-tab=\"2\" role=\"region\" aria-labelledby=\"elementor-tab-title-2362\"><p>Les domaines qui peuvent b\u00e9n\u00e9ficier de la transformation num\u00e9rique sont ceux qui pr\u00e9sentent des processus inefficaces, des d\u00e9fis pour r\u00e9pondre aux demandes des clients ou des domaines dans lesquels la productivit\u00e9 peut \u00eatre am\u00e9lior\u00e9e.<\/p>\n<\/div>\n\t\t\t\t<\/div>\n\t\t\t\t\t\t\t<div class=\"elementor-accordion-item\">\n\t\t\t\t\t<div id=\"elementor-tab-title-2363\" class=\"elementor-tab-title\" data-tab=\"3\" role=\"button\" aria-controls=\"elementor-tab-content-2363\" aria-expanded=\"false\">\n\t\t\t\t\t\t\t\t\t\t\t\t\t<span class=\"elementor-accordion-icon elementor-accordion-icon-left\" aria-hidden=\"true\">\n\t\t\t\t\t\t\t\t\t\t\t\t\t\t\t<span class=\"elementor-accordion-icon-closed\"><svg class=\"e-font-icon-svg e-fas-plus\" viewBox=\"0 0 448 512\" xmlns=\"http:\/\/www.w3.org\/2000\/svg\"><path d=\"M416 208H272V64c0-17.67-14.33-32-32-32h-32c-17.67 0-32 14.33-32 32v144H32c-17.67 0-32 14.33-32 32v32c0 17.67 14.33 32 32 32h144v144c0 17.67 14.33 32 32 32h32c17.67 0 32-14.33 32-32V304h144c17.67 0 32-14.33 32-32v-32c0-17.67-14.33-32-32-32z\"><\/path><\/svg><\/span>\n\t\t\t\t\t\t\t\t<span class=\"elementor-accordion-icon-opened\"><svg class=\"e-font-icon-svg e-fas-minus\" viewBox=\"0 0 448 512\" xmlns=\"http:\/\/www.w3.org\/2000\/svg\"><path d=\"M416 208H32c-17.67 0-32 14.33-32 32v32c0 17.67 14.33 32 32 32h384c17.67 0 32-14.33 32-32v-32c0-17.67-14.33-32-32-32z\"><\/path><\/svg><\/span>\n\t\t\t\t\t\t\t\t\t\t\t\t\t\t<\/span>\n\t\t\t\t\t\t\t\t\t\t\t\t<a class=\"elementor-accordion-title\" tabindex=\"0\">Pourquoi est-il important d\u2019avoir des applications m\u00e9tier personnalis\u00e9es dans la transformation num\u00e9rique ?<\/a>\n\t\t\t\t\t<\/div>\n\t\t\t\t\t<div id=\"elementor-tab-content-2363\" class=\"elementor-tab-content elementor-clearfix\" data-tab=\"3\" role=\"region\" aria-labelledby=\"elementor-tab-title-2363\"><p>Les applications commerciales personnalis\u00e9es peuvent aider \u00e0 automatiser les processus commerciaux, \u00e0 am\u00e9liorer la collaboration entre les services et \u00e0 offrir une exp\u00e9rience utilisateur am\u00e9lior\u00e9e. De plus, des applications commerciales personnalis\u00e9es peuvent \u00eatre adapt\u00e9es aux besoins sp\u00e9cifiques de votre entreprise.   <\/p>\n<\/div>\n\t\t\t\t<\/div>\n\t\t\t\t\t\t\t<div class=\"elementor-accordion-item\">\n\t\t\t\t\t<div id=\"elementor-tab-title-2364\" class=\"elementor-tab-title\" data-tab=\"4\" role=\"button\" aria-controls=\"elementor-tab-content-2364\" aria-expanded=\"false\">\n\t\t\t\t\t\t\t\t\t\t\t\t\t<span class=\"elementor-accordion-icon elementor-accordion-icon-left\" aria-hidden=\"true\">\n\t\t\t\t\t\t\t\t\t\t\t\t\t\t\t<span class=\"elementor-accordion-icon-closed\"><svg class=\"e-font-icon-svg e-fas-plus\" viewBox=\"0 0 448 512\" xmlns=\"http:\/\/www.w3.org\/2000\/svg\"><path d=\"M416 208H272V64c0-17.67-14.33-32-32-32h-32c-17.67 0-32 14.33-32 32v144H32c-17.67 0-32 14.33-32 32v32c0 17.67 14.33 32 32 32h144v144c0 17.67 14.33 32 32 32h32c17.67 0 32-14.33 32-32V304h144c17.67 0 32-14.33 32-32v-32c0-17.67-14.33-32-32-32z\"><\/path><\/svg><\/span>\n\t\t\t\t\t\t\t\t<span class=\"elementor-accordion-icon-opened\"><svg class=\"e-font-icon-svg e-fas-minus\" viewBox=\"0 0 448 512\" xmlns=\"http:\/\/www.w3.org\/2000\/svg\"><path d=\"M416 208H32c-17.67 0-32 14.33-32 32v32c0 17.67 14.33 32 32 32h384c17.67 0 32-14.33 32-32v-32c0-17.67-14.33-32-32-32z\"><\/path><\/svg><\/span>\n\t\t\t\t\t\t\t\t\t\t\t\t\t\t<\/span>\n\t\t\t\t\t\t\t\t\t\t\t\t<a class=\"elementor-accordion-title\" tabindex=\"0\">Comment puis-je garantir que mes applications professionnelles sont s\u00e9curis\u00e9es ?<\/a>\n\t\t\t\t\t<\/div>\n\t\t\t\t\t<div id=\"elementor-tab-content-2364\" class=\"elementor-tab-content elementor-clearfix\" data-tab=\"4\" role=\"region\" aria-labelledby=\"elementor-tab-title-2364\"><p>Pour garantir la s\u00e9curit\u00e9 des applications m\u00e9tier, il est important de travailler avec une \u00e9quipe de d\u00e9veloppement exp\u00e9riment\u00e9e et connaissant les derni\u00e8res technologies et pratiques de s\u00e9curit\u00e9. Il est \u00e9galement n\u00e9cessaire d\u2019effectuer des tests de qualit\u00e9 et de s\u00e9curit\u00e9 avant de mettre l\u2019application en production et de maintenir l\u2019application \u00e0 jour avec les derniers correctifs de s\u00e9curit\u00e9.   <\/p>\n<\/div>\n\t\t\t\t<\/div>\n\t\t\t\t\t\t\t\t<\/div>\n\t\t\t\t\t\t<\/div>\n\t\t\t\t<\/div>\n\t\t\t\t\t<\/div>\n\t\t\t\t<\/div>\n\t\t\t\t<\/div>\n\t\t","protected":false},"excerpt":{"rendered":"<p>Applications d&rsquo;entreprise pour la transformation num\u00e9rique Nous vous aidons \u00e0 digitaliser votre entreprise, nous vous accompagnons dans le processus d&rsquo;analyse, d&rsquo;automatisation et de contr\u00f4le des processus, en recherchant toujours leur efficacit\u00e9 et leur s\u00e9curit\u00e9. Nous mettons en \u0153uvre les derni\u00e8res technologies de signature num\u00e9rique, d&rsquo;automatisation des processus, d&rsquo;int\u00e9gration avec les fournisseurs et les clients, de [&hellip;]<\/p>\n","protected":false},"author":3,"featured_media":0,"parent":35475,"menu_order":0,"comment_status":"closed","ping_status":"closed","template":"elementor_header_footer","meta":{"_acf_changed":false,"footnotes":""},"class_list":["post-35483","page","type-page","status-publish","hentry"],"acf":[],"_links":{"self":[{"href":"https:\/\/www.sinzerad.com\/fr\/wp-json\/wp\/v2\/pages\/35483","targetHints":{"allow":["GET"]}}],"collection":[{"href":"https:\/\/www.sinzerad.com\/fr\/wp-json\/wp\/v2\/pages"}],"about":[{"href":"https:\/\/www.sinzerad.com\/fr\/wp-json\/wp\/v2\/types\/page"}],"author":[{"embeddable":true,"href":"https:\/\/www.sinzerad.com\/fr\/wp-json\/wp\/v2\/users\/3"}],"replies":[{"embeddable":true,"href":"https:\/\/www.sinzerad.com\/fr\/wp-json\/wp\/v2\/comments?post=35483"}],"version-history":[{"count":0,"href":"https:\/\/www.sinzerad.com\/fr\/wp-json\/wp\/v2\/pages\/35483\/revisions"}],"up":[{"embeddable":true,"href":"https:\/\/www.sinzerad.com\/fr\/wp-json\/wp\/v2\/pages\/35475"}],"wp:attachment":[{"href":"https:\/\/www.sinzerad.com\/fr\/wp-json\/wp\/v2\/media?parent=35483"}],"curies":[{"name":"wp","href":"https:\/\/api.w.org\/{rel}","templated":true}]}}