{"id":35485,"date":"2022-09-21T12:12:50","date_gmt":"2022-09-21T12:12:50","guid":{"rendered":"https:\/\/www.sinzerad.com\/services\/solutions-personnalisees\/"},"modified":"2025-09-05T14:37:04","modified_gmt":"2025-09-05T14:37:04","slug":"solutions-personnalisees","status":"publish","type":"page","link":"https:\/\/www.sinzerad.com\/fr\/services\/solutions-personnalisees\/","title":{"rendered":"Solutions Personnalis\u00e9es"},"content":{"rendered":"\t\t<div data-elementor-type=\"wp-page\" data-elementor-id=\"35485\" class=\"elementor elementor-35485 elementor-4769\" data-elementor-post-type=\"page\">\n\t\t\t\t<div class=\"elementor-element elementor-element-7c1655d e-con-full e-flex e-con e-parent\" data-id=\"7c1655d\" data-element_type=\"container\" data-e-type=\"container\" data-settings=\"{&quot;background_background&quot;:&quot;classic&quot;}\">\n\t\t\t\t<div class=\"elementor-element elementor-element-b19a53a elementor-widget__width-inherit elementor-widget elementor-widget-heading\" data-id=\"b19a53a\" data-element_type=\"widget\" data-e-type=\"widget\" data-widget_type=\"heading.default\">\n\t\t\t\t<div class=\"elementor-widget-container\">\n\t\t\t\t\t<h1 class=\"elementor-heading-title elementor-size-default\">Solutions Personnalis\u00e9es<\/h1>\t\t\t\t<\/div>\n\t\t\t\t<\/div>\n\t\t\t\t<\/div>\n\t\t<div class=\"elementor-element elementor-element-b508d25 e-flex e-con-boxed elementor-invisible e-con e-parent\" data-id=\"b508d25\" data-element_type=\"container\" data-e-type=\"container\" data-settings=\"{&quot;animation&quot;:&quot;fadeInUp&quot;}\">\n\t\t\t\t\t<div class=\"e-con-inner\">\n\t\t\t\t<div class=\"elementor-element elementor-element-83936e4 elementor-widget elementor-widget-text-editor\" data-id=\"83936e4\" data-element_type=\"widget\" data-e-type=\"widget\" data-widget_type=\"text-editor.default\">\n\t\t\t\t<div class=\"elementor-widget-container\">\n\t\t\t\t\t\t\t\t\t<p><strong>Nous mettons en \u0153uvre des solutions (d\u00e9veloppement, infrastructure, infrastructure hybride, BOT, IA, etc.) sp\u00e9cifiquement con\u00e7ues pour aider votre entreprise \u00e0 devenir plus pr\u00e9cieuse, en int\u00e9grant de nouvelles technologies \u00e9mergentes qui vous aideront \u00e0 faire la diff\u00e9rence en affaires.<\/strong><\/p>\n<p>Nous d\u00e9veloppons des projets personnalis\u00e9s (d\u00e9veloppement ou infrastructure) pour r\u00e9soudre les d\u00e9fis commerciaux de la mani\u00e8re la plus efficace et adapt\u00e9e aux besoins de l&rsquo;entreprise.<\/p>\n\t\t\t\t\t\t\t\t<\/div>\n\t\t\t\t<\/div>\n\t\t\t\t\t<\/div>\n\t\t\t\t<\/div>\n\t\t<div class=\"elementor-element elementor-element-78a705b e-flex e-con-boxed elementor-invisible e-con e-parent\" data-id=\"78a705b\" data-element_type=\"container\" data-e-type=\"container\" data-settings=\"{&quot;animation&quot;:&quot;fadeInUp&quot;}\">\n\t\t\t\t\t<div class=\"e-con-inner\">\n\t\t<div class=\"elementor-element elementor-element-baee571 e-con-full e-flex e-con e-child\" data-id=\"baee571\" data-element_type=\"container\" data-e-type=\"container\">\n\t\t\t\t<div class=\"elementor-element elementor-element-ed17b76 elementor-widget elementor-widget-image\" data-id=\"ed17b76\" data-element_type=\"widget\" data-e-type=\"widget\" data-widget_type=\"image.default\">\n\t\t\t\t<div class=\"elementor-widget-container\">\n\t\t\t\t\t\t\t\t\t\t\t\t\t\t\t<img fetchpriority=\"high\" decoding=\"async\" width=\"800\" height=\"601\" src=\"https:\/\/www.sinzerad.com\/wp-content\/uploads\/2022\/10\/costum_solutions_web_app-1024x769.webp\" class=\"attachment-large size-large wp-image-39004\" alt=\"\" srcset=\"https:\/\/www.sinzerad.com\/wp-content\/uploads\/2022\/10\/costum_solutions_web_app-1024x769.webp 1024w, https:\/\/www.sinzerad.com\/wp-content\/uploads\/2022\/10\/costum_solutions_web_app-300x225.webp 300w, https:\/\/www.sinzerad.com\/wp-content\/uploads\/2022\/10\/costum_solutions_web_app-768x577.webp 768w, https:\/\/www.sinzerad.com\/wp-content\/uploads\/2022\/10\/costum_solutions_web_app-1536x1154.webp 1536w, https:\/\/www.sinzerad.com\/wp-content\/uploads\/2022\/10\/costum_solutions_web_app.webp 1730w\" sizes=\"(max-width: 800px) 100vw, 800px\" title=\"\">\t\t\t\t\t\t\t\t\t\t\t\t\t\t\t<\/div>\n\t\t\t\t<\/div>\n\t\t\t\t<\/div>\n\t\t<div class=\"elementor-element elementor-element-c2193a5 e-con-full e-flex e-con e-child\" data-id=\"c2193a5\" data-element_type=\"container\" data-e-type=\"container\">\n\t\t\t\t<div class=\"elementor-element elementor-element-9eaa341 elementor-widget elementor-widget-heading\" data-id=\"9eaa341\" data-element_type=\"widget\" data-e-type=\"widget\" data-widget_type=\"heading.default\">\n\t\t\t\t<div class=\"elementor-widget-container\">\n\t\t\t\t\t<h2 class=\"elementor-heading-title elementor-size-default\">D\u00e9veloppement d'applications Web<\/h2>\t\t\t\t<\/div>\n\t\t\t\t<\/div>\n\t\t\t\t<div class=\"elementor-element elementor-element-7fcbb44 elementor-widget elementor-widget-text-editor\" data-id=\"7fcbb44\" data-element_type=\"widget\" data-e-type=\"widget\" data-widget_type=\"text-editor.default\">\n\t\t\t\t<div class=\"elementor-widget-container\">\n\t\t\t\t\t\t\t\t\t<p><strong>Gr\u00e2ce aux diff\u00e9rents outils propos\u00e9s par Microsoft, nous d\u00e9veloppons des applications web sur mesure pour les entreprises qui n\u00e9cessitent de r\u00e9pondre \u00e0 ces besoins qui ne se retrouvent pas dans les produits du march\u00e9.<\/strong><\/p>\n<p>Avantages qu&rsquo;ils offrent :<\/p>\n<ul>\n<li>Les applications Web fonctionnent sur plusieurs plates-formes, quel que soit le syst\u00e8me d&rsquo;exploitation ou l&rsquo;appareil, \u00e0 condition que le navigateur soit compatible.<\/li>\n<li>R\u00e9duction des co\u00fbts car ils n\u00e9cessitent moins de support, de maintenance et de ressources.<\/li>\n<li>\u00c9volutivit\u00e9.<\/li>\n<\/ul>\n\t\t\t\t\t\t\t\t<\/div>\n\t\t\t\t<\/div>\n\t\t\t\t<\/div>\n\t\t\t\t\t<\/div>\n\t\t\t\t<\/div>\n\t\t<div class=\"elementor-element elementor-element-e5cff8a e-flex e-con-boxed elementor-invisible e-con e-parent\" data-id=\"e5cff8a\" data-element_type=\"container\" data-e-type=\"container\" data-settings=\"{&quot;background_background&quot;:&quot;classic&quot;,&quot;animation&quot;:&quot;fadeInUp&quot;}\">\n\t\t\t\t\t<div class=\"e-con-inner\">\n\t\t<div class=\"elementor-element elementor-element-a3e25bf e-con-full e-flex e-con e-child\" data-id=\"a3e25bf\" data-element_type=\"container\" data-e-type=\"container\">\n\t\t\t\t<div class=\"elementor-element elementor-element-184e64b elementor-widget elementor-widget-heading\" data-id=\"184e64b\" data-element_type=\"widget\" data-e-type=\"widget\" data-widget_type=\"heading.default\">\n\t\t\t\t<div class=\"elementor-widget-container\">\n\t\t\t\t\t<h2 class=\"elementor-heading-title elementor-size-default\">D\u00e9veloppement d'applications mobiles<\/h2>\t\t\t\t<\/div>\n\t\t\t\t<\/div>\n\t\t\t\t<div class=\"elementor-element elementor-element-d965d0c elementor-widget elementor-widget-text-editor\" data-id=\"d965d0c\" data-element_type=\"widget\" data-e-type=\"widget\" data-widget_type=\"text-editor.default\">\n\t\t\t\t<div class=\"elementor-widget-container\">\n\t\t\t\t\t\t\t\t\t<p>Nous proposons une large gamme de services de d\u00e9veloppement d&rsquo;applications mobiles, notamment le d\u00e9veloppement d&rsquo;applications natives iOS et Android, d&rsquo;applications Web mobiles et d&rsquo;applications hybrides.  <strong>Nous garantissons que nos applications sont rapides, intuitives, faciles \u00e0 utiliser et optimis\u00e9es pour des performances exceptionnelles.<\/strong><\/p>\n\t\t\t\t\t\t\t\t<\/div>\n\t\t\t\t<\/div>\n\t\t\t\t<\/div>\n\t\t<div class=\"elementor-element elementor-element-bd1d8ef e-con-full e-flex e-con e-child\" data-id=\"bd1d8ef\" data-element_type=\"container\" data-e-type=\"container\">\n\t\t\t\t<div class=\"elementor-element elementor-element-f032027 elementor-widget elementor-widget-image\" data-id=\"f032027\" data-element_type=\"widget\" data-e-type=\"widget\" data-widget_type=\"image.default\">\n\t\t\t\t<div class=\"elementor-widget-container\">\n\t\t\t\t\t\t\t\t\t\t\t\t\t\t\t<img decoding=\"async\" width=\"800\" height=\"605\" src=\"https:\/\/www.sinzerad.com\/wp-content\/uploads\/2022\/10\/costum_solutions_app-1024x775.webp\" class=\"attachment-large size-large wp-image-39011\" alt=\"\" srcset=\"https:\/\/www.sinzerad.com\/wp-content\/uploads\/2022\/10\/costum_solutions_app-1024x775.webp 1024w, https:\/\/www.sinzerad.com\/wp-content\/uploads\/2022\/10\/costum_solutions_app-300x227.webp 300w, https:\/\/www.sinzerad.com\/wp-content\/uploads\/2022\/10\/costum_solutions_app-768x581.webp 768w, https:\/\/www.sinzerad.com\/wp-content\/uploads\/2022\/10\/costum_solutions_app-1536x1162.webp 1536w, https:\/\/www.sinzerad.com\/wp-content\/uploads\/2022\/10\/costum_solutions_app.webp 1720w\" sizes=\"(max-width: 800px) 100vw, 800px\" title=\"\">\t\t\t\t\t\t\t\t\t\t\t\t\t\t\t<\/div>\n\t\t\t\t<\/div>\n\t\t\t\t<\/div>\n\t\t\t\t\t<\/div>\n\t\t\t\t<\/div>\n\t\t<div class=\"elementor-element elementor-element-df23427 e-flex e-con-boxed elementor-invisible e-con e-parent\" data-id=\"df23427\" data-element_type=\"container\" data-e-type=\"container\" data-settings=\"{&quot;animation&quot;:&quot;fadeInUp&quot;}\">\n\t\t\t\t\t<div class=\"e-con-inner\">\n\t\t<div class=\"elementor-element elementor-element-9cf3e6a e-con-full e-flex e-con e-child\" data-id=\"9cf3e6a\" data-element_type=\"container\" data-e-type=\"container\">\n\t\t\t\t<div class=\"elementor-element elementor-element-0d4234a elementor-widget elementor-widget-image\" data-id=\"0d4234a\" data-element_type=\"widget\" data-e-type=\"widget\" data-widget_type=\"image.default\">\n\t\t\t\t<div class=\"elementor-widget-container\">\n\t\t\t\t\t\t\t\t\t\t\t\t\t\t\t<img decoding=\"async\" width=\"800\" height=\"605\" src=\"https:\/\/www.sinzerad.com\/wp-content\/uploads\/2022\/10\/costum_solutions_infraestrutuctura-1024x774.webp\" class=\"attachment-large size-large wp-image-39005\" alt=\"\" srcset=\"https:\/\/www.sinzerad.com\/wp-content\/uploads\/2022\/10\/costum_solutions_infraestrutuctura-1024x774.webp 1024w, https:\/\/www.sinzerad.com\/wp-content\/uploads\/2022\/10\/costum_solutions_infraestrutuctura-300x227.webp 300w, https:\/\/www.sinzerad.com\/wp-content\/uploads\/2022\/10\/costum_solutions_infraestrutuctura-768x580.webp 768w, https:\/\/www.sinzerad.com\/wp-content\/uploads\/2022\/10\/costum_solutions_infraestrutuctura-1536x1161.webp 1536w, https:\/\/www.sinzerad.com\/wp-content\/uploads\/2022\/10\/costum_solutions_infraestrutuctura.webp 1720w\" sizes=\"(max-width: 800px) 100vw, 800px\" title=\"\">\t\t\t\t\t\t\t\t\t\t\t\t\t\t\t<\/div>\n\t\t\t\t<\/div>\n\t\t\t\t<\/div>\n\t\t<div class=\"elementor-element elementor-element-22bc70e e-con-full e-flex e-con e-child\" data-id=\"22bc70e\" data-element_type=\"container\" data-e-type=\"container\">\n\t\t\t\t<div class=\"elementor-element elementor-element-43ede15 elementor-widget elementor-widget-heading\" data-id=\"43ede15\" data-element_type=\"widget\" data-e-type=\"widget\" data-widget_type=\"heading.default\">\n\t\t\t\t<div class=\"elementor-widget-container\">\n\t\t\t\t\t<h2 class=\"elementor-heading-title elementor-size-default\">Projets d'infrastructure<\/h2>\t\t\t\t<\/div>\n\t\t\t\t<\/div>\n\t\t\t\t<div class=\"elementor-element elementor-element-44e8044 elementor-widget elementor-widget-text-editor\" data-id=\"44e8044\" data-element_type=\"widget\" data-e-type=\"widget\" data-widget_type=\"text-editor.default\">\n\t\t\t\t<div class=\"elementor-widget-container\">\n\t\t\t\t\t\t\t\t\t<p>Nous proposons une large gamme de services d&rsquo;infrastructure, notamment <strong>la conception de r\u00e9seaux, la mise en \u0153uvre de serveurs, la configuration de logiciels et de mat\u00e9riel, les services de stockage et la s\u00e9curit\u00e9 des r\u00e9seaux.<\/strong> De plus, nous offrons des services de conseil pour aider nos clients \u00e0 identifier les meilleures solutions pour leurs besoins en infrastructure.<\/p>\n\t\t\t\t\t\t\t\t<\/div>\n\t\t\t\t<\/div>\n\t\t\t\t<\/div>\n\t\t\t\t\t<\/div>\n\t\t\t\t<\/div>\n\t\t<div class=\"elementor-element elementor-element-b9d40ae e-flex e-con-boxed elementor-invisible e-con e-parent\" data-id=\"b9d40ae\" data-element_type=\"container\" data-e-type=\"container\" data-settings=\"{&quot;animation&quot;:&quot;fadeInUp&quot;}\">\n\t\t\t\t\t<div class=\"e-con-inner\">\n\t\t\t\t<div class=\"elementor-element elementor-element-802c6ef elementor-widget__width-inherit elementor-widget elementor-widget-heading\" data-id=\"802c6ef\" data-element_type=\"widget\" data-e-type=\"widget\" data-widget_type=\"heading.default\">\n\t\t\t\t<div class=\"elementor-widget-container\">\n\t\t\t\t\t<h2 class=\"elementor-heading-title elementor-size-default\">FAQ<\/h2>\t\t\t\t<\/div>\n\t\t\t\t<\/div>\n\t\t\t\t<div class=\"elementor-element elementor-element-729e22f elementor-widget elementor-widget-accordion\" data-id=\"729e22f\" data-element_type=\"widget\" data-e-type=\"widget\" data-widget_type=\"accordion.default\">\n\t\t\t\t<div class=\"elementor-widget-container\">\n\t\t\t\t\t\t\t<div class=\"elementor-accordion\">\n\t\t\t\t\t\t\t<div class=\"elementor-accordion-item\">\n\t\t\t\t\t<div id=\"elementor-tab-title-1201\" class=\"elementor-tab-title\" data-tab=\"1\" role=\"button\" aria-controls=\"elementor-tab-content-1201\" aria-expanded=\"false\">\n\t\t\t\t\t\t\t\t\t\t\t\t\t<span class=\"elementor-accordion-icon elementor-accordion-icon-left\" aria-hidden=\"true\">\n\t\t\t\t\t\t\t\t\t\t\t\t\t\t\t<span class=\"elementor-accordion-icon-closed\"><svg class=\"e-font-icon-svg e-fas-plus\" viewBox=\"0 0 448 512\" xmlns=\"http:\/\/www.w3.org\/2000\/svg\"><path d=\"M416 208H272V64c0-17.67-14.33-32-32-32h-32c-17.67 0-32 14.33-32 32v144H32c-17.67 0-32 14.33-32 32v32c0 17.67 14.33 32 32 32h144v144c0 17.67 14.33 32 32 32h32c17.67 0 32-14.33 32-32V304h144c17.67 0 32-14.33 32-32v-32c0-17.67-14.33-32-32-32z\"><\/path><\/svg><\/span>\n\t\t\t\t\t\t\t\t<span class=\"elementor-accordion-icon-opened\"><svg class=\"e-font-icon-svg e-fas-minus\" viewBox=\"0 0 448 512\" xmlns=\"http:\/\/www.w3.org\/2000\/svg\"><path d=\"M416 208H32c-17.67 0-32 14.33-32 32v32c0 17.67 14.33 32 32 32h384c17.67 0 32-14.33 32-32v-32c0-17.67-14.33-32-32-32z\"><\/path><\/svg><\/span>\n\t\t\t\t\t\t\t\t\t\t\t\t\t\t<\/span>\n\t\t\t\t\t\t\t\t\t\t\t\t<a class=\"elementor-accordion-title\" tabindex=\"0\">Que sont les solutions personnalis\u00e9es et quel est l\u2019avantage pour mon entreprise ?<\/a>\n\t\t\t\t\t<\/div>\n\t\t\t\t\t<div id=\"elementor-tab-content-1201\" class=\"elementor-tab-content elementor-clearfix\" data-tab=\"1\" role=\"region\" aria-labelledby=\"elementor-tab-title-1201\"><p>Les solutions personnalis\u00e9es sont des applications et des syst\u00e8mes con\u00e7us et d\u00e9velopp\u00e9s sp\u00e9cifiquement pour r\u00e9pondre aux besoins uniques de votre entreprise. Le principal avantage est que ces solutions peuvent optimiser les processus et augmenter l\u2019efficacit\u00e9 des op\u00e9rations commerciales.   <\/p>\n<\/div>\n\t\t\t\t<\/div>\n\t\t\t\t\t\t\t<div class=\"elementor-accordion-item\">\n\t\t\t\t\t<div id=\"elementor-tab-title-1202\" class=\"elementor-tab-title\" data-tab=\"2\" role=\"button\" aria-controls=\"elementor-tab-content-1202\" aria-expanded=\"false\">\n\t\t\t\t\t\t\t\t\t\t\t\t\t<span class=\"elementor-accordion-icon elementor-accordion-icon-left\" aria-hidden=\"true\">\n\t\t\t\t\t\t\t\t\t\t\t\t\t\t\t<span class=\"elementor-accordion-icon-closed\"><svg class=\"e-font-icon-svg e-fas-plus\" viewBox=\"0 0 448 512\" xmlns=\"http:\/\/www.w3.org\/2000\/svg\"><path d=\"M416 208H272V64c0-17.67-14.33-32-32-32h-32c-17.67 0-32 14.33-32 32v144H32c-17.67 0-32 14.33-32 32v32c0 17.67 14.33 32 32 32h144v144c0 17.67 14.33 32 32 32h32c17.67 0 32-14.33 32-32V304h144c17.67 0 32-14.33 32-32v-32c0-17.67-14.33-32-32-32z\"><\/path><\/svg><\/span>\n\t\t\t\t\t\t\t\t<span class=\"elementor-accordion-icon-opened\"><svg class=\"e-font-icon-svg e-fas-minus\" viewBox=\"0 0 448 512\" xmlns=\"http:\/\/www.w3.org\/2000\/svg\"><path d=\"M416 208H32c-17.67 0-32 14.33-32 32v32c0 17.67 14.33 32 32 32h384c17.67 0 32-14.33 32-32v-32c0-17.67-14.33-32-32-32z\"><\/path><\/svg><\/span>\n\t\t\t\t\t\t\t\t\t\t\t\t\t\t<\/span>\n\t\t\t\t\t\t\t\t\t\t\t\t<a class=\"elementor-accordion-title\" tabindex=\"0\">Comment puis-je d\u00e9terminer si mon entreprise a besoin d\u2019une solution personnalis\u00e9e ?<\/a>\n\t\t\t\t\t<\/div>\n\t\t\t\t\t<div id=\"elementor-tab-content-1202\" class=\"elementor-tab-content elementor-clearfix\" data-tab=\"2\" role=\"region\" aria-labelledby=\"elementor-tab-title-1202\"><p>Vous devez \u00e9valuer si les solutions disponibles sur le march\u00e9 peuvent r\u00e9pondre aux besoins sp\u00e9cifiques de votre entreprise. Dans le cas contraire, il peut \u00eatre n\u00e9cessaire d\u2019investir dans une solution personnalis\u00e9e pour r\u00e9pondre \u00e0 vos besoins sp\u00e9cifiques.   <\/p>\n<\/div>\n\t\t\t\t<\/div>\n\t\t\t\t\t\t\t<div class=\"elementor-accordion-item\">\n\t\t\t\t\t<div id=\"elementor-tab-title-1203\" class=\"elementor-tab-title\" data-tab=\"3\" role=\"button\" aria-controls=\"elementor-tab-content-1203\" aria-expanded=\"false\">\n\t\t\t\t\t\t\t\t\t\t\t\t\t<span class=\"elementor-accordion-icon elementor-accordion-icon-left\" aria-hidden=\"true\">\n\t\t\t\t\t\t\t\t\t\t\t\t\t\t\t<span class=\"elementor-accordion-icon-closed\"><svg class=\"e-font-icon-svg e-fas-plus\" viewBox=\"0 0 448 512\" xmlns=\"http:\/\/www.w3.org\/2000\/svg\"><path d=\"M416 208H272V64c0-17.67-14.33-32-32-32h-32c-17.67 0-32 14.33-32 32v144H32c-17.67 0-32 14.33-32 32v32c0 17.67 14.33 32 32 32h144v144c0 17.67 14.33 32 32 32h32c17.67 0 32-14.33 32-32V304h144c17.67 0 32-14.33 32-32v-32c0-17.67-14.33-32-32-32z\"><\/path><\/svg><\/span>\n\t\t\t\t\t\t\t\t<span class=\"elementor-accordion-icon-opened\"><svg class=\"e-font-icon-svg e-fas-minus\" viewBox=\"0 0 448 512\" xmlns=\"http:\/\/www.w3.org\/2000\/svg\"><path d=\"M416 208H32c-17.67 0-32 14.33-32 32v32c0 17.67 14.33 32 32 32h384c17.67 0 32-14.33 32-32v-32c0-17.67-14.33-32-32-32z\"><\/path><\/svg><\/span>\n\t\t\t\t\t\t\t\t\t\t\t\t\t\t<\/span>\n\t\t\t\t\t\t\t\t\t\t\t\t<a class=\"elementor-accordion-title\" tabindex=\"0\">Combien de temps faut-il pour d\u00e9velopper une solution personnalis\u00e9e et combien cela co\u00fbte-t-il ?<\/a>\n\t\t\t\t\t<\/div>\n\t\t\t\t\t<div id=\"elementor-tab-content-1203\" class=\"elementor-tab-content elementor-clearfix\" data-tab=\"3\" role=\"region\" aria-labelledby=\"elementor-tab-title-1203\"><p>Le temps et le co\u00fbt peuvent varier en fonction de la port\u00e9e et de la complexit\u00e9 de la solution. Une \u00e9quipe de d\u00e9veloppeurs exp\u00e9riment\u00e9s peut fournir une estimation du temps et des co\u00fbts apr\u00e8s une \u00e9valuation initiale des exigences du projet.   <\/p>\n<\/div>\n\t\t\t\t<\/div>\n\t\t\t\t\t\t\t<div class=\"elementor-accordion-item\">\n\t\t\t\t\t<div id=\"elementor-tab-title-1204\" class=\"elementor-tab-title\" data-tab=\"4\" role=\"button\" aria-controls=\"elementor-tab-content-1204\" aria-expanded=\"false\">\n\t\t\t\t\t\t\t\t\t\t\t\t\t<span class=\"elementor-accordion-icon elementor-accordion-icon-left\" aria-hidden=\"true\">\n\t\t\t\t\t\t\t\t\t\t\t\t\t\t\t<span class=\"elementor-accordion-icon-closed\"><svg class=\"e-font-icon-svg e-fas-plus\" viewBox=\"0 0 448 512\" xmlns=\"http:\/\/www.w3.org\/2000\/svg\"><path d=\"M416 208H272V64c0-17.67-14.33-32-32-32h-32c-17.67 0-32 14.33-32 32v144H32c-17.67 0-32 14.33-32 32v32c0 17.67 14.33 32 32 32h144v144c0 17.67 14.33 32 32 32h32c17.67 0 32-14.33 32-32V304h144c17.67 0 32-14.33 32-32v-32c0-17.67-14.33-32-32-32z\"><\/path><\/svg><\/span>\n\t\t\t\t\t\t\t\t<span class=\"elementor-accordion-icon-opened\"><svg class=\"e-font-icon-svg e-fas-minus\" viewBox=\"0 0 448 512\" xmlns=\"http:\/\/www.w3.org\/2000\/svg\"><path d=\"M416 208H32c-17.67 0-32 14.33-32 32v32c0 17.67 14.33 32 32 32h384c17.67 0 32-14.33 32-32v-32c0-17.67-14.33-32-32-32z\"><\/path><\/svg><\/span>\n\t\t\t\t\t\t\t\t\t\t\t\t\t\t<\/span>\n\t\t\t\t\t\t\t\t\t\t\t\t<a class=\"elementor-accordion-title\" tabindex=\"0\">Comment puis-je garantir que la solution personnalis\u00e9e est s\u00e9curis\u00e9e et fiable ?<\/a>\n\t\t\t\t\t<\/div>\n\t\t\t\t\t<div id=\"elementor-tab-content-1204\" class=\"elementor-tab-content elementor-clearfix\" data-tab=\"4\" role=\"region\" aria-labelledby=\"elementor-tab-title-1204\"><p>Pour garantir la s\u00e9curit\u00e9 et la fiabilit\u00e9 d\u2019une solution personnalis\u00e9e, vous devez travailler avec une \u00e9quipe de d\u00e9veloppement exp\u00e9riment\u00e9e qui conna\u00eet les derni\u00e8res technologies et pratiques de s\u00e9curit\u00e9. De plus, il est important d\u2019effectuer des tests de qualit\u00e9 et de s\u00e9curit\u00e9 avant de lancer la solution en production.   <\/p>\n<\/div>\n\t\t\t\t<\/div>\n\t\t\t\t\t\t\t\t<\/div>\n\t\t\t\t\t\t<\/div>\n\t\t\t\t<\/div>\n\t\t\t\t\t<\/div>\n\t\t\t\t<\/div>\n\t\t\t\t<\/div>\n\t\t","protected":false},"excerpt":{"rendered":"<p>Solutions Personnalis\u00e9es Nous mettons en \u0153uvre des solutions (d\u00e9veloppement, infrastructure, infrastructure hybride, BOT, IA, etc.) sp\u00e9cifiquement con\u00e7ues pour aider votre entreprise \u00e0 devenir plus pr\u00e9cieuse, en int\u00e9grant de nouvelles technologies \u00e9mergentes qui vous aideront \u00e0 faire la diff\u00e9rence en affaires. Nous d\u00e9veloppons des projets personnalis\u00e9s (d\u00e9veloppement ou infrastructure) pour r\u00e9soudre les d\u00e9fis commerciaux de la [&hellip;]<\/p>\n","protected":false},"author":3,"featured_media":0,"parent":35475,"menu_order":0,"comment_status":"closed","ping_status":"closed","template":"elementor_header_footer","meta":{"_acf_changed":false,"footnotes":""},"class_list":["post-35485","page","type-page","status-publish","hentry"],"acf":[],"_links":{"self":[{"href":"https:\/\/www.sinzerad.com\/fr\/wp-json\/wp\/v2\/pages\/35485","targetHints":{"allow":["GET"]}}],"collection":[{"href":"https:\/\/www.sinzerad.com\/fr\/wp-json\/wp\/v2\/pages"}],"about":[{"href":"https:\/\/www.sinzerad.com\/fr\/wp-json\/wp\/v2\/types\/page"}],"author":[{"embeddable":true,"href":"https:\/\/www.sinzerad.com\/fr\/wp-json\/wp\/v2\/users\/3"}],"replies":[{"embeddable":true,"href":"https:\/\/www.sinzerad.com\/fr\/wp-json\/wp\/v2\/comments?post=35485"}],"version-history":[{"count":0,"href":"https:\/\/www.sinzerad.com\/fr\/wp-json\/wp\/v2\/pages\/35485\/revisions"}],"up":[{"embeddable":true,"href":"https:\/\/www.sinzerad.com\/fr\/wp-json\/wp\/v2\/pages\/35475"}],"wp:attachment":[{"href":"https:\/\/www.sinzerad.com\/fr\/wp-json\/wp\/v2\/media?parent=35485"}],"curies":[{"name":"wp","href":"https:\/\/api.w.org\/{rel}","templated":true}]}}