{"id":35491,"date":"2022-09-21T12:35:40","date_gmt":"2022-09-21T12:35:40","guid":{"rendered":"https:\/\/www.sinzerad.com\/services\/services-geres-et-infrastructure\/"},"modified":"2025-09-05T15:04:47","modified_gmt":"2025-09-05T15:04:47","slug":"services-geres-et-infrastructure","status":"publish","type":"page","link":"https:\/\/www.sinzerad.com\/fr\/services\/services-geres-et-infrastructure\/","title":{"rendered":"Services g\u00e9r\u00e9s et infrastructure"},"content":{"rendered":"\t\t<div data-elementor-type=\"wp-page\" data-elementor-id=\"35491\" class=\"elementor elementor-35491 elementor-4815\" data-elementor-post-type=\"page\">\n\t\t\t\t<div class=\"elementor-element elementor-element-c1521dc e-con-full e-flex e-con e-parent\" data-id=\"c1521dc\" data-element_type=\"container\" data-e-type=\"container\" data-settings=\"{&quot;background_background&quot;:&quot;classic&quot;}\">\n\t\t\t\t<div class=\"elementor-element elementor-element-fb992ae elementor-widget__width-inherit elementor-widget elementor-widget-heading\" data-id=\"fb992ae\" data-element_type=\"widget\" data-e-type=\"widget\" data-widget_type=\"heading.default\">\n\t\t\t\t<div class=\"elementor-widget-container\">\n\t\t\t\t\t<h1 class=\"elementor-heading-title elementor-size-default\">Services g\u00e9r\u00e9s et gestion de l'infrastructure<\/h1>\t\t\t\t<\/div>\n\t\t\t\t<\/div>\n\t\t\t\t<\/div>\n\t\t<div class=\"elementor-element elementor-element-4a0909d e-flex e-con-boxed elementor-invisible e-con e-parent\" data-id=\"4a0909d\" data-element_type=\"container\" data-e-type=\"container\" data-settings=\"{&quot;animation&quot;:&quot;fadeInUp&quot;}\">\n\t\t\t\t\t<div class=\"e-con-inner\">\n\t\t\t\t<div class=\"elementor-element elementor-element-b1ad854 elementor-widget elementor-widget-text-editor\" data-id=\"b1ad854\" data-element_type=\"widget\" data-e-type=\"widget\" data-widget_type=\"text-editor.default\">\n\t\t\t\t<div class=\"elementor-widget-container\">\n\t\t\t\t\t\t\t\t\t<p><strong>Nous prenons en charge la gestion de votre infrastructure et de vos r\u00e9seaux (physiques, hybrides ou cloud) et g\u00e9rons vos applications afin que vous puissiez vous concentrer sur ce qui ajoute r\u00e9ellement de la valeur \u00e0 votre entreprise.<\/strong><\/p>\n<p>Ne vous souciez pas de la technologie pour vous concentrer sur l&rsquo;entreprise. Confiez-nous la gestion de votre infrastructure (serveurs, r\u00e9seaux, t\u00e9l\u00e9phonie IP). Nous nous assurons qu&rsquo;ils sont \u00e0 jour et fonctionnent de mani\u00e8re optimale afin que vous puissiez vous concentrer sur ce qui ajoute vraiment de la valeur.    <\/p>\t\t\t\t\t\t\t\t<\/div>\n\t\t\t\t<\/div>\n\t\t\t\t\t<\/div>\n\t\t\t\t<\/div>\n\t\t<div class=\"elementor-element elementor-element-edde3a1 e-flex e-con-boxed elementor-invisible e-con e-parent\" data-id=\"edde3a1\" data-element_type=\"container\" data-e-type=\"container\" data-settings=\"{&quot;animation&quot;:&quot;fadeInUp&quot;}\">\n\t\t\t\t\t<div class=\"e-con-inner\">\n\t\t<div class=\"elementor-element elementor-element-e15cf22 e-con-full e-flex e-con e-child\" data-id=\"e15cf22\" data-element_type=\"container\" data-e-type=\"container\">\n\t\t\t\t<div class=\"elementor-element elementor-element-f76c91f elementor-widget elementor-widget-image\" data-id=\"f76c91f\" data-element_type=\"widget\" data-e-type=\"widget\" data-widget_type=\"image.default\">\n\t\t\t\t<div class=\"elementor-widget-container\">\n\t\t\t\t\t\t\t\t\t\t\t\t\t\t\t<img fetchpriority=\"high\" decoding=\"async\" width=\"800\" height=\"603\" src=\"https:\/\/www.sinzerad.com\/wp-content\/uploads\/2024\/04\/managed_services_it-1024x772.webp\" class=\"attachment-large size-large wp-image-39181\" alt=\"\" srcset=\"https:\/\/www.sinzerad.com\/wp-content\/uploads\/2024\/04\/managed_services_it-1024x772.webp 1024w, https:\/\/www.sinzerad.com\/wp-content\/uploads\/2024\/04\/managed_services_it-300x226.webp 300w, https:\/\/www.sinzerad.com\/wp-content\/uploads\/2024\/04\/managed_services_it-768x579.webp 768w, https:\/\/www.sinzerad.com\/wp-content\/uploads\/2024\/04\/managed_services_it-1536x1157.webp 1536w, https:\/\/www.sinzerad.com\/wp-content\/uploads\/2024\/04\/managed_services_it.webp 1728w\" sizes=\"(max-width: 800px) 100vw, 800px\" title=\"\">\t\t\t\t\t\t\t\t\t\t\t\t\t\t\t<\/div>\n\t\t\t\t<\/div>\n\t\t\t\t<\/div>\n\t\t<div class=\"elementor-element elementor-element-b5cff94 e-con-full e-flex e-con e-child\" data-id=\"b5cff94\" data-element_type=\"container\" data-e-type=\"container\">\n\t\t\t\t<div class=\"elementor-element elementor-element-e4d1440 elementor-widget elementor-widget-heading\" data-id=\"e4d1440\" data-element_type=\"widget\" data-e-type=\"widget\" data-widget_type=\"heading.default\">\n\t\t\t\t<div class=\"elementor-widget-container\">\n\t\t\t\t\t<h2 class=\"elementor-heading-title elementor-size-default\">Services d'infrastructure g\u00e9r\u00e9s<\/h2>\t\t\t\t<\/div>\n\t\t\t\t<\/div>\n\t\t\t\t<div class=\"elementor-element elementor-element-08bd6ab elementor-widget elementor-widget-text-editor\" data-id=\"08bd6ab\" data-element_type=\"widget\" data-e-type=\"widget\" data-widget_type=\"text-editor.default\">\n\t\t\t\t<div class=\"elementor-widget-container\">\n\t\t\t\t\t\t\t\t\t<p>Chaque jour la gestion des syst\u00e8mes d&rsquo;information est plus complexe, la technologie \u00e9volue \u00e0 une vitesse qui implique une formation permanente, c&rsquo;est pourquoi de nombreuses organisations pr\u00e9f\u00e8rent externaliser la gestion de l&rsquo;infrastructure technologique.  <strong>SinzerAD propose \u00e0 ses clients la gestion de leurs Syst\u00e8mes d&rsquo;Information en On-Prem, Hybride et Cloud.<\/strong><\/p>\n<ul>\n<li>Nous assurons le bon fonctionnement des infrastructures informatiques gr\u00e2ce \u00e0 la surveillance, la notification, la maintenance pr\u00e9ventive et l&rsquo;ex\u00e9cution d&rsquo;actions en cas de panne.<\/li>\n<li>Mise \u00e0 jour des syst\u00e8mes de plateforme technologique pour g\u00e9rer les ressources, les utilisateurs et les applications. SinzerAD conserve son \u00e9tat de fonctionnement et de gestion correct.   <\/li>\n<li>Nous maintenons \u00e0 jour et corrigeons les \u00e9carts d\u00e9tect\u00e9s dans le syst\u00e8me de sauvegarde, de haute disponibilit\u00e9 ou de continuit\u00e9 d&rsquo;activit\u00e9.<\/li>\n<li>Nous administrons et g\u00e9rons des bases de donn\u00e9es afin que les tables soient toujours bien index\u00e9es et aient des performances optimales.<\/li>\n<li>Nous g\u00e9rons des environnements hybrides et cloud pour am\u00e9liorer l&rsquo;efficacit\u00e9 et r\u00e9duire les co\u00fbts de gestion op\u00e9rationnelle.<\/li>\n<\/ul>\t\t\t\t\t\t\t\t<\/div>\n\t\t\t\t<\/div>\n\t\t\t\t<\/div>\n\t\t\t\t\t<\/div>\n\t\t\t\t<\/div>\n\t\t<div class=\"elementor-element elementor-element-7c12fba e-flex e-con-boxed elementor-invisible e-con e-parent\" data-id=\"7c12fba\" data-element_type=\"container\" data-e-type=\"container\" data-settings=\"{&quot;background_background&quot;:&quot;classic&quot;,&quot;animation&quot;:&quot;fadeInUp&quot;}\">\n\t\t\t\t\t<div class=\"e-con-inner\">\n\t\t<div class=\"elementor-element elementor-element-8b99ec5 e-con-full e-flex e-con e-child\" data-id=\"8b99ec5\" data-element_type=\"container\" data-e-type=\"container\">\n\t\t\t\t<div class=\"elementor-element elementor-element-e5977e2 elementor-widget elementor-widget-heading\" data-id=\"e5977e2\" data-element_type=\"widget\" data-e-type=\"widget\" data-widget_type=\"heading.default\">\n\t\t\t\t<div class=\"elementor-widget-container\">\n\t\t\t\t\t<h2 class=\"elementor-heading-title elementor-size-default\">Applications g\u00e9r\u00e9es et services informatiques<\/h2>\t\t\t\t<\/div>\n\t\t\t\t<\/div>\n\t\t\t\t<div class=\"elementor-element elementor-element-fdcb172 elementor-widget elementor-widget-text-editor\" data-id=\"fdcb172\" data-element_type=\"widget\" data-e-type=\"widget\" data-widget_type=\"text-editor.default\">\n\t\t\t\t<div class=\"elementor-widget-container\">\n\t\t\t\t\t\t\t\t\t<p>SinzerAD offre \u00e0 ses clients la possibilit\u00e9 de g\u00e9rer les applications et les services informatiques de la couche applicative et de pr\u00e9sentation.<\/p>\n<ul>\n<li><strong>Gestion, administration et surveillance d&rsquo;applications et\/ou de services<\/strong> : Contr\u00f4le d&rsquo;acc\u00e8s et surveillance.<\/li>\n<li><strong>Versions mineures&nbsp;:<\/strong> limit\u00e9es aux fonctionnalit\u00e9s existantes avec de petites mises \u00e0 jour d&rsquo;am\u00e9lioration et des correctifs pour r\u00e9soudre les bogues de s\u00e9curit\u00e9.<\/li>\n<li><strong>Versions majeures :<\/strong> cela implique l&rsquo;introduction de nouveau code pour ajouter de nouvelles fonctionnalit\u00e9s qui affectent l&rsquo;interface utilisateur ou d&rsquo;autres applications associ\u00e9es.<\/li>\n<\/ul>\n\t\t\t\t\t\t\t\t<\/div>\n\t\t\t\t<\/div>\n\t\t\t\t<\/div>\n\t\t<div class=\"elementor-element elementor-element-9373631 e-con-full e-flex e-con e-child\" data-id=\"9373631\" data-element_type=\"container\" data-e-type=\"container\">\n\t\t\t\t<div class=\"elementor-element elementor-element-d29ffa3 elementor-widget elementor-widget-image\" data-id=\"d29ffa3\" data-element_type=\"widget\" data-e-type=\"widget\" data-widget_type=\"image.default\">\n\t\t\t\t<div class=\"elementor-widget-container\">\n\t\t\t\t\t\t\t\t\t\t\t\t\t\t\t<img decoding=\"async\" width=\"800\" height=\"605\" src=\"https:\/\/www.sinzerad.com\/wp-content\/uploads\/2022\/10\/managed_services_infraestructura-copy-1024x774.webp\" class=\"attachment-large size-large wp-image-39013\" alt=\"\" srcset=\"https:\/\/www.sinzerad.com\/wp-content\/uploads\/2022\/10\/managed_services_infraestructura-copy-1024x774.webp 1024w, https:\/\/www.sinzerad.com\/wp-content\/uploads\/2022\/10\/managed_services_infraestructura-copy-300x227.webp 300w, https:\/\/www.sinzerad.com\/wp-content\/uploads\/2022\/10\/managed_services_infraestructura-copy-768x580.webp 768w, https:\/\/www.sinzerad.com\/wp-content\/uploads\/2022\/10\/managed_services_infraestructura-copy-1536x1161.webp 1536w, https:\/\/www.sinzerad.com\/wp-content\/uploads\/2022\/10\/managed_services_infraestructura-copy.webp 1720w\" sizes=\"(max-width: 800px) 100vw, 800px\" title=\"\">\t\t\t\t\t\t\t\t\t\t\t\t\t\t\t<\/div>\n\t\t\t\t<\/div>\n\t\t\t\t<\/div>\n\t\t\t\t\t<\/div>\n\t\t\t\t<\/div>\n\t\t<div class=\"elementor-element elementor-element-c1fe2a4 e-flex e-con-boxed elementor-invisible e-con e-parent\" data-id=\"c1fe2a4\" data-element_type=\"container\" data-e-type=\"container\" data-settings=\"{&quot;animation&quot;:&quot;fadeInUp&quot;}\">\n\t\t\t\t\t<div class=\"e-con-inner\">\n\t\t<div class=\"elementor-element elementor-element-03d937c e-con-full e-flex e-con e-child\" data-id=\"03d937c\" data-element_type=\"container\" data-e-type=\"container\">\n\t\t\t\t<div class=\"elementor-element elementor-element-20db47c elementor-widget elementor-widget-image\" data-id=\"20db47c\" data-element_type=\"widget\" data-e-type=\"widget\" data-widget_type=\"image.default\">\n\t\t\t\t<div class=\"elementor-widget-container\">\n\t\t\t\t\t\t\t\t\t\t\t\t\t\t\t<img decoding=\"async\" width=\"800\" height=\"605\" src=\"https:\/\/www.sinzerad.com\/wp-content\/uploads\/2024\/04\/managed_services_it-copy-1024x774.webp\" class=\"attachment-large size-large wp-image-39168\" alt=\"\" srcset=\"https:\/\/www.sinzerad.com\/wp-content\/uploads\/2024\/04\/managed_services_it-copy-1024x774.webp 1024w, https:\/\/www.sinzerad.com\/wp-content\/uploads\/2024\/04\/managed_services_it-copy-300x227.webp 300w, https:\/\/www.sinzerad.com\/wp-content\/uploads\/2024\/04\/managed_services_it-copy-768x580.webp 768w, https:\/\/www.sinzerad.com\/wp-content\/uploads\/2024\/04\/managed_services_it-copy-1536x1161.webp 1536w, https:\/\/www.sinzerad.com\/wp-content\/uploads\/2024\/04\/managed_services_it-copy.webp 1720w\" sizes=\"(max-width: 800px) 100vw, 800px\" title=\"\">\t\t\t\t\t\t\t\t\t\t\t\t\t\t\t<\/div>\n\t\t\t\t<\/div>\n\t\t\t\t<\/div>\n\t\t<div class=\"elementor-element elementor-element-1a2a487 e-con-full e-flex e-con e-child\" data-id=\"1a2a487\" data-element_type=\"container\" data-e-type=\"container\">\n\t\t\t\t<div class=\"elementor-element elementor-element-bd887b0 elementor-widget elementor-widget-heading\" data-id=\"bd887b0\" data-element_type=\"widget\" data-e-type=\"widget\" data-widget_type=\"heading.default\">\n\t\t\t\t<div class=\"elementor-widget-container\">\n\t\t\t\t\t<h2 class=\"elementor-heading-title elementor-size-default\">D\u00e9partement informatique des services g\u00e9r\u00e9s<\/h2>\t\t\t\t<\/div>\n\t\t\t\t<\/div>\n\t\t\t\t<div class=\"elementor-element elementor-element-168c8f6 elementor-widget elementor-widget-text-editor\" data-id=\"168c8f6\" data-element_type=\"widget\" data-e-type=\"widget\" data-widget_type=\"text-editor.default\">\n\t\t\t\t<div class=\"elementor-widget-container\">\n\t\t\t\t\t\t\t\t\t<p><strong>SinzerAD propose la gestion du d\u00e9partement informatique aux clients qui pr\u00e9f\u00e8rent d\u00e9l\u00e9guer enti\u00e8rement la gestion de leurs syst\u00e8mes d&rsquo;information.<\/strong><\/p>\n<p>Avec cette modalit\u00e9, SinzerAD est responsable de la planification strat\u00e9gique, tactique et op\u00e9rationnelle.<\/p>\n\t\t\t\t\t\t\t\t<\/div>\n\t\t\t\t<\/div>\n\t\t\t\t<\/div>\n\t\t\t\t\t<\/div>\n\t\t\t\t<\/div>\n\t\t<div class=\"elementor-element elementor-element-2307cfc e-flex e-con-boxed elementor-invisible e-con e-parent\" data-id=\"2307cfc\" data-element_type=\"container\" data-e-type=\"container\" data-settings=\"{&quot;animation&quot;:&quot;fadeInUp&quot;}\">\n\t\t\t\t\t<div class=\"e-con-inner\">\n\t\t\t\t<div class=\"elementor-element elementor-element-68f6713 elementor-widget__width-inherit elementor-widget elementor-widget-heading\" data-id=\"68f6713\" data-element_type=\"widget\" data-e-type=\"widget\" data-widget_type=\"heading.default\">\n\t\t\t\t<div class=\"elementor-widget-container\">\n\t\t\t\t\t<h2 class=\"elementor-heading-title elementor-size-default\">FAQ<\/h2>\t\t\t\t<\/div>\n\t\t\t\t<\/div>\n\t\t\t\t<div class=\"elementor-element elementor-element-41b1361 elementor-widget elementor-widget-accordion\" data-id=\"41b1361\" data-element_type=\"widget\" data-e-type=\"widget\" data-widget_type=\"accordion.default\">\n\t\t\t\t<div class=\"elementor-widget-container\">\n\t\t\t\t\t\t\t<div class=\"elementor-accordion\">\n\t\t\t\t\t\t\t<div class=\"elementor-accordion-item\">\n\t\t\t\t\t<div id=\"elementor-tab-title-6881\" class=\"elementor-tab-title\" data-tab=\"1\" role=\"button\" aria-controls=\"elementor-tab-content-6881\" aria-expanded=\"false\">\n\t\t\t\t\t\t\t\t\t\t\t\t\t<span class=\"elementor-accordion-icon elementor-accordion-icon-left\" aria-hidden=\"true\">\n\t\t\t\t\t\t\t\t\t\t\t\t\t\t\t<span class=\"elementor-accordion-icon-closed\"><svg class=\"e-font-icon-svg e-fas-plus\" viewBox=\"0 0 448 512\" xmlns=\"http:\/\/www.w3.org\/2000\/svg\"><path d=\"M416 208H272V64c0-17.67-14.33-32-32-32h-32c-17.67 0-32 14.33-32 32v144H32c-17.67 0-32 14.33-32 32v32c0 17.67 14.33 32 32 32h144v144c0 17.67 14.33 32 32 32h32c17.67 0 32-14.33 32-32V304h144c17.67 0 32-14.33 32-32v-32c0-17.67-14.33-32-32-32z\"><\/path><\/svg><\/span>\n\t\t\t\t\t\t\t\t<span class=\"elementor-accordion-icon-opened\"><svg class=\"e-font-icon-svg e-fas-minus\" viewBox=\"0 0 448 512\" xmlns=\"http:\/\/www.w3.org\/2000\/svg\"><path d=\"M416 208H32c-17.67 0-32 14.33-32 32v32c0 17.67 14.33 32 32 32h384c17.67 0 32-14.33 32-32v-32c0-17.67-14.33-32-32-32z\"><\/path><\/svg><\/span>\n\t\t\t\t\t\t\t\t\t\t\t\t\t\t<\/span>\n\t\t\t\t\t\t\t\t\t\t\t\t<a class=\"elementor-accordion-title\" tabindex=\"0\">Que sont les services g\u00e9r\u00e9s et comment peuvent-ils aider mon entreprise&nbsp;?<\/a>\n\t\t\t\t\t<\/div>\n\t\t\t\t\t<div id=\"elementor-tab-content-6881\" class=\"elementor-tab-content elementor-clearfix\" data-tab=\"1\" role=\"region\" aria-labelledby=\"elementor-tab-title-6881\"><p>Les services g\u00e9r\u00e9s sont des services informatiques fournis par un fournisseur externe charg\u00e9 de g\u00e9rer l&rsquo;infrastructure informatique (IT) de votre entreprise. Ces services peuvent aider votre entreprise \u00e0 r\u00e9duire ses co\u00fbts et \u00e0 am\u00e9liorer l\u2019efficacit\u00e9 de la gestion de son infrastructure informatique.   <\/p>\n<\/div>\n\t\t\t\t<\/div>\n\t\t\t\t\t\t\t<div class=\"elementor-accordion-item\">\n\t\t\t\t\t<div id=\"elementor-tab-title-6882\" class=\"elementor-tab-title\" data-tab=\"2\" role=\"button\" aria-controls=\"elementor-tab-content-6882\" aria-expanded=\"false\">\n\t\t\t\t\t\t\t\t\t\t\t\t\t<span class=\"elementor-accordion-icon elementor-accordion-icon-left\" aria-hidden=\"true\">\n\t\t\t\t\t\t\t\t\t\t\t\t\t\t\t<span class=\"elementor-accordion-icon-closed\"><svg class=\"e-font-icon-svg e-fas-plus\" viewBox=\"0 0 448 512\" xmlns=\"http:\/\/www.w3.org\/2000\/svg\"><path d=\"M416 208H272V64c0-17.67-14.33-32-32-32h-32c-17.67 0-32 14.33-32 32v144H32c-17.67 0-32 14.33-32 32v32c0 17.67 14.33 32 32 32h144v144c0 17.67 14.33 32 32 32h32c17.67 0 32-14.33 32-32V304h144c17.67 0 32-14.33 32-32v-32c0-17.67-14.33-32-32-32z\"><\/path><\/svg><\/span>\n\t\t\t\t\t\t\t\t<span class=\"elementor-accordion-icon-opened\"><svg class=\"e-font-icon-svg e-fas-minus\" viewBox=\"0 0 448 512\" xmlns=\"http:\/\/www.w3.org\/2000\/svg\"><path d=\"M416 208H32c-17.67 0-32 14.33-32 32v32c0 17.67 14.33 32 32 32h384c17.67 0 32-14.33 32-32v-32c0-17.67-14.33-32-32-32z\"><\/path><\/svg><\/span>\n\t\t\t\t\t\t\t\t\t\t\t\t\t\t<\/span>\n\t\t\t\t\t\t\t\t\t\t\t\t<a class=\"elementor-accordion-title\" tabindex=\"0\">Quels types de services sont offerts en gestion des infrastructures ?<\/a>\n\t\t\t\t\t<\/div>\n\t\t\t\t\t<div id=\"elementor-tab-content-6882\" class=\"elementor-tab-content elementor-clearfix\" data-tab=\"2\" role=\"region\" aria-labelledby=\"elementor-tab-title-6882\"><p>Les services de gestion de l\u2019infrastructure peuvent inclure la surveillance et la maintenance des serveurs, des r\u00e9seaux, des bases de donn\u00e9es, du stockage et de la s\u00e9curit\u00e9. De plus, ils peuvent fournir un support technique et aider \u00e0 r\u00e9soudre les probl\u00e8mes techniques.   <\/p>\n<\/div>\n\t\t\t\t<\/div>\n\t\t\t\t\t\t\t<div class=\"elementor-accordion-item\">\n\t\t\t\t\t<div id=\"elementor-tab-title-6883\" class=\"elementor-tab-title\" data-tab=\"3\" role=\"button\" aria-controls=\"elementor-tab-content-6883\" aria-expanded=\"false\">\n\t\t\t\t\t\t\t\t\t\t\t\t\t<span class=\"elementor-accordion-icon elementor-accordion-icon-left\" aria-hidden=\"true\">\n\t\t\t\t\t\t\t\t\t\t\t\t\t\t\t<span class=\"elementor-accordion-icon-closed\"><svg class=\"e-font-icon-svg e-fas-plus\" viewBox=\"0 0 448 512\" xmlns=\"http:\/\/www.w3.org\/2000\/svg\"><path d=\"M416 208H272V64c0-17.67-14.33-32-32-32h-32c-17.67 0-32 14.33-32 32v144H32c-17.67 0-32 14.33-32 32v32c0 17.67 14.33 32 32 32h144v144c0 17.67 14.33 32 32 32h32c17.67 0 32-14.33 32-32V304h144c17.67 0 32-14.33 32-32v-32c0-17.67-14.33-32-32-32z\"><\/path><\/svg><\/span>\n\t\t\t\t\t\t\t\t<span class=\"elementor-accordion-icon-opened\"><svg class=\"e-font-icon-svg e-fas-minus\" viewBox=\"0 0 448 512\" xmlns=\"http:\/\/www.w3.org\/2000\/svg\"><path d=\"M416 208H32c-17.67 0-32 14.33-32 32v32c0 17.67 14.33 32 32 32h384c17.67 0 32-14.33 32-32v-32c0-17.67-14.33-32-32-32z\"><\/path><\/svg><\/span>\n\t\t\t\t\t\t\t\t\t\t\t\t\t\t<\/span>\n\t\t\t\t\t\t\t\t\t\t\t\t<a class=\"elementor-accordion-title\" tabindex=\"0\">Pourquoi devriez-vous envisager de faire appel \u00e0 un service g\u00e9r\u00e9 plut\u00f4t que de g\u00e9rer mon infrastructure informatique en interne ?<\/a>\n\t\t\t\t\t<\/div>\n\t\t\t\t\t<div id=\"elementor-tab-content-6883\" class=\"elementor-tab-content elementor-clearfix\" data-tab=\"3\" role=\"region\" aria-labelledby=\"elementor-tab-title-6883\"><p>Les services g\u00e9r\u00e9s peuvent permettre de r\u00e9aliser des \u00e9conomies en r\u00e9duisant les d\u00e9penses consacr\u00e9es \u00e0 l\u2019infrastructure interne tout en fournissant un support technique et un d\u00e9pannage plus rapides et plus efficaces. De plus, ils peuvent donner acc\u00e8s \u00e0 des experts en technologie qui pourraient ne pas \u00eatre disponibles en interne.   <\/p>\n<\/div>\n\t\t\t\t<\/div>\n\t\t\t\t\t\t\t<div class=\"elementor-accordion-item\">\n\t\t\t\t\t<div id=\"elementor-tab-title-6884\" class=\"elementor-tab-title\" data-tab=\"4\" role=\"button\" aria-controls=\"elementor-tab-content-6884\" aria-expanded=\"false\">\n\t\t\t\t\t\t\t\t\t\t\t\t\t<span class=\"elementor-accordion-icon elementor-accordion-icon-left\" aria-hidden=\"true\">\n\t\t\t\t\t\t\t\t\t\t\t\t\t\t\t<span class=\"elementor-accordion-icon-closed\"><svg class=\"e-font-icon-svg e-fas-plus\" viewBox=\"0 0 448 512\" xmlns=\"http:\/\/www.w3.org\/2000\/svg\"><path d=\"M416 208H272V64c0-17.67-14.33-32-32-32h-32c-17.67 0-32 14.33-32 32v144H32c-17.67 0-32 14.33-32 32v32c0 17.67 14.33 32 32 32h144v144c0 17.67 14.33 32 32 32h32c17.67 0 32-14.33 32-32V304h144c17.67 0 32-14.33 32-32v-32c0-17.67-14.33-32-32-32z\"><\/path><\/svg><\/span>\n\t\t\t\t\t\t\t\t<span class=\"elementor-accordion-icon-opened\"><svg class=\"e-font-icon-svg e-fas-minus\" viewBox=\"0 0 448 512\" xmlns=\"http:\/\/www.w3.org\/2000\/svg\"><path d=\"M416 208H32c-17.67 0-32 14.33-32 32v32c0 17.67 14.33 32 32 32h384c17.67 0 32-14.33 32-32v-32c0-17.67-14.33-32-32-32z\"><\/path><\/svg><\/span>\n\t\t\t\t\t\t\t\t\t\t\t\t\t\t<\/span>\n\t\t\t\t\t\t\t\t\t\t\t\t<a class=\"elementor-accordion-title\" tabindex=\"0\">Comment puis-je m\u2019assurer que le fournisseur de services g\u00e9r\u00e9s que je choisis poss\u00e8de les comp\u00e9tences et l\u2019exp\u00e9rience n\u00e9cessaires pour g\u00e9rer mon infrastructure informatique ?<\/a>\n\t\t\t\t\t<\/div>\n\t\t\t\t\t<div id=\"elementor-tab-content-6884\" class=\"elementor-tab-content elementor-clearfix\" data-tab=\"4\" role=\"region\" aria-labelledby=\"elementor-tab-title-6884\"><p>Il est important de s\u00e9lectionner un fournisseur de services g\u00e9r\u00e9s qui poss\u00e8de de l\u2019exp\u00e9rience dans la gestion de l\u2019infrastructure informatique dans votre secteur. De plus, vous devez v\u00e9rifier les r\u00e9f\u00e9rences du fournisseur et demander des r\u00e9f\u00e9rences \u00e0 d\u2019anciens clients pour vous assurer qu\u2019ils poss\u00e8dent les comp\u00e9tences et l\u2019exp\u00e9rience n\u00e9cessaires. Vous pouvez \u00e9galement envisager de travailler avec des fournisseurs disposant de certifications sectorielles pertinentes.    <\/p>\n<\/div>\n\t\t\t\t<\/div>\n\t\t\t\t\t\t\t\t<\/div>\n\t\t\t\t\t\t<\/div>\n\t\t\t\t<\/div>\n\t\t\t\t\t<\/div>\n\t\t\t\t<\/div>\n\t\t\t\t<\/div>\n\t\t","protected":false},"excerpt":{"rendered":"<p>Services g\u00e9r\u00e9s et gestion de l&rsquo;infrastructure Nous prenons en charge la gestion de votre infrastructure et de vos r\u00e9seaux (physiques, hybrides ou cloud) et g\u00e9rons vos applications afin que vous puissiez vous concentrer sur ce qui ajoute r\u00e9ellement de la valeur \u00e0 votre entreprise. Ne vous souciez pas de la technologie pour vous concentrer sur [&hellip;]<\/p>\n","protected":false},"author":3,"featured_media":0,"parent":35475,"menu_order":0,"comment_status":"closed","ping_status":"closed","template":"elementor_header_footer","meta":{"_acf_changed":false,"footnotes":""},"class_list":["post-35491","page","type-page","status-publish","hentry"],"acf":[],"_links":{"self":[{"href":"https:\/\/www.sinzerad.com\/fr\/wp-json\/wp\/v2\/pages\/35491","targetHints":{"allow":["GET"]}}],"collection":[{"href":"https:\/\/www.sinzerad.com\/fr\/wp-json\/wp\/v2\/pages"}],"about":[{"href":"https:\/\/www.sinzerad.com\/fr\/wp-json\/wp\/v2\/types\/page"}],"author":[{"embeddable":true,"href":"https:\/\/www.sinzerad.com\/fr\/wp-json\/wp\/v2\/users\/3"}],"replies":[{"embeddable":true,"href":"https:\/\/www.sinzerad.com\/fr\/wp-json\/wp\/v2\/comments?post=35491"}],"version-history":[{"count":0,"href":"https:\/\/www.sinzerad.com\/fr\/wp-json\/wp\/v2\/pages\/35491\/revisions"}],"up":[{"embeddable":true,"href":"https:\/\/www.sinzerad.com\/fr\/wp-json\/wp\/v2\/pages\/35475"}],"wp:attachment":[{"href":"https:\/\/www.sinzerad.com\/fr\/wp-json\/wp\/v2\/media?parent=35491"}],"curies":[{"name":"wp","href":"https:\/\/api.w.org\/{rel}","templated":true}]}}